{"id":49757,"date":"2024-02-29T13:17:00","date_gmt":"2024-02-29T11:17:00","guid":{"rendered":"https:\/\/moskos.eu\/moskos-kohta\/"},"modified":"2026-03-17T14:08:21","modified_gmt":"2026-03-17T12:08:21","slug":"moskos-kohta","status":"publish","type":"page","link":"https:\/\/moskos.eu\/et\/moskos-kohta\/","title":{"rendered":"MosKos KOHTA"},"content":{"rendered":"\n<div class=\"wp-block-greenshift-blocks-row alignfull gspb_row gspb_row-id-gsbp-de11d1b\" id=\"gspb_row-id-gsbp-de11d1b\"><div class=\"gspb_row__content\"> \n<div class=\"wp-block-greenshift-blocks-row-column gspb_row__col--12 gspb_col-id-gsbp-87fcbcc\" id=\"gspb_col-id-gsbp-87fcbcc\">\n<h1 id=\"gspb_heading-id-gsbp-7c3c0dd\" class=\"gspb_heading gspb_heading-id-gsbp-7c3c0dd \">MosKos KOHTA<\/h1>\n<\/div>\n <\/div><\/div>\n\n<div class=\"wp-block-greenshift-blocks-row gspb_row gspb_row-id-gsbp-72c5cb2\" id=\"gspb_row-id-gsbp-72c5cb2\"><div class=\"gspb_row__content\"> \n<div class=\"wp-block-greenshift-blocks-row-column gspb_row__col--6 gspb_row__col--md-12 gspb_col-id-gsbp-de1ce14\" id=\"gspb_col-id-gsbp-de1ce14\">\n<div id=\"gspb_text-id-gsbp-4ea3a9e\" class=\"gspb_text gspb_text-id-gsbp-4ea3a9e \">L\u00f5hnad saadavad meid s\u00fcnnihetkest alates \u2013 nende abil tajume keskkonda ja enda \u00fcmber olevaid l\u00e4hedasi. Tunnetades l\u00f5hna saame teada, kas meile pakutav toit on maitsev ja v\u00e4rske, kas meie k\u00f5rval olev inimene on meeldiv ning kas viibime turvalises ja puhtas keskkonnas. L\u00f5hnad saadavad meid l\u00e4bi elu, loovad muljeid ja j\u00e4\u00e4dvustavad m\u00e4lestusi.  <br\/><br\/>Nad v\u00f5ivad tekitada nostalgiat, meenutades meile hetki, mil oleme kogenud armastust, p\u00f5nevust, igatsust, kirge, kurbust, rahu ja k\u00f5iki teisi inimestele omaseid emotsioone, mida me alateadlikult seostame teatud l\u00f5hnaga.<br\/><br\/>Huvitav on see, et inimene m\u00e4letab koguni umbes 35% l\u00f5hnadest, kuid vaid 5% visuaalidest.<br\/><br\/>MosKos \u2013 see pole lihtsalt j\u00e4rjekordne parf\u00fc\u00fcm. Need on aroomid, mis \u00e4ratavad m\u00e4lestusi ja aitavad edasi jutustada iga inimese oman\u00e4olist lugu. Luba meil, MosKos loojatel, saata Sind erakordsete, ainulaadsete ja inspireerivate aroomide maailma. Loome Sinuga koos t\u00f5eliselt autentse ja ehtsa loo.   <\/div>\n\n\n\n<div class=\"gspb_button_wrapper gspb_button-id-gsbp-280685b\" id=\"gspb_button-id-gsbp-280685b\"><a class=\"wp-block-greenshift-blocks-buttonbox gspb-buttonbox wp-element-button\" href=\"https:\/\/moskos.eu\/et\/kontaktid\/\" rel=\"noopener\"><span class=\"gspb-buttonbox-textwrap\"><span class=\"gspb-buttonbox-text\"><span class=\"gspb-buttonbox-title\">V\u00d5TA MEIEGA \u00dcHENDUST<\/span><\/span><\/span><\/a><\/div>\n<\/div>\n\n\n\n<div class=\"wp-block-greenshift-blocks-row-column gspb_row__col--6 gspb_row__col--md-12 gspb_col-id-gsbp-f7b33ca\" id=\"gspb_col-id-gsbp-f7b33ca\">\n<div class=\"wp-block-greenshift-blocks-image gspb_image gspb_image-id-gsbp-38ff7e8\" id=\"gspb_image-id-gsbp-38ff7e8\"><img decoding=\"async\" src=\"https:\/\/moskos.eu\/wp-content\/uploads\/2024\/11\/image_123650291.jpg\" data-src=\"\" alt=\"\" loading=\"lazy\" width=\"1200\" height=\"1200\"><\/div>\n<\/div>\n <\/div><\/div>\n\n<div class=\"wp-block-greenshift-blocks-row alignfull gspb_row gspb_row-id-gsbp-4bab30d\" id=\"gspb_row-id-gsbp-4bab30d\"><div class=\"gspb_row__content\"> \n<div class=\"wp-block-greenshift-blocks-row-column gspb_row__col--8 gspb_row__col--md-12 gspb_col-id-gsbp-6358eb1\" id=\"gspb_col-id-gsbp-6358eb1\">\n<div class=\"wp-block-greenshift-blocks-video gs-video video gspb_video-id-gsbp-520414e\" id=\"gs-video-gsbp-520414e\"><div class=\"gs-video-wrapper\" itemscope=\"\"><div class=\"gs-video-element\" data-src=\"https:\/\/moskos.eu\/wp-content\/uploads\/2025\/01\/MosKos-16x9_new-1.mp4\" data-autoplay=\"false\" data-playsinline=\"false\" data-controls=\"true\" data-loop=\"false\" data-mute=\"false\" data-poster=\"https:\/\/moskos.eu\/wp-content\/uploads\/2025\/01\/Screenshot-2025-01-28-at-23.18.22.png\" data-provider=\"video\" data-overlay=\"false\" data-lightbox=\"false\"><\/div><\/div><\/div>\n<\/div>\n\n\n\n<div class=\"wp-block-greenshift-blocks-row-column gspb_row__col--4 gspb_row__col--md-12 gspb_col-id-gsbp-0ed8137\" id=\"gspb_col-id-gsbp-0ed8137\">\n<h2 id=\"gspb_heading-id-gsbp-119b496\" class=\"gspb_heading gspb_heading-id-gsbp-119b496 \">Tutvu MosKos looga esmaallikast.<\/h2>\n\n\n\n<p>Luba MosKos loojatel r\u00e4\u00e4kida Sulle l\u00f5hnade maailmast, mis on meie parf\u00fc\u00fcme inspireerinud. Selles videos tutvustame, kuidas luuakse unikaalsed aroomid, millised lood peituvad iga l\u00f5hna taga ja mis inspireerib meid looma midagi, mis j\u00e4tab p\u00fcsiva mulje.<\/p>\n\n\n\n<p>Vaata videot ja avasta MosKos filosoofia \u2013 <strong><strong>see pole lihtsalt parf\u00fc\u00fcm, see on kunst, elu ja Sinu enda lugu.<\/strong><\/strong><\/p>\n<\/div>\n <\/div><\/div>\n\n<div class=\"wp-block-greenshift-blocks-row alignfull gspb_row gspb_row-id-gsbp-c470339\" id=\"gspb_row-id-gsbp-c470339\"><div class=\"gspb_row__content\"> \n<div class=\"wp-block-greenshift-blocks-row-column gspb_row__col--6 gspb_row__col--md-12 gspb_col-id-gsbp-cf0e7de\" id=\"gspb_col-id-gsbp-cf0e7de\">\n<p id=\"gspb_heading-id-gsbp-4b08c7d\" class=\"gspb_heading gspb_heading-id-gsbp-4b08c7d \">MosKos parf\u00fc\u00fcmid loovad m\u00e4lestusi Sinu loole, mis algab n\u00fc\u00fcd<\/p>\n\n\n\n<p>Vali kaheteistk\u00fcmne Leedus loodud aroomi hulgast. Need on eksklusiivsed, 100% looduslikud parf\u00fc\u00fcmid, mis p\u00fcsivad nahal kaua. MosKos parf\u00fc\u00fcmid ei hellita ainult Sinu l\u00f5hnameelt, vaid rahustavad ka meelt ja m\u00f5tteid. Proovi ja veendu ise! Kaksteist erinevat parf\u00fc\u00fcmi nii meestele, kui ka naistele, kes hindavad unisex l\u00f5hnu. Tutvu nende l\u00f5hnade lugudega ja saa osaks nendest.<\/p>\n\n\n\n<div class=\"gspb_button_wrapper gspb_button-id-gsbp-5be2c7c\" id=\"gspb_button-id-gsbp-5be2c7c\"><a class=\"wp-block-greenshift-blocks-buttonbox gspb-buttonbox wp-element-button\" href=\"https:\/\/moskos.eu\/et\/pood\/\" rel=\"noopener\"><span class=\"gspb-buttonbox-textwrap\"><span class=\"gspb-buttonbox-text\"><span class=\"gspb-buttonbox-title\">VAATA<\/span><\/span><\/span><\/a><\/div>\n<\/div>\n\n\n\n<div class=\"wp-block-greenshift-blocks-row-column gspb_row__col--6 gspb_row__col--md-12 gspb_col-id-gsbp-c10a938\" id=\"gspb_col-id-gsbp-c10a938\">\n<div class=\"wp-block-greenshift-blocks-image gspb_image gspb_image-id-gsbp-9c2700c\" id=\"gspb_image-id-gsbp-9c2700c\"><img decoding=\"async\" src=\"https:\/\/moskos.eu\/wp-content\/uploads\/2024\/11\/testeriai.jpg\" data-src=\"\" alt=\"testijad\" loading=\"lazy\" width=\"2048\" height=\"1363\"><\/div>\n<\/div>\n <\/div><\/div>\n","protected":false},"excerpt":{"rendered":"","protected":false},"author":1,"featured_media":0,"parent":0,"menu_order":0,"comment_status":"closed","ping_status":"closed","template":"","meta":{"_acf_changed":false,"_gspb_post_css":"#gspb_row-id-gsbp-de11d1b{justify-content:space-between;margin-bottom:0;display:flex;flex-wrap:wrap;min-height:300px;margin-top:-60px;background-color:#f2f2f2}#gspb_row-id-gsbp-de11d1b>.gspb_row__content{display:flex;justify-content:space-between;margin:0 auto;width:100%;flex-wrap:wrap}div[id^=gspb_col-id]{box-sizing:border-box;position:relative;padding:var(--gs-row-column-padding, 15px min(3vw, 20px))}@media (max-width:991.98px){#gspb_row-id-gsbp-de11d1b{background-color:#f2f2f2}}@media (max-width:767.98px){#gspb_row-id-gsbp-de11d1b{background-color:#f2f2f2}}@media (max-width:575.98px){#gspb_row-id-gsbp-de11d1b{background-color:#f2f2f2}}#gspb_col-id-gsbp-87fcbcc.gspb_row__col--12{width:100%}@media (max-width:575.98px){#gspb_col-id-gsbp-87fcbcc.gspb_row__col--12{width:100%}}body #gspb_col-id-gsbp-0ed8137.gspb_row__col--4,body #gspb_col-id-gsbp-87fcbcc.gspb_row__col--12,body #gspb_col-id-gsbp-cf0e7de.gspb_row__col--6{display:flex;flex-direction:column;justify-content:center}#gspb_heading-id-gsbp-7c3c0dd{font-size:42px;font-weight:500!important}@media (max-width:991.98px){#gspb_heading-id-gsbp-7c3c0dd{font-weight:500!important}}@media (max-width:767.98px){#gspb_heading-id-gsbp-7c3c0dd{font-weight:500!important}}@media (max-width:575.98px){#gspb_heading-id-gsbp-7c3c0dd{font-weight:500!important}}#gspb_row-id-gsbp-72c5cb2{justify-content:space-between;margin-top:0;display:flex;flex-wrap:wrap;align-content:center;margin-bottom:0}#gspb_row-id-gsbp-72c5cb2>.gspb_row__content{display:flex;justify-content:space-between;margin:0 auto;width:100%;flex-wrap:wrap;align-items:center}body.gspb-bodyfront #gspb_row-id-gsbp-72c5cb2>.gspb_row__content,body.gspb-bodyfront #gspb_row-id-gsbp-de11d1b>.gspb_row__content{width:var(--theme-container-width, 1200px);max-width:var(--theme-normal-container-max-width, 1200px)}#gspb_col-id-gsbp-de1ce14.gspb_row__col--6{width:50%}@media (max-width:991.98px){#gspb_col-id-gsbp-de1ce14.gspb_row__col--6{width:100%}}@media (max-width:575.98px){#gspb_col-id-gsbp-de1ce14.gspb_row__col--6{width:100%}}@media (max-width:991.98px){#gspb_col-id-gsbp-de1ce14.gspb_row__col--6{order:2}}#gspb_button-id-gsbp-280685b{display:flex;justify-content:flex-start}#gspb_button-id-gsbp-280685b .gspb-buttonbox-text{display:flex;flex-direction:column}#gspb_button-id-gsbp-280685b>.gspb-buttonbox{box-sizing:border-box;margin-top:32px;background-color:var(--wp--preset--color--palette-color-8, var(--theme-palette-color-8, #ffffff))}@media (max-width:991.98px){#gspb_button-id-gsbp-280685b>.gspb-buttonbox{background-color:var(--wp--preset--color--palette-color-8, var(--theme-palette-color-8, #ffffff))}}@media (max-width:767.98px){#gspb_button-id-gsbp-280685b>.gspb-buttonbox{background-color:var(--wp--preset--color--palette-color-8, var(--theme-palette-color-8, #ffffff))}}@media (max-width:575.98px){#gspb_button-id-gsbp-280685b>.gspb-buttonbox{background-color:var(--wp--preset--color--palette-color-8, var(--theme-palette-color-8, #ffffff))}}#gspb_button-id-gsbp-280685b>.gspb-buttonbox:hover{background-color:var(--wp--preset--color--palette-color-4, var(--theme-palette-color-4, #0A0A0A))}@media (max-width:991.98px){#gspb_button-id-gsbp-280685b>.gspb-buttonbox:hover{background-color:var(--wp--preset--color--palette-color-4, var(--theme-palette-color-4, #0A0A0A))}}@media (max-width:767.98px){#gspb_button-id-gsbp-280685b>.gspb-buttonbox:hover{background-color:var(--wp--preset--color--palette-color-4, var(--theme-palette-color-4, #0A0A0A))}}@media (max-width:575.98px){#gspb_button-id-gsbp-280685b>.gspb-buttonbox:hover{background-color:var(--wp--preset--color--palette-color-4, var(--theme-palette-color-4, #0A0A0A))}}#gspb_button-id-gsbp-280685b>.gspb-buttonbox{color:var(--wp--preset--color--palette-color-4, var(--theme-palette-color-4, #0A0A0A));border-style:solid;border-width:1px;border-color:var(--wp--preset--color--palette-color-4, var(--theme-palette-color-4, #0A0A0A))}#gspb_button-id-gsbp-280685b>.gspb-buttonbox:hover{color:var(--wp--preset--color--palette-color-8, var(--theme-palette-color-8, #ffffff))}#gspb_col-id-gsbp-f7b33ca.gspb_row__col--6{width:50%}@media (max-width:991.98px){#gspb_col-id-gsbp-f7b33ca.gspb_row__col--6{width:100%}}@media (max-width:575.98px){#gspb_col-id-gsbp-f7b33ca.gspb_row__col--6{width:100%}}@media (max-width:991.98px){#gspb_col-id-gsbp-f7b33ca.gspb_row__col--6{order:1}}#gspb_image-id-gsbp-38ff7e8 img{object-fit:cover;vertical-align:top;display:inline-block;box-sizing:border-box;max-width:100%;height:auto;aspect-ratio:4\/5}#gspb_image-id-gsbp-38ff7e8{margin-top:-200px}@media (max-width:991.98px){#gspb_image-id-gsbp-38ff7e8{margin-top:-60px}}@media (max-width:991.98px){#gspb_image-id-gsbp-38ff7e8 img{aspect-ratio:4\/5}}@media (max-width:767.98px){#gspb_image-id-gsbp-38ff7e8 img{aspect-ratio:4\/5}}@media (max-width:575.98px){#gspb_image-id-gsbp-38ff7e8 img{aspect-ratio:4\/5}}#gspb_row-id-gsbp-4bab30d{justify-content:space-between;display:flex;flex-wrap:wrap;margin-top:40px;margin-bottom:60px}#gspb_row-id-gsbp-4bab30d>.gspb_row__content{display:flex;justify-content:space-between;margin:0 auto;width:100%;flex-wrap:wrap;max-width:1440px}@media (max-width:991.98px){#gspb_row-id-gsbp-4bab30d{margin-top:0}}#gspb_col-id-gsbp-6358eb1.gspb_row__col--8{width:66.66666666666667%}@media (max-width:991.98px){#gspb_col-id-gsbp-6358eb1.gspb_row__col--8{width:100%}}@media (max-width:575.98px){#gspb_col-id-gsbp-6358eb1.gspb_row__col--8{width:100%}}.gs-video{position:relative}.gs-video-wrapper{position:relative;height:inherit;max-width:100%}.gs-video-header{text-align:center}.gs-video-header .gs-video-header-title{font-size:24px;line-height:1.3;font-weight:700;margin:0 0 15px}.gs-video-header .gs-video-header-description{font-size:16px;line-height:1.5;margin:0 0 25px}.gs-video video{display:block}.gs-video .gs-video-element,.gs-video .gs-video-wrapper iframe{width:100%;height:100%;object-fit:cover;border:0}.gs-video .gs-video-wrapper iframe{aspect-ratio:16\/9;display:block}.gs-video-overlay{position:absolute;left:0;top:0;width:100%;height:100%;z-index:3;background-color:rgba(0,0,0,.1);background-size:cover;background-position:center;background-repeat:no-repeat;cursor:pointer}.gs-video-overlay .gs-overlay-color{position:absolute;left:0;top:0;width:100%;height:100%;z-index:2}.gs-video-overlay:hover .gs-play-icon{opacity:1}.gs-video-popup .slbContentOuter{width:100%;max-width:1000px}.gs-video-popup .slbContentOuter .slbContent iframe,.gs-video-popup .slbContentOuter .slbContent video{width:100%;height:100%;object-fit:cover}.gs-video-popup .slbContentOuter .slbContent iframe{aspect-ratio:16\/9}.gs-video-popup .slbCloseBtn{font-size:30px;width:40px;height:40px;line-height:40px;right:0;top:-50px}#gspb_col-id-gsbp-0ed8137.gspb_row__col--4{width:33.333333333333336%}@media (max-width:991.98px){#gspb_col-id-gsbp-0ed8137.gspb_row__col--4{width:100%}}@media (max-width:575.98px){#gspb_col-id-gsbp-0ed8137.gspb_row__col--4{width:100%}.gspb_row #gspb_col-id-gsbp-0ed8137.gspb_row__col--4{padding-right:20px;padding-left:20px}}#gspb_heading-id-gsbp-119b496{text-transform:uppercase}#gspb_row-id-gsbp-c470339{justify-content:space-between;margin-top:0;display:flex;flex-wrap:wrap;margin-bottom:-50px;padding-top:60px;padding-bottom:60px}#gspb_row-id-gsbp-c470339>.gspb_row__content{display:flex;justify-content:space-between;margin:0 auto;width:100%;flex-wrap:wrap;max-width:1754px}.gspb_row{position:relative}@media (max-width:991.98px){#gspb_row-id-gsbp-c470339{padding-top:0}}#gspb_row-id-gsbp-c470339{background-color:#f2f2f2}@media (max-width:991.98px){#gspb_row-id-gsbp-c470339{background-color:#f2f2f2}}@media (max-width:767.98px){#gspb_row-id-gsbp-c470339{background-color:#f2f2f2}}@media (max-width:575.98px){#gspb_row-id-gsbp-c470339{background-color:#f2f2f2}}#gspb_col-id-gsbp-cf0e7de.gspb_row__col--6{width:50%}@media (max-width:991.98px){#gspb_col-id-gsbp-cf0e7de.gspb_row__col--6{width:100%}}@media (max-width:575.98px){#gspb_col-id-gsbp-cf0e7de.gspb_row__col--6{width:100%}.gspb_row #gspb_col-id-gsbp-cf0e7de.gspb_row__col--6{padding-right:20px;padding-left:20px}}body #gspb_col-id-gsbp-cf0e7de.gspb_row__col--6{align-items:flex-start}#gspb_heading-id-gsbp-4b08c7d{text-transform:uppercase;font-size:28px}@media (max-width:575.98px){#gspb_heading-id-gsbp-4b08c7d{line-height:32px}}#gspb_heading-id-gsbp-4b08c7d{font-weight:500!important}@media (max-width:991.98px){#gspb_heading-id-gsbp-4b08c7d{font-weight:500!important}}@media (max-width:767.98px){#gspb_heading-id-gsbp-4b08c7d{font-weight:500!important}}@media (max-width:575.98px){#gspb_heading-id-gsbp-4b08c7d{font-weight:500!important}}#gspb_button-id-gsbp-5be2c7c{display:flex;justify-content:flex-start}#gspb_button-id-gsbp-5be2c7c .gspb-buttonbox-text{display:flex;flex-direction:column}#gspb_button-id-gsbp-5be2c7c>.gspb-buttonbox{box-sizing:border-box;margin-top:32px;background-color:#ffffff00}@media (max-width:991.98px){#gspb_button-id-gsbp-5be2c7c>.gspb-buttonbox{background-color:#ffffff00}}@media (max-width:767.98px){#gspb_button-id-gsbp-5be2c7c>.gspb-buttonbox{background-color:#ffffff00}}@media (max-width:575.98px){#gspb_button-id-gsbp-5be2c7c>.gspb-buttonbox{background-color:#ffffff00}}#gspb_button-id-gsbp-5be2c7c>.gspb-buttonbox:hover{background-color:var(--wp--preset--color--palette-color-4, var(--theme-palette-color-4, #0A0A0A))}@media (max-width:991.98px){#gspb_button-id-gsbp-5be2c7c>.gspb-buttonbox:hover{background-color:var(--wp--preset--color--palette-color-4, var(--theme-palette-color-4, #0A0A0A))}}@media (max-width:767.98px){#gspb_button-id-gsbp-5be2c7c>.gspb-buttonbox:hover{background-color:var(--wp--preset--color--palette-color-4, var(--theme-palette-color-4, #0A0A0A))}}@media (max-width:575.98px){#gspb_button-id-gsbp-5be2c7c>.gspb-buttonbox:hover{background-color:var(--wp--preset--color--palette-color-4, var(--theme-palette-color-4, #0A0A0A))}}#gspb_button-id-gsbp-5be2c7c>.gspb-buttonbox{color:var(--wp--preset--color--palette-color-4, var(--theme-palette-color-4, #0A0A0A));border-style:solid;border-width:1px;border-color:var(--wp--preset--color--palette-color-4, var(--theme-palette-color-4, #0A0A0A))}#gspb_button-id-gsbp-5be2c7c>.gspb-buttonbox:hover{color:var(--wp--preset--color--palette-color-8, var(--theme-palette-color-8, #ffffff))}#gspb_col-id-gsbp-c10a938.gspb_row__col--6{width:50%}@media (max-width:991.98px){#gspb_col-id-gsbp-c10a938.gspb_row__col--6{width:100%}}@media (max-width:575.98px){#gspb_col-id-gsbp-c10a938.gspb_row__col--6{width:100%}}#gspb_image-id-gsbp-9c2700c img{object-fit:fill;vertical-align:top;display:inline-block;box-sizing:border-box;max-width:100%;height:auto;aspect-ratio:5\/3}@media (max-width:991.98px){#gspb_image-id-gsbp-9c2700c img{aspect-ratio:5\/3}}@media (max-width:767.98px){#gspb_image-id-gsbp-9c2700c img{aspect-ratio:5\/3}}@media (max-width:575.98px){#gspb_image-id-gsbp-9c2700c img{aspect-ratio:5\/3}}","footnotes":""},"class_list":["post-49757","page","type-page","status-publish","hentry"],"blocksy_meta":{"has_hero_section":"disabled","styles_descriptor":{"styles":{"desktop":"","tablet":"","mobile":""},"google_fonts":[],"version":6}},"acf":[],"_links":{"self":[{"href":"https:\/\/moskos.eu\/et\/wp-json\/wp\/v2\/pages\/49757","targetHints":{"allow":["GET"]}}],"collection":[{"href":"https:\/\/moskos.eu\/et\/wp-json\/wp\/v2\/pages"}],"about":[{"href":"https:\/\/moskos.eu\/et\/wp-json\/wp\/v2\/types\/page"}],"author":[{"embeddable":true,"href":"https:\/\/moskos.eu\/et\/wp-json\/wp\/v2\/users\/1"}],"replies":[{"embeddable":true,"href":"https:\/\/moskos.eu\/et\/wp-json\/wp\/v2\/comments?post=49757"}],"version-history":[{"count":14,"href":"https:\/\/moskos.eu\/et\/wp-json\/wp\/v2\/pages\/49757\/revisions"}],"predecessor-version":[{"id":52367,"href":"https:\/\/moskos.eu\/et\/wp-json\/wp\/v2\/pages\/49757\/revisions\/52367"}],"wp:attachment":[{"href":"https:\/\/moskos.eu\/et\/wp-json\/wp\/v2\/media?parent=49757"}],"curies":[{"name":"wp","href":"https:\/\/api.w.org\/{rel}","templated":true}]}}