{"id":49925,"date":"2024-02-29T14:34:20","date_gmt":"2024-02-29T12:34:20","guid":{"rendered":"https:\/\/moskos.eu\/kohaletoimetamise-poliitika\/"},"modified":"2026-03-12T11:31:25","modified_gmt":"2026-03-12T09:31:25","slug":"kohaletoimetamise-poliitika","status":"publish","type":"page","link":"https:\/\/moskos.eu\/et\/kohaletoimetamise-poliitika\/","title":{"rendered":"KOHALETOIMETAMISE POLIITIKA"},"content":{"rendered":"\n<ol>\n<li>Kaupade tellimisel v\u00f5ib Ostja valida tarneviisi, st kasutada M\u00fc\u00fcja pakutavat kohaletoimetamise teenust.<\/li>\n<li>Kauba kohaletoimetamine Ostjale:\n<ul>\n<li>Ostja, kes on tellimuse vormistamisel valinud kauba kohaletoimetamise teenuse, kohustub m\u00e4rkima t\u00e4pse tarneaadressi.<\/li>\n<li>Ostja kohustub kauba ise vastu v\u00f5tma. Juhul, kui Ostja pole v\u00f5imeline kaupa ise vastu v\u00f5tma ja kaup toimetatakse Ostja poolt esitatud aadressile ja teiste Ostja poolt esitatud andmetele tuginedes, ei ole Ostjal \u00f5igust esitada M\u00fc\u00fcjale pretensioone kauba toimetamise kohta eba\u00f5igele isikule. <\/li>\n<li>Kaupa toimetab kohale M\u00fc\u00fcja volitatud esindaja v\u00f5i kullerteenus.<\/li>\n<li>Eestis saate toodete kohaletoimetamiseks valida Omniva pakiautomaadid.<br\/>Tarneaeg on keskmiselt 1\u20133 t\u00f6\u00f6p\u00e4eva.<br\/>\u00dcle 50 \u20ac ostu puhul on saatmine tasuta.<\/li>\n<li>Kauba kohaletoimetamine (transport) Eesti Vabariigi territooriumil on tasuline.<\/li>\n<li>Kaupa tarnitakse Eesti Vabariigi territooriumile ja Euroopa Liidu riikidesse. Muudes riikides toimub kauba kohaletoimetamine eraldi kokkuleppel ja eraldi kokkulepitud kohaletoimetamishinna alusel, enamasti kasutatakse Leedu Posti teenuseid. <\/li>\n<\/ul>\n<\/li>\n<\/ol>\n<ol start=\"3\">\n<li>M\u00fc\u00fcja tarnib kauba Ostjale vastavalt tootekirjeldustes m\u00e4rgitud t\u00e4htajaks. M\u00e4rgitud t\u00e4htajad on ligikaudsed ega kehti juhul, kui M\u00fc\u00fcja laos puudub vajalik kaup ning Ostjat on sellest teavitatud. K\u00e4esolevaga n\u00f5ustub Ostja, et erandjuhtudel v\u00f5ib kauba kohaletoimetamine viibida M\u00fc\u00fcja poolt s\u00f5ltumatute asjaolude t\u00f5ttu. Sellisel juhul kohustub M\u00fc\u00fcja viivitamatult Ostjaga \u00fchendust v\u00f5tma ja kokku leppima uued kauba kohaletoimetamise tingimused.   <\/li>\n<\/ol>\n\n\n\n<p><\/p>\n","protected":false},"excerpt":{"rendered":"<p>Kaupade tellimisel v\u00f5ib Ostja valida tarneviisi, st kasutada M\u00fc\u00fcja pakutavat kohaletoimetamise teenust. Kauba kohaletoimetamine Ostjale: Ostja, kes on tellimuse vormistamisel valinud kauba kohaletoimetamise teenuse, kohustub m\u00e4rkima t\u00e4pse tarneaadressi. Ostja kohustub kauba ise vastu v\u00f5tma. Juhul, kui Ostja pole v\u00f5imeline kaupa ise vastu v\u00f5tma ja kaup toimetatakse Ostja poolt esitatud aadressile ja teiste Ostja poolt esitatud [&hellip;]<\/p>\n","protected":false},"author":1,"featured_media":0,"parent":0,"menu_order":0,"comment_status":"closed","ping_status":"closed","template":"","meta":{"_acf_changed":false,"_gspb_post_css":"","footnotes":""},"class_list":["post-49925","page","type-page","status-publish","hentry"],"blocksy_meta":[],"acf":[],"_links":{"self":[{"href":"https:\/\/moskos.eu\/et\/wp-json\/wp\/v2\/pages\/49925","targetHints":{"allow":["GET"]}}],"collection":[{"href":"https:\/\/moskos.eu\/et\/wp-json\/wp\/v2\/pages"}],"about":[{"href":"https:\/\/moskos.eu\/et\/wp-json\/wp\/v2\/types\/page"}],"author":[{"embeddable":true,"href":"https:\/\/moskos.eu\/et\/wp-json\/wp\/v2\/users\/1"}],"replies":[{"embeddable":true,"href":"https:\/\/moskos.eu\/et\/wp-json\/wp\/v2\/comments?post=49925"}],"version-history":[{"count":2,"href":"https:\/\/moskos.eu\/et\/wp-json\/wp\/v2\/pages\/49925\/revisions"}],"predecessor-version":[{"id":50059,"href":"https:\/\/moskos.eu\/et\/wp-json\/wp\/v2\/pages\/49925\/revisions\/50059"}],"wp:attachment":[{"href":"https:\/\/moskos.eu\/et\/wp-json\/wp\/v2\/media?parent=49925"}],"curies":[{"name":"wp","href":"https:\/\/api.w.org\/{rel}","templated":true}]}}