{"id":49952,"date":"2024-03-01T15:14:14","date_gmt":"2024-03-01T13:14:14","guid":{"rendered":"https:\/\/moskos.eu\/privaatsus-ja-ostupoliitika\/"},"modified":"2026-03-12T11:37:10","modified_gmt":"2026-03-12T09:37:10","slug":"privaatsus-ja-ostupoliitika","status":"publish","type":"page","link":"https:\/\/moskos.eu\/et\/privaatsus-ja-ostupoliitika\/","title":{"rendered":"Privaatsus- ja ostupoliitika"},"content":{"rendered":"\n<ol>\n<li>K\u00e4esolevad kaupade ostu-m\u00fc\u00fcgitingimused (edaspidi \u201eTingimused\u201c), p\u00e4rast nende kinnitamist Ostja poolt (olles Tingimustega tutvunud ning m\u00e4rkides linnukese kastis lause juures \u201eOlen lugenud ja n\u00f5ustun moskos.eu tingimustega\u201d), on poolte jaoks seaduslikult siduv dokument, milles on s\u00e4testatud Ostja ja M\u00fc\u00fcja \u00f5igused ja kohustused, kaupade ostu- ja maksetingimused, kauba k\u00e4ttetoimetamise ja tagastamise kord, poolte vastutus ja muud s\u00e4tted, mis on seotud kauba ostu ja m\u00fc\u00fcgiga moskos.eu veebipoes.<\/li>\n<li>M\u00fc\u00fcjal on \u00f5igus Tingimusi igal ajal muuta, parandada v\u00f5i t\u00e4iendada, v\u00f5ttes arvesse \u00f5igusaktidega kehtestatud n\u00f5udeid. K\u00f5igist muudatustest, parandustest v\u00f5i t\u00e4iendustest teavitatakse registreeritud Ostjat moskos.eu lehele sisselogimisel ning kui ta soovib selles veebipoes oste sooritada, peab ta muudetud Tingimused uuesti kinnitama. <\/li>\n<li>Veebipood moskos.eu m\u00fc\u00fcb oma tooteid \u00fcle kogu maailma.<\/li>\n<li>Meie veebipoes on ostlemis\u00f5igus j\u00e4rgmistel isikutel:\n<ul>\n<li>f\u00fc\u00fcsilised isikud, st isikud, kes on saavutanud t\u00e4isea ja kelle teov\u00f5imet ei ole kohtuotsusega piiratud;<\/li>\n<li>neljateist- kuni kaheksateistaastased alaealised isikud ainult vanemate v\u00f5i eestkostjate n\u00f5usolekul, v\u00e4lja arvatud juhul, kui nad k\u00e4sutavad oma sissetulekut iseseisvalt;<\/li>\n<li>juriidilised isikud;<\/li>\n<li>k\u00f5igi \u00fclalnimetatud isikute volitatud esindajad.<\/li>\n<\/ul>\n<\/li>\n<li>Tingimustega n\u00f5ustudes kinnitab Ostja, et ta kohustub neist kinni pidama ning tal on \u00f5igus osta kaupu moskos.eu veebipoest.<\/li>\n<li>Kaubam\u00e4rk MOSKOS ja selle visuaalsed elemendid on patenteeritud Euroopa Liidu Patendiametis, seega kaubam\u00e4rgi kasutamine ilma kirjaliku n\u00f5usolekuta loetakse seaduse rikkumiseks ja on karistatav.<\/li>\n<li>Veebipoodi moskos.eu haldav M\u00fc\u00fcja on MB MOSKOS (juriidilise isiku kood 305999227). M\u00fc\u00fcja austab veebipoe Ostjate (st isikuid, kes on ostnud kaupu veebipoest moskos.eu) ja k\u00f5iki teisi veebilehel moskos.eu registreeritud isikute (st olenemata sellest, kas need registreeritud isikud on Ostjad v\u00f5i mitte) (edaspidi \u201eAndmesubjekt\u201c) privaatsust ning t\u00f6\u00f6tleb Andmesubjekti isikuandmeid \u00f5igusaktides s\u00e4testatud korras. <\/li>\n<li>M\u00fc\u00fcja t\u00f6\u00f6tleb Andmesubjekti isikuandmeid moskos.eu veebipoes kauplemise eesm\u00e4rgil. Sel eesm\u00e4rgil t\u00f6\u00f6tleb M\u00fc\u00fcja Andmesubjekti j\u00e4rgmisi andmeid: eesnimi, perekonnanimi, e-posti aadress, telefoninumber, kauba k\u00e4ttetoimetamise aadress, kauba v\u00f5i teenuse eest tasumise andmed (makseviis jne), ostude ajalugu. Kui ostetud kaup tuleb Ostjale kohale toimetada tema m\u00e4\u00e4ratud aadressile, v\u00f5idakse eespool nimetatud isikuandmeid (v\u00f5i osa neist) edastada vastavatele kullerfirmadele. M\u00fc\u00fcja t\u00f6\u00f6tleb k\u00e4esolevas punktis nimetatud Andmesubjekti esitatud isikuandmeid 1 aasta jooksul alates Andmesubjekti konto t\u00fchistamise kuup\u00e4evast veebipoes ja juhul, kui Andmesubjekt ostis kaupu registreerimata, 1 aasta jooksul alates viimasest ostust veebipoes (kui seadusega ei ole s\u00e4testatud teisiti).    <\/li>\n<li>Kui Andmesubjekt annab eraldi n\u00f5usoleku (valib M\u00fc\u00fcja saadetavate uudiskirjade tellimise), v\u00f5ib M\u00fc\u00fcja Andmesubjekti esitatud isikuandmeid t\u00f6\u00f6delda turunduslikel eesm\u00e4rkidel (uudiskirjade saatmiseks). Sel eesm\u00e4rgil t\u00f6\u00f6tleb M\u00fc\u00fcja j\u00e4rgmisi Andmesubjekti esitatud andmeid: eesnimi, perekonnanimi, e-posti aadress. Andmesubjekt, kes on tellinud M\u00fc\u00fcja poolt edastatava uudiskirja, v\u00f5ib iga hetk oma isiklikule kontole sisse logida ning uudiskirja tellimuse t\u00fchistada, v\u00f5i v\u00f5tta \u00fchendust M\u00fc\u00fcjaga ja paluda uudiskirja saatmine l\u00f5petada \u2013 sel juhul l\u00f5petab M\u00fc\u00fcja Andmesubjekti isikuandmete t\u00f6\u00f6tlemist turunduseesm\u00e4rkidel. M\u00fc\u00fcja t\u00f6\u00f6tleb k\u00e4esolevas punktis nimetatud Andmesubjekti esitatud isikuandmeid 1 aasta jooksul alates Andmesubjekti veebipoe konto kustutamisest (v.a juhul, kui \u00f5igusaktid n\u00e4evad ette teistsuguse t\u00e4htaja).    <\/li>\n<li>Andmesubjektid v\u00f5ivad M\u00fc\u00fcjale esitada kirjaliku p\u00f6\u00f6rdumise, et kasutada oma kui Andmesubjekti \u00f5igusi, mis on s\u00e4testatud \u00f5igusaktides, sealhulgas:\n<ul>\n<li>\u00f5igus teada (olla teavitatud) oma isikuandmete t\u00f6\u00f6tlemisest;<\/li>\n<li>\u00f5igus tutvuda oma isikuandmetega ja saada teavet selle kohta, kuidas neid t\u00f6\u00f6deldakse;<\/li>\n<li>\u00f5igus n\u00f5uda nende parandamist, kustutamist v\u00f5i t\u00f6\u00f6tlemise peatamist, v\u00e4lja arvatud nende s\u00e4ilitamist, juhul isikuandmeid t\u00f6\u00f6deldakse ebaseaduslikult;<\/li>\n<li>\u00f5igus esitada vastuv\u00e4iteid oma isikuandmete t\u00f6\u00f6tlemise suhtes.<\/li>\n<\/ul>\n<\/li>\n<li>Andmesubjekti kirjaliku, p\u00f5hjendatud ja arusaadava taotluse saamisel vaatab M\u00fc\u00fcja selle l\u00e4bi ja rakendab Andmesubjekti \u00f5igusi hiljemalt 10 t\u00f6\u00f6p\u00e4eva jooksul alates Andmesubjekti taotluse saamise kuup\u00e4evast, v\u00e4lja arvatud juhul, kui seadusega on s\u00e4testatud teisiti. Kui M\u00fc\u00fcja keeldub Andmesubjekti taotlust t\u00e4itmast, esitab ta Andmesubjektile keeldumise \u00fcksikasjalikud p\u00f5hjendused. <\/li>\n<\/ol>\n<p>Veebipoes t\u00f6\u00f6deldakse makseid platvormi<a class=\"c-link\" href=\"http:\/\/makecommerce.lt\/\" target=\"_blank\" rel=\"noopener noreferrer\" data-stringify-link=\"http:\/\/makecommerce.lt\" data-sk=\"tooltip_parent\"> makecommerce.lt<\/a> kaudu, mida haldab Maksekeskus AS (Niine 11, Tallinn 10414, Eesti, registrikood: 12268475), seega edastatakse Maksekeskus AS-ile Teie isikuandmed, mis on vajalikud makse teostamiseks ja kinnitamiseks.<\/p>\n<p><strong>Teabevahetus<\/strong><\/p>\n<ol start=\"12\">\n<li>M\u00fc\u00fcja suhtleb Ostjaga registreerimisvormis m\u00e4rgitud e-posti aadressi ja telefoninumbri kaudu ning Ostja saab kasutada k\u00f5iki suhtluskanaleid, mis on loetletud veebipoe <strong>moskos.eu<\/strong> veebisaidi jaotises \u201eKONTAKTID\u201d. <\/li>\n<\/ol>\n<p><strong>Vastutus<\/strong><\/p>\n<ol start=\"13\">\n<li>Ostja vastutab t\u00e4ielikult registreerimisvormil esitatud andmete \u00f5igsuse eest. Kui Ostja esitab registreerimisvormis ebat\u00e4pseid andmeid, ei vastuta M\u00fc\u00fcja sellest tulenevate tagaj\u00e4rgede eest ning tal on \u00f5igus n\u00f5uda Ostjalt tekkinud otseste kahjude h\u00fcvitamist. <\/li>\n<li>Ostja vastutab t\u00e4ielikult oma tegude eest p\u00e4rast registreerumist veebipoes <strong>moskos.eu.<\/strong>\n<ul>\n<li>Ostja vastutab oma registreerimisandmete turvalisuse eest. Kui registreerimisandmeid kasutab kolmas isik, loetakse teda Ostjaks. <\/li>\n<li>M\u00fc\u00fcja on vabastatud igasugusest vastutusest juhtudel, kui kahju tekib seet\u00f5ttu, et Ostja ei ole tutvunud k\u00e4esolevate Tingimustega, hoolimata sellest, et talle on antud selleks v\u00f5imalus, ning eirab M\u00fc\u00fcja soovitusi ja oma kohustusi.<\/li>\n<li>Kahju tekkimise korral h\u00fcvitab s\u00fc\u00fcdlane teisele poolele otsese kahju.<\/li>\n<\/ul>\n<\/li>\n<\/ol>\n<p><strong>M\u00fc\u00fcja poolt rakendatavad turundusmeetmed<\/strong><\/p>\n<ol start=\"15\">\n<li>M\u00fc\u00fcja v\u00f5ib igal hetkel korraldada erinevaid kampaaniaid, muuta nende tingimusi v\u00f5i need l\u00f5petada.<\/li>\n<\/ol>\n<h3>Makseviisid<\/h3>\n<p>16. Elektrooniline pangandus makecommerce.net s\u00fcsteemi kaudu. See on turvaline internetipanga s\u00fcsteem. Selle makseviisi kasutamisel ei pea Te maksekorraldust koostama ega v\u00e4lju t\u00e4itma \u2013 s\u00fcsteem teeb seda Teie eest ise. Vaja on ainult internetipanga lepingut m\u00f5ne Leedu pangaga ja j\u00e4rgida juhiseid ostu sooritamisel. Makseid saab teha kasutades Swedbank, SEB, Luminor, Citadele ja \u0160iauli\u0173 bankas elektroonilisi pangateenuseid. Tasumine toimub eurodes. Makseid t\u00f6\u00f6deldakse <a class=\"c-link\" href=\"http:\/\/makecommerce.lt\/\" target=\"_blank\" rel=\"noopener noreferrer\" data-stringify-link=\"http:\/\/MakeCommerce.lt\" data-sk=\"tooltip_parent\">MakeCommerce.lt<\/a> makseplatvormi kaudu.      <\/p>\n<p>17. Panga\u00fclekandega. Selle makseviisi kasutamisel saadame Teie sisestatud e-posti aadressile teabe Teie tellimuse kohta. Tellimuse eest saate tasuda elektroonilise panganduse kaudu v\u00f5i pangakontoris. Kindlasti m\u00e4rkige v\u00e4ljale \u201eMakse eesm\u00e4rk\u201d tellimuse ID-number, mille saadame teile e-postiga (nt tellimuse ID 2022). Tellimus t\u00fchistatakse automaatselt, kui makse ei laeku 24 tunni jooksul alates tellimuse esitamisest.    <\/p>\n<h4>Makserekvisiidid:<\/h4>\n<p>Saaja: MB MOSKOS<br\/>Pank: AB Swedbank<br\/>Pangakood: 73000<br\/>Saaja konto: LT727300010171055156<br\/>Makse eesm\u00e4rk: tellimuse ID number<br\/>PVM: LT100017732210 <\/p>\n<h5> <\/h5>\n<h5>*Palun arvestage, et saadetis pannakse teele p\u00e4rast makse laekumist.<\/h5>\n<h5> <\/h5>\n<h5>K\u00fcsimuste korral saatke e-kiri aadressile <a href=\"mailto:info@moskos.eu\">info@moskos.eu<\/a> v\u00f5i helistage<\/h5>\n<h5>telefoni numbrile <a href=\"tel:+37068728882\">+370 687 28882<\/a><\/h5>\n","protected":false},"excerpt":{"rendered":"<p>K\u00e4esolevad kaupade ostu-m\u00fc\u00fcgitingimused (edaspidi \u201eTingimused\u201c), p\u00e4rast nende kinnitamist Ostja poolt (olles Tingimustega tutvunud ning m\u00e4rkides linnukese kastis lause juures \u201eOlen lugenud ja n\u00f5ustun moskos.eu tingimustega\u201d), on poolte jaoks seaduslikult siduv dokument, milles on s\u00e4testatud Ostja ja M\u00fc\u00fcja \u00f5igused ja kohustused, kaupade ostu- ja maksetingimused, kauba k\u00e4ttetoimetamise ja tagastamise kord, poolte vastutus ja muud s\u00e4tted, mis [&hellip;]<\/p>\n","protected":false},"author":1,"featured_media":0,"parent":0,"menu_order":0,"comment_status":"closed","ping_status":"closed","template":"","meta":{"_acf_changed":false,"_gspb_post_css":"","footnotes":""},"class_list":["post-49952","page","type-page","status-publish","hentry"],"blocksy_meta":[],"acf":[],"_links":{"self":[{"href":"https:\/\/moskos.eu\/et\/wp-json\/wp\/v2\/pages\/49952","targetHints":{"allow":["GET"]}}],"collection":[{"href":"https:\/\/moskos.eu\/et\/wp-json\/wp\/v2\/pages"}],"about":[{"href":"https:\/\/moskos.eu\/et\/wp-json\/wp\/v2\/types\/page"}],"author":[{"embeddable":true,"href":"https:\/\/moskos.eu\/et\/wp-json\/wp\/v2\/users\/1"}],"replies":[{"embeddable":true,"href":"https:\/\/moskos.eu\/et\/wp-json\/wp\/v2\/comments?post=49952"}],"version-history":[{"count":2,"href":"https:\/\/moskos.eu\/et\/wp-json\/wp\/v2\/pages\/49952\/revisions"}],"predecessor-version":[{"id":50067,"href":"https:\/\/moskos.eu\/et\/wp-json\/wp\/v2\/pages\/49952\/revisions\/50067"}],"wp:attachment":[{"href":"https:\/\/moskos.eu\/et\/wp-json\/wp\/v2\/media?parent=49952"}],"curies":[{"name":"wp","href":"https:\/\/api.w.org\/{rel}","templated":true}]}}