{"id":49959,"date":"2025-01-29T16:24:28","date_gmt":"2025-01-29T14:24:28","guid":{"rendered":"https:\/\/moskos.eu\/tagastusvorm\/"},"modified":"2026-04-03T01:34:49","modified_gmt":"2026-04-02T22:34:49","slug":"tagastusvorm","status":"publish","type":"page","link":"https:\/\/moskos.eu\/et\/tagastusvorm\/","title":{"rendered":"Tagastusvorm"},"content":{"rendered":"<style>#gspb_row-id-gsbp-375f437{justify-content:space-between;margin-top:0px;margin-bottom:0px;display:flex;flex-wrap:wrap;}#gspb_row-id-gsbp-375f437 > .gspb_row__content{display:flex;justify-content:space-between;margin:0 auto;width:100%;flex-wrap:wrap;}.gspb_row{position:relative;}div[id^=gspb_col-id]{box-sizing:border-box;position:relative;}div[id^=gspb_col-id]{padding:var(--gs-row-column-padding,15px min(3vw,20px));}#gspb_row-id-gsbp-375f437 > .gspb_row__content{justify-content:flex-start;}body.gspb-bodyfront #gspb_row-id-gsbp-375f437 > .gspb_row__content{width:var(--theme-container-width,1200px);}body.gspb-bodyfront #gspb_row-id-gsbp-375f437 > .gspb_row__content{max-width:var(--theme-normal-container-max-width,1200px);}<\/style>\n<div class=\"wp-block-greenshift-blocks-row alignwide gspb_row gspb_row-id-gsbp-375f437\" id=\"gspb_row-id-gsbp-375f437\"><div class=\"gspb_row__content\"> <style>#gspb_col-id-gsbp-1a0daa8.gspb_row__col--12{width:100%;}@media (max-width:689.98px){#gspb_col-id-gsbp-1a0daa8.gspb_row__col--12{width:100%;}}.gspb_row #gspb_col-id-gsbp-1a0daa8.gspb_row__col--12{padding-right:40%;padding-left:0px;}@media (max-width:999.98px){.gspb_row #gspb_col-id-gsbp-1a0daa8.gspb_row__col--12{padding-right:0%;padding-left:3px;}}body #gspb_col-id-gsbp-1a0daa8.gspb_row__col--12{display:flex;flex-direction:column;justify-content:flex-start;align-content:space-between;align-items:stretch;}<\/style>\n<div class=\"wp-block-greenshift-blocks-row-column gspb_row__col--12 gspb_col-id-gsbp-1a0daa8\" id=\"gspb_col-id-gsbp-1a0daa8\">\n<p class=\"has-text-align-left\">Leedu Vabariigi seaduste kohaselt ei ole parf\u00fc\u00fcmide, nagu ka teiste kosmeetikatoodete puhul tagastamine v\u00f5imalik, kuid pakume v\u00f5imalust toode tagastada <strong>14 p\u00e4eva<\/strong> jooksul alates ostukuup\u00e4evast. Toode peab olema kahjustamata, kasutamata ja originaalpakendis. T\u00e4itke see vorm ja me v\u00f5tame teiega 2-3 t\u00f6\u00f6p\u00e4eva jooksul \u00fchendust. <\/p>\n\n\n\n<p class=\"has-text-align-left\"><br>Lisak\u00fcsimuste korral v\u00f5tke meiega \u00fchendust e-posti teel aadressil <a href=\"mailto:info@moskos.eu\">info@moskos.eu.<\/a> <\/p>\n\n\n<div class='fluentform ff-inherit-theme-style fluentform_wrapper_7  ff_guten_block ff_guten_block-7'><form data-form_id=\"7\" id=\"fluentform_7\" class=\"frm-fluent-form fluent_form_7 ff-el-form-top ff_form_instance_7_1 ff-form-loading ffs_inherit_theme\" data-form_instance=\"ff_form_instance_7_1\" method=\"POST\" ><fieldset  style=\"border: none!important;margin: 0!important;padding: 0!important;background-color: transparent!important;box-shadow: none!important;outline: none!important; min-inline-size: 100%;\">\n                    <legend class=\"ff_screen_reader_title\" style=\"display: block; margin: 0!important;padding: 0!important;height: 0!important;text-indent: -999999px;width: 0!important;overflow:hidden;\">Grazinimai EE<\/legend><input type='hidden' name='__fluent_form_embded_post_id' value='49959' \/><input type=\"hidden\" id=\"_fluentform_7_fluentformnonce\" name=\"_fluentform_7_fluentformnonce\" value=\"3815e6c571\" \/><input type=\"hidden\" name=\"_wp_http_referer\" value=\"\/et\/wp-json\/wp\/v2\/pages\/49959\" \/><div data-type=\"name-element\" data-name=\"names\" class=\" ff-field_container ff-name-field-wrapper\" ><div class='ff-t-container'><div class='ff-t-cell '><div class='ff-el-group'><div class=\"ff-el-input--label ff-el-is-required asterisk-right\"><label for='ff_7_names_first_name_' id='label_ff_7_names_first_name_' >Eesnimi<\/label><\/div><div class='ff-el-input--content'><input type=\"text\" name=\"names[first_name]\" id=\"ff_7_names_first_name_\" class=\"ff-el-form-control\" aria-invalid=\"false\" aria-required=true><\/div><\/div><\/div><div class='ff-t-cell '><div class='ff-el-group'><div class=\"ff-el-input--label ff-el-is-required asterisk-right\"><label for='ff_7_names_last_name_' id='label_ff_7_names_last_name_' >Perekonnanimi<\/label><\/div><div class='ff-el-input--content'><input type=\"text\" name=\"names[last_name]\" id=\"ff_7_names_last_name_\" class=\"ff-el-form-control\" aria-invalid=\"false\" aria-required=true><\/div><\/div><\/div><\/div><\/div><div class='ff-el-group'><div class=\"ff-el-input--label ff-el-is-required asterisk-right\"><label for='ff_7_input_text' id='label_ff_7_input_text' aria-label=\"Tellimuse number\">Tellimuse number<\/label><\/div><div class='ff-el-input--content'><input type=\"text\" name=\"input_text\" class=\"ff-el-form-control\" data-name=\"input_text\" id=\"ff_7_input_text\"  aria-invalid=\"false\" aria-required=true><\/div><\/div><div class='ff-el-group'><div class=\"ff-el-input--label ff-el-is-required asterisk-right\"><label for='ff_7_input_text_1' id='label_ff_7_input_text_1' aria-label=\"Telefoninumber\">Telefoninumber<\/label><\/div><div class='ff-el-input--content'><input type=\"text\" name=\"input_text_1\" class=\"ff-el-form-control\" data-name=\"input_text_1\" id=\"ff_7_input_text_1\"  aria-invalid=\"false\" aria-required=true><\/div><\/div><div class='ff-el-group'><div class=\"ff-el-input--label ff-el-is-required asterisk-right\"><label for='ff_7_email' id='label_ff_7_email' aria-label=\"Teie e-posti aadress\">Teie e-posti aadress<\/label><\/div><div class='ff-el-input--content'><input type=\"email\" name=\"email\" id=\"ff_7_email\" class=\"ff-el-form-control\" data-name=\"email\"  aria-invalid=\"false\" aria-required=true><\/div><\/div><div class='ff-el-group'><div class=\"ff-el-input--label ff-el-is-required asterisk-right\"><label for='ff_7_subject' id='label_ff_7_subject' aria-label=\"Tagastatava toote nimi\">Tagastatava toote nimi<\/label><\/div><div class='ff-el-input--content'><input type=\"text\" name=\"subject\" class=\"ff-el-form-control\" data-name=\"subject\" id=\"ff_7_subject\"  aria-invalid=\"false\" aria-required=true><\/div><\/div><div class='ff-el-group'><div class=\"ff-el-input--label ff-el-is-required asterisk-right\"><label for='ff_7_message' id='label_ff_7_message' aria-label=\"Tagastamise p\u00f5hjused\">Tagastamise p\u00f5hjused<\/label><\/div><div class='ff-el-input--content'><textarea aria-required=\"true\" aria-labelledby=\"label_ff_7_message\" name=\"message\" id=\"ff_7_message\" class=\"ff-el-form-control\" rows=\"4\" cols=\"2\" data-name=\"message\" ><\/textarea><\/div><\/div><div class='ff-el-group ff-el-form-top'><div class=\"ff-el-input--label ff-el-is-required asterisk-right\"><label for='ff_7_file-upload_1' id='label_ff_7_file-upload_1' aria-label=\"Lisage toote fotod\">Lisage toote fotod<\/label><\/div><div class='ff-el-input--content'><label for='ff_7_file-upload_1' class='ff_file_upload_holder'><span class='ff_upload_btn ff-btn' tabindex='0'>Lisage toote fotod<\/span> <input type=\"file\" name=\"file-upload\" id=\"ff_7_file-upload_1\" class=\"ff-el-form-control  ff-screen-reader-element\" data-name=\"file-upload\" multiple=\"1\"  aria-invalid='false' aria-required=true><\/label><\/div><\/div><div class='ff-el-group ff-text-left ff_submit_btn_wrapper'><button type=\"submit\" class=\"ff-btn ff-btn-submit ff-btn-md ff_btn_no_style wpf_has_custom_css\"  aria-label=\"ESITA TAGASTUS\">ESITA TAGASTUS<\/button><\/div><\/fieldset><\/form><div id='fluentform_7_errors' class='ff-errors-in-stack ff_form_instance_7_1 ff-form-loading_errors ff_form_instance_7_1_errors'><\/div><\/div>            <script type=\"text\/javascript\">\n                window.fluent_form_ff_form_instance_7_1 = {\"id\":\"7\",\"settings\":{\"layout\":{\"labelPlacement\":\"top\",\"helpMessagePlacement\":\"with_label\",\"errorMessagePlacement\":\"inline\",\"cssClassName\":\"\",\"asteriskPlacement\":\"asterisk-right\"},\"restrictions\":{\"denyEmptySubmission\":{\"enabled\":false}}},\"form_instance\":\"ff_form_instance_7_1\",\"form_id_selector\":\"fluentform_7\",\"rules\":{\"names[first_name]\":{\"required\":{\"value\":true,\"message\":\"See v\\u00e4li on kohustuslik\",\"global\":false,\"global_message\":\"\\u0160is laukas privalomas\"}},\"names[middle_name]\":{\"required\":{\"value\":false,\"message\":\"This field is required\",\"global\":false,\"global_message\":\"\\u0160is laukas privalomas\"}},\"names[last_name]\":{\"required\":{\"value\":true,\"message\":\"See v\\u00e4li on kohustuslik\",\"global\":false,\"global_message\":\"\\u0160is laukas privalomas\"}},\"input_text\":{\"required\":{\"value\":true,\"message\":\"See v\\u00e4li on kohustuslik\",\"global_message\":\"\\u0160is laukas privalomas\",\"global\":false}},\"input_text_1\":{\"required\":{\"value\":true,\"message\":\"See v\\u00e4li on kohustuslik\",\"global_message\":\"\\u0160is laukas privalomas\",\"global\":false}},\"email\":{\"required\":{\"value\":true,\"message\":\"See v\\u00e4li on kohustuslik\",\"global\":false,\"global_message\":\"\\u0160is laukas privalomas\"},\"email\":{\"value\":true,\"message\":\"See v\\u00e4li peab sisaldama kehtivat e-posti aadressi\",\"global\":false,\"global_message\":\"\\u012eveskite tinkam\\u0105 el.pa\\u0161to adres\\u0105.\"}},\"subject\":{\"required\":{\"value\":true,\"message\":\"See v\\u00e4li on kohustuslik\",\"global\":false,\"global_message\":\"\\u0160is laukas privalomas\"}},\"message\":{\"required\":{\"value\":true,\"message\":\"See v\\u00e4li on kohustuslik\",\"global\":false,\"global_message\":\"\\u0160is laukas privalomas\"}},\"file-upload\":{\"required\":{\"value\":true,\"message\":\"See v\\u00e4li on kohustuslik\",\"global_message\":\"\\u0160is laukas privalomas\",\"global\":false},\"max_file_size\":{\"value\":null,\"message\":\"Keliamas failas yra per didelis.\",\"global_message\":\"Keliamas failas yra per didelis.\",\"global\":true},\"max_file_count\":{\"value\":\"5\",\"message\":\"\\u00dcles saab laadida maksimaalselt 5 faili\",\"global_message\":\"Daugiausiai galima \\u012fkelti 5 failus.\",\"global\":false},\"allowed_file_types\":{\"value\":[\"jpg|jpeg|gif|png|bmp\",\"pdf\"],\"message\":\"Invalid file type\",\"global_message\":\"Invalid file type\",\"global\":true}}},\"debounce_time\":300};\n                            <\/script>\n            <\/div>\n <\/div><\/div>\n","protected":false},"excerpt":{"rendered":"","protected":false},"author":1,"featured_media":0,"parent":0,"menu_order":0,"comment_status":"closed","ping_status":"closed","template":"","meta":{"_acf_changed":false,"_gspb_post_css":"#gspb_row-id-gsbp-375f437{justify-content:space-between;margin-top:0;margin-bottom:0;display:flex;flex-wrap:wrap}#gspb_row-id-gsbp-375f437>.gspb_row__content{display:flex;margin:0 auto;width:100%;flex-wrap:wrap;justify-content:flex-start}.gspb_row{position:relative}div[id^=gspb_col-id]{box-sizing:border-box;position:relative;padding:var(--gs-row-column-padding, 15px min(3vw, 20px))}body.gspb-bodyfront #gspb_row-id-gsbp-375f437>.gspb_row__content{width:var(--theme-container-width, 1200px);max-width:var(--theme-normal-container-max-width, 1200px)}#gspb_col-id-gsbp-1a0daa8.gspb_row__col--12{width:100%}@media (max-width:575.98px){#gspb_col-id-gsbp-1a0daa8.gspb_row__col--12{width:100%}}.gspb_row #gspb_col-id-gsbp-1a0daa8.gspb_row__col--12{padding-right:40%;padding-left:0}@media (max-width:991.98px){.gspb_row #gspb_col-id-gsbp-1a0daa8.gspb_row__col--12{padding-right:0;padding-left:3px}}body #gspb_col-id-gsbp-1a0daa8.gspb_row__col--12{display:flex;flex-direction:column;justify-content:flex-start;align-content:space-between;align-items:stretch}","footnotes":""},"class_list":["post-49959","page","type-page","status-publish","hentry"],"blocksy_meta":[],"acf":[],"_links":{"self":[{"href":"https:\/\/moskos.eu\/et\/wp-json\/wp\/v2\/pages\/49959","targetHints":{"allow":["GET"]}}],"collection":[{"href":"https:\/\/moskos.eu\/et\/wp-json\/wp\/v2\/pages"}],"about":[{"href":"https:\/\/moskos.eu\/et\/wp-json\/wp\/v2\/types\/page"}],"author":[{"embeddable":true,"href":"https:\/\/moskos.eu\/et\/wp-json\/wp\/v2\/users\/1"}],"replies":[{"embeddable":true,"href":"https:\/\/moskos.eu\/et\/wp-json\/wp\/v2\/comments?post=49959"}],"version-history":[{"count":2,"href":"https:\/\/moskos.eu\/et\/wp-json\/wp\/v2\/pages\/49959\/revisions"}],"predecessor-version":[{"id":54596,"href":"https:\/\/moskos.eu\/et\/wp-json\/wp\/v2\/pages\/49959\/revisions\/54596"}],"wp:attachment":[{"href":"https:\/\/moskos.eu\/et\/wp-json\/wp\/v2\/media?parent=49959"}],"curies":[{"name":"wp","href":"https:\/\/api.w.org\/{rel}","templated":true}]}}