{"id":49965,"date":"2024-02-29T14:34:20","date_gmt":"2024-02-29T12:34:20","guid":{"rendered":"https:\/\/moskos.eu\/tagastamine\/"},"modified":"2026-03-12T10:39:57","modified_gmt":"2026-03-12T08:39:57","slug":"tagastamine","status":"publish","type":"page","link":"https:\/\/moskos.eu\/et\/tagastamine\/","title":{"rendered":"TAGASTAMINE"},"content":{"rendered":"<p>[language-include lang=&#8221;lt_LT&#8221;]<\/p>\n\n<ol class=\"wp-block-list\">\n<li>E-poes ostetud kvaliteetseid kaupu saab tagastada 14 (neljateistk\u00fcmne) p\u00e4eva jooksul alates kauba k\u00e4ttesaamise kuup\u00e4evast.<br\/>Kauba tagastamisel tuleb j\u00e4rgida j\u00e4rgmisi tingimusi:<\/li>\n<\/ol>\n\n<ul class=\"wp-block-list\">\n<li>tagastatav kaup peab olema terves originaalpakendis;<\/li>\n\n\n\n<li>kaup ei tohi olla Ostja <strong>poolt kahjustatud;<\/strong><\/li>\n\n\n\n<li>toode peab olema kasutamata ja <strong>originaalses seisukorras (<\/strong>sildid ja kaitsekile terved jne)<\/li>\n\n\n\n<li>tagastatav kaup peab olema samas seisukorras, milles Ostja selle sai \u2013 tagastada tuleb ka k\u00f5ik ostuga kaasa saadud kingitused.<\/li>\n<\/ul>\n\n<ol start=\"2\" class=\"wp-block-list\">\n<li>Kui Ostjale ei meeldi ostetud kauba kuju, suurus, v\u00e4rv, mudel v\u00f5i komponendid, on tal \u00f5igus neljateistk\u00fcmne p\u00e4eva jooksul alates kauba k\u00e4ttesaamise kuup\u00e4evast, mitte-toidukaupade puhul, toode asendada sarnase kaubaga, juhul kui M\u00fc\u00fcja pole kehtestanud pikemat t\u00e4htaega.<\/li>\n\n\n\n<li>Ostja taotlust asendada ostetud kaup sarnase kaubaga v\u00f5i tagastada makstud raha k\u00e4esolevate eeskirjade punktis 2 nimetatud p\u00f5hjustel ei rahuldata, kui on ostetud j\u00e4rgmised kaubad:<\/li>\n<\/ol>\n\n<p>parf\u00fcmeeria-, kosmeetika- ja tualetitarbed (koodid vastavalt kaupade kombineeritud nomenklatuurile \u2013 33.03\u201333.07), foto- ja kinokaubad (kood vastavalt kaupade kombineeritud nomenklatuurile \u2013 37.00), tr\u00fckitud raamatud, reproduktsioonid ja muud tr\u00fckit\u00f6\u00f6stuse tooted (kood vastavalt kaupade kombineeritud nomenklatuurile \u2013 49.00), kangad (koodid vastavalt kaupade kombineeritud nomenklatuurile \u2013 50.07, 51.11\u201351.13, 52.08\u201352.12, 53.09, 55.12\u201355.16) jne.<\/p>\n\n<p>Kui \u00fclaltoodud tingimused on t\u00e4idetud, saatke palun e-kiri aadressile <a href=\"mailto:info@moskos.eu\">info@moskos.eu<\/a>. Kirjas tuleks m\u00e4rkida tellimuse number. P\u00e4rast teie taotluse saamist v\u00f5tame teiega 3 t\u00f6\u00f6p\u00e4eva jooksul \u00fchendust ja lepime kokku kauba tagastamise \u00fcksikasjad. Kui kauba tagastamise p\u00f5hjuseks polnud M\u00fc\u00fcja s\u00fc\u00fc, ei h\u00fcvitata Ostjale tagastuskulusid. Kauba tagastamise \u00fcksikasjad. Kui kauba tagastamise p\u00f5hjuseks polnud M\u00fc\u00fcja s\u00fc\u00fc, ei h\u00fcvitata Ostjale tagastuskulusid.     <\/p>\n\n<p>Kauba tagastamiseks palun t\u00e4itke <a href=\"https:\/\/moskos.eu\/et\/tagastusvorm\/\">see vorm<\/a>.<\/p>\n<p>[\/language-include]<\/p>\n<p>[language-include lang=&#8221;pl_PL&#8221;]<\/p>\n\n<ol class=\"wp-block-list\">\n<li>Jako\u015bciowe towary zakupione przez internet mo\u017cna zwr\u00f3ci\u0107 w ci\u0105gu 14 (czternastu) dni od daty dostawy towaru do Kupuj\u0105cego. Przy zwrocie towaru nale\u017cy spe\u0142ni\u0107 nast\u0119puj\u0105ce warunki: <\/li>\n<\/ol>\n\n<ul class=\"wp-block-list\">\n<li>zwracany towar <strong>musi by\u0107 w oryginalnym, dobrym opakowaniu;<\/strong><\/li>\n\n\n\n<li>towar nie mo\u017ce<strong> by\u0107 uszkodzony przez Kupuj\u0105cego;<\/strong><\/li>\n\n\n\n<li>towar musi<strong> by\u0107 nieu\u017cywany oraz zachowa\u0107 sw\u00f3j oryginalny wygl\u0105d (nieuszkodzone etykiety, folie zabezpieczaj\u0105ce itp.)<\/strong><\/li>\n\n\n\n<li>zwracany towar powinien by\u0107 w takim samym stanie i komplecie, w jakim zosta\u0142 otrzymany przez Kupuj\u0105cego \u2013 nale\u017cy r\u00f3wnie\u017c zwr\u00f3ci\u0107 wszystkie prezenty otrzymane razem z zakupem.<\/li>\n<\/ul>\n\n<ol start=\"2\" class=\"wp-block-list\">\n<li>Je\u017celi Kupuj\u0105cemu nie podoba si\u0119 forma, rozmiar, kolor, model lub kompletno\u015b\u0107 zakupionego towaru, ma on prawo w ci\u0105gu czternastu dni od daty sprzeda\u017cy towar\u00f3w nieb\u0119d\u0105cych artyku\u0142ami spo\u017cywczymi, o ile Sprzedawca nie ustali\u0142 d\u0142u\u017cszego terminu, wymieni\u0107 go na r\u00f3wnowa\u017cny towar.<\/li>\n\n\n\n<li>\u017b\u0105danie Kupuj\u0105cego dotycz\u0105ce wymiany zakupionego towaru na towar analogiczny lub zwrotu zap\u0142aconych pieni\u0119dzy z powod\u00f3w okre\u015blonych w punkcie 2 niniejszych zasad nie jest uwzgl\u0119dniane w przypadku zakupu nast\u0119puj\u0105cych towar\u00f3w:<\/li>\n<\/ol>\n\n<p><strong>perfumy, kosmetyki i artyku\u0142y higieniczne <\/strong>(kody wed\u0142ug Nomenklatury Scalonej \u2013 33.03\u201333.07), artyku\u0142y fotograficzne i kinematograficzne (kod wed\u0142ug Nomenklatury Scalonej \u2013 37.00), drukowane ksi\u0105\u017cki, reprodukcje i inne wyroby przemys\u0142u poligraficznego (kod wed\u0142ug Nomenklatury Scalonej \u2013 49.00), tkaniny (kody wed\u0142ug Nomenklatury Scalonej \u2013 50.07, 51.11\u201351.13, 52.08\u201352.12, 53.09, 55.12\u201355.16) itp.<\/p>\n\n<p>Je\u015bli powy\u017csze warunki zosta\u0142y spe\u0142nione, nale\u017cy wys\u0142a\u0107 wiadomo\u015b\u0107 na adres <a href=\"mailto:info@moskos.eu\">info@moskos.eu<\/a>. W wiadomo\u015bci nale\u017cy poda\u0107 numer zam\u00f3wienia. Po otrzymaniu zg\u0142oszenia odpowiemy w ci\u0105gu 3 dni roboczych i uzgodnimy szczeg\u00f3\u0142y zwrotu towaru. W przypadku zwrotu towar\u00f3w bez winy Sprzedawcy, koszty zwrotu nie s\u0105 pokrywane ani zwracane Kupuj\u0105cemu. Szczeg\u00f3\u0142y dotycz\u0105ce zwrotu towar\u00f3w. W przypadku zwrotu towar\u00f3w bez winy Sprzedawcy, koszty zwrotu nie s\u0105 pokrywane ani zwracane Kupuj\u0105cemu.     <\/p>\n\n<p>Aby zwr\u00f3ci\u0107 zakupione towary, prosimy o wype\u0142nienie tego <strong><a href=\"https:\/\/moskos.eu\/et\/tagastusvorm\/\" target=\"_blank\" rel=\"noreferrer noopener\"><strong>formularza.<\/strong><\/a><\/strong><\/p>\n<p>[\/language-include]<\/p>\n<p>[language-include lang=&#8221;lv&#8221;]<\/p>\n\n<ol class=\"wp-block-list\">\n<li>Jako\u015bciowe towary zakupione przez internet mo\u017cna zwr\u00f3ci\u0107 w ci\u0105gu 14 (czternastu) dni od daty dostawy towaru do Kupuj\u0105cego. Atgrie\u017eot preces, j\u0101iev\u0113ro \u0161\u0101di nosac\u012bjumi: <\/li>\n<\/ol>\n\n<ul class=\"wp-block-list\">\n<li>precei j\u0101b\u016bt ori\u0123in\u0101laj\u0101, <strong>nesaboj\u0101t\u0101 iepakojum\u0101<\/strong>;<\/li>\n\n\n\n<li>precei nedr\u012bkst b\u016bt <strong>Pirc\u0113ja rad\u012bti boj\u0101jumi<\/strong>;<\/li>\n\n\n\n<li>precei j\u0101b\u016bt <strong>nelietotai un saglab\u0101tai bez izmai\u0146\u0101m t\u0101s vizu\u0101laj\u0101 izskat\u0101<\/strong> (eti\u0137etes, aizsargpl\u0113ves u.c. deta\u013cas nedr\u012bkst b\u016bt boj\u0101tas);<\/li>\n\n\n\n<li>atgrieztajai precei j\u0101b\u016bt t\u0101d\u0101 pa\u0161\u0101 komplekt\u0101cij\u0101, k\u0101d\u0101 t\u0101 tika sa\u0146emta \u2013 kop\u0101 ar preci j\u0101atgrie\u017e par pirkumu sa\u0146emt\u0101s d\u0101vanas.<\/li>\n<\/ul>\n\n<ol start=\"2\" class=\"wp-block-list\">\n<li>Ja Pirc\u0113ju neapmierina ieg\u0101d\u0101t\u0101s preces forma, izm\u0113rs, kr\u0101sa, modelis vai komplekt\u0101cija, vi\u0146am ir ties\u012bbas 14 (\u010detrpadsmit) dienu laik\u0101 no ne p\u0101rtikas preces p\u0101rdo\u0161anas dienas to aizst\u0101t ar analo\u0123isku preci, ja vien P\u0101rdev\u0113js nav noteicis gar\u0101ku termi\u0146u.<\/li>\n\n\n\n<li>Pirc\u0113ja piepras\u012bjums aizst\u0101t ieg\u0101d\u0101t\u0101s preces ar analog\u0101m prec\u0113m vai atmaks\u0101t samaks\u0101to naudu \u0161o noteikumu 2. punkt\u0101 min\u0113to iemeslu d\u0113\u013c netis apmierin\u0101tas, ja ir ieg\u0101d\u0101tas \u0161\u0101das preces: <\/li>\n<\/ol>\n\n<p><strong>parfim\u0113rijas, kosm\u0113tikas <\/strong>un tualetes prepar\u0101tus (kodi saska\u0146\u0101 ar Kombin\u0113to nomenklat\u016bru \u2013 33.03\u201333.07), fotogr\u0101fijas un kinematogr\u0101fijas preces (kods saska\u0146\u0101 ar Kombin\u0113to pre\u010du nomenklat\u016bru \u2013 37.00), druk\u0101tas gr\u0101matas, reprodukcijas un citus poligr\u0101fijas izstr\u0101d\u0101jumus (kods saska\u0146\u0101 ar Kombin\u0113to pre\u010du nomenklat\u016bru \u2013 49.00), audumus (kodi saska\u0146\u0101 ar Kombin\u0113to pre\u010du nomenklat\u016bru \u2013 50.07, 51.11\u201351.13, 52.08\u201352.12, 53.09, 55.12\u201355.16) utt.<\/p>\n\n<p><a href=\"mailto:info@moskos.eu\" target=\"_blank\" rel=\"noreferrer noopener\"><\/a>Ja iepriek\u0161 min\u0113tie nosac\u012bjumi ir izpild\u012bti, l\u016bdzu, s\u016btiet epastu uz <a href=\"mailto:info@moskos.eu\">info@moskos.eu<\/a>. V\u0113stul\u0113 nor\u0101diet pas\u016bt\u012bjuma numuru. Sa\u0146emot j\u016bsu piepras\u012bjumu, sazin\u0101simies ar jums tr\u012bs darba dienu laik\u0101, lai vienotos par atgrie\u0161anas deta\u013c\u0101m. Atgrie\u017eot preces bez P\u0101rdev\u0113ja vainas, Pirc\u0113ja atgrie\u0161anas izdevumi netiek segti vai atmaks\u0101ti. Ja preces tiek atgrieztas bez P\u0101rdev\u0113ja vainas, Pirc\u0113jam netiek kompens\u0113tas vai atl\u012bdzin\u0101tas atgrie\u0161anas izmaksas.    <\/p>\n\n<p><a href=\"https:\/\/moskos.eu\/et\/tagastusvorm\/\" target=\"_blank\" rel=\"noreferrer noopener\"><\/a>Lai veiktu pre\u010du atgrie\u0161anu, aizpildiet \u0161o <a href=\"https:\/\/moskos.eu\/et\/tagastusvorm\/?v=d91af6958918\" data-type=\"link\" data-id=\"https:\/\/moskos.eu\/grazinimu-forma\/?v=d91af6958918\">veidlapu<\/a>.<\/p>\n<p>[\/language-include]<\/p>\n","protected":false},"excerpt":{"rendered":"<p>parf\u00fcmeeria-, kosmeetika- ja tualetitarbed (koodid vastavalt kaupade kombineeritud nomenklatuurile \u2013 33.03\u201333.07), foto- ja kinokaubad (kood vastavalt kaupade kombineeritud nomenklatuurile \u2013 37.00), tr\u00fckitud raamatud, reproduktsioonid ja muud tr\u00fckit\u00f6\u00f6stuse tooted (kood vastavalt kaupade kombineeritud nomenklatuurile \u2013 49.00), kangad (koodid vastavalt kaupade kombineeritud nomenklatuurile \u2013 50.07, 51.11\u201351.13, 52.08\u201352.12, 53.09, 55.12\u201355.16) jne. Kui \u00fclaltoodud tingimused on t\u00e4idetud, saatke palun [&hellip;]<\/p>\n","protected":false},"author":1,"featured_media":0,"parent":0,"menu_order":0,"comment_status":"closed","ping_status":"closed","template":"","meta":{"_acf_changed":false,"_gspb_post_css":"#gspb_row-id-gsbp-5257ceb,#gspb_row-id-gsbp-94ee715{justify-content:space-between;margin-top:0;margin-bottom:0;display:flex;flex-wrap:wrap}#gspb_row-id-gsbp-5257ceb>.gspb_row__content{display:flex;justify-content:space-between;margin:0 auto;width:100%;flex-wrap:wrap}.gspb_row{position:relative}div[id^=gspb_col-id]{box-sizing:border-box;position:relative;padding:var(--gs-row-column-padding, 15px min(3vw, 20px))}#gspb_col-id-gsbp-060af32.gspb_row__col--12{width:100%}@media (max-width:575.98px){#gspb_col-id-gsbp-060af32.gspb_row__col--12{width:100%}}#gspb_row-id-gsbp-94ee715>.gspb_row__content{display:flex;justify-content:space-between;margin:0 auto;width:100%;flex-wrap:wrap}body.gspb-bodyfront #gspb_row-id-gsbp-5257ceb>.gspb_row__content,body.gspb-bodyfront #gspb_row-id-gsbp-94ee715>.gspb_row__content{width:var(--theme-container-width, 1200px);max-width:var(--theme-normal-container-max-width, 1200px)}#gspb_col-id-gsbp-c8f1a1c.gspb_row__col--12{width:100%}@media (max-width:575.98px){#gspb_col-id-gsbp-c8f1a1c.gspb_row__col--12{width:100%}}","footnotes":""},"class_list":["post-49965","page","type-page","status-publish","hentry"],"blocksy_meta":[],"acf":[],"_links":{"self":[{"href":"https:\/\/moskos.eu\/et\/wp-json\/wp\/v2\/pages\/49965","targetHints":{"allow":["GET"]}}],"collection":[{"href":"https:\/\/moskos.eu\/et\/wp-json\/wp\/v2\/pages"}],"about":[{"href":"https:\/\/moskos.eu\/et\/wp-json\/wp\/v2\/types\/page"}],"author":[{"embeddable":true,"href":"https:\/\/moskos.eu\/et\/wp-json\/wp\/v2\/users\/1"}],"replies":[{"embeddable":true,"href":"https:\/\/moskos.eu\/et\/wp-json\/wp\/v2\/comments?post=49965"}],"version-history":[{"count":1,"href":"https:\/\/moskos.eu\/et\/wp-json\/wp\/v2\/pages\/49965\/revisions"}],"predecessor-version":[{"id":49966,"href":"https:\/\/moskos.eu\/et\/wp-json\/wp\/v2\/pages\/49965\/revisions\/49966"}],"wp:attachment":[{"href":"https:\/\/moskos.eu\/et\/wp-json\/wp\/v2\/media?parent=49965"}],"curies":[{"name":"wp","href":"https:\/\/api.w.org\/{rel}","templated":true}]}}