{"id":49981,"date":"2024-02-29T14:34:20","date_gmt":"2024-02-29T12:34:20","guid":{"rendered":"https:\/\/moskos.eu\/kupsised\/"},"modified":"2026-03-12T11:00:53","modified_gmt":"2026-03-12T09:00:53","slug":"kupsised","status":"publish","type":"page","link":"https:\/\/moskos.eu\/et\/kupsised\/","title":{"rendered":"K\u00dcPSISED"},"content":{"rendered":"<p>[language-include lang=&#8221;lt_LT&#8221;]<\/p>\n\n<p>Kasutame k\u00fcpsiseid ja sarnaseid tehnoloogiaid (\u201ek\u00fcpsiseid\u201c), et parandada meie tooteid ja Teie kogemust meie veebipoes moskos.eu, kogudes teavet selle kohta, kuidas Te meie veebipoodi kasutate. M\u00f5ned k\u00fcpsised, mida me kasutame, on vajalikud moskos.eu p\u00f5hiliste funktsioonide t\u00e4itmiseks, n\u00e4iteks turvalise sisselogimise tagamiseks v\u00f5i selleks, et meelde j\u00e4tta, millises tellimisprotsessi etapis Te olete; kasutame k\u00fcpsiseid ka moskos.eu veebipoe kasutamise anal\u00fc\u00fcsimiseks (et saaksime selle t\u00f6\u00f6d hinnata ja parandada); reklaamk\u00fcpsiseid kasutavad reklaamifirmad, et pakkuda Teie huvidele vastavat reklaami.<\/p>\n<p>Kogudes teavet Teie seadme kohta ja sidudes selle Teie isikuandmetega, saame moskos.eu veebilehe paremini Teie vajaduste ja huvide j\u00e4rgi kohandada ning tagada, et meie veebipood pakub Teile parimat kogemust.<\/p>\n<p>Google Analytics abil oleme seadistanud teenuse nii, et kohe, kui Analytics Collection Network <a href=\"https:\/\/support.google.com\/analytics\/answer\/2763052?hl=en\" target=\"_blank\" rel=\"noopener\">https:\/\/support.google.com\/analytics\/answer\/2763052?hl=en<\/a> andmed k\u00e4tte saab, anon\u00fc\u00fcmistatakse Teie IP-aadress enne nende salvestamist v\u00f5i t\u00f6\u00f6tlemist. Kui soovite loobuda Google Analytics j\u00e4lgimisest k\u00f5igil veebisaitidel, k\u00fclastage lehte <a href=\"http:\/\/tools.google.com\/dlpage\/gaoptout\" target=\"_blank\" rel=\"noopener\">http:\/\/tools.google.com\/dlpage\/gaoptout<\/a>.. <\/p>\n<p>Lisateavet meie kasutatavate k\u00fcpsiste kohta leiate oma seadeaknast, kasutades meie veebipoes moskos.eu asuvat k\u00fcpsiste n\u00f5usoleku vormi. Juhime Teie t\u00e4helepanu sellele, et ilma k\u00fcpsisteta ei pruugi Teil olla v\u00f5imalik kasutada k\u00f5iki meie pakutavaid teenuseid. <\/p>\n<p>[\/language-include]<\/p>\n<p>[language-include lang=&#8221;pl_PL&#8221;]<\/p>\n\n<p>U\u017cywamy plik\u00f3w cookie i podobnych technologii (\u201eciasteczek\u201d), aby ulepsza\u0107 nasze produkty i poprawia\u0107 Twoje do\u015bwiadczenia w sklepie internetowym moskos.eu, zbieraj\u0105c informacje o tym, jak z niego korzystasz. Niekt\u00f3re z u\u017cywanych plik\u00f3w cookie s\u0105 niezb\u0119dne do dzia\u0142ania podstawowych funkcji moskos.eu, np. w celu zapewnienia bezpiecznego logowania lub zapami\u0119tania etapu, na kt\u00f3rym znajduje si\u0119 zam\u00f3wienie; jednak pliki cookie wykorzystujemy r\u00f3wnie\u017c do analizy korzystania ze sklepu internetowego moskos.eu (aby\u015bmy mogli oceni\u0107 i poprawi\u0107 jego dzia\u0142anie); reklamowe pliki cookie s\u0105 wykorzystywane przez firmy reklamowe w celu wy\u015bwietlania reklam odpowiadaj\u0105cych Twoim zainteresowaniom.  <\/p>\n<p>Zbieraj\u0105c informacje o Twoim urz\u0105dzeniu i \u0142\u0105cz\u0105c je z danymi osobowymi, mo\u017cemy jeszcze lepiej dopasowa\u0107 stron\u0119 moskos.eu do Twoich potrzeb i zainteresowa\u0144, zapewniaj\u0105c, \u017ce nasz sklep internetowy gwarantuje Ci najlepsze do\u015bwiadczenia.<\/p>\n<p>Korzystaj\u0105c z Google Analytics, nasze ustawienia sprawiaj\u0105, \u017ce gdy tylko dane trafi\u0105 do Analytics Collection Network https:\/\/support.google.com\/analytics\/answer\/2763052?hl=en, Tw\u00f3j adres IP zostaje automatycznie zanonimizowany przed ich zapisaniem lub przetworzeniem. Je\u015bli chcesz zrezygnowa\u0107 z monitorowania przez Google Analytics na wszystkich stronach, odwied\u017a http:\/\/tools.google.com\/dlpage\/gaoptout.. <\/p>\n<p>Wi\u0119cej informacji o u\u017cywanych przez nas plikach cookie znajdziesz w oknie ustawie\u0144, korzystaj\u0105c z narz\u0119dzia zgody na ciasteczka w naszym sklepie internetowym moskos.eu. Informujemy, \u017ce bez plik\u00f3w cookie korzystanie ze wszystkich naszych us\u0142ug mo\u017ce by\u0107 niemo\u017cliwe. <\/p>\n<p>[\/language-include]<\/p>\n<p>[language-include lang=&#8221;lv&#8221;]<\/p>\n\n<p>M\u0113s izmantojam s\u012bkfailus un l\u012bdz\u012bgas tehnolo\u0123ijas (\u201cs\u012bkfailus\u201d), lai uzlabotu m\u016bsu produktus un j\u016bsu pieredzi m\u016bsu interneta veikal\u0101 moskos.eu, v\u0101cot inform\u0101ciju par to, k\u0101 j\u016bs izmantojat m\u016bsu veikalu. Da\u013ca s\u012bkfailu ir nepiecie\u0161ami moskos.eu pamatfunkciju nodro\u0161in\u0101\u0161anai, piem\u0113ram, dro\u0161ai pieteik\u0161an\u0101s nodro\u0161in\u0101\u0161anai vai j\u016bsu pas\u016bt\u012bjuma stadijas atmi\u0146ai; ta\u010du m\u0113s ar\u012b izmantojam s\u012bkfailus, lai analiz\u0113tu, k\u0101 izmantojat interneta veikalu, t\u0101d\u0113j\u0101di varam nov\u0113rt\u0113t un uzlabot t\u0101 darb\u012bbu. Rekl\u0101mas s\u012bkfaili \u013cauj rekl\u0101mas uz\u0146\u0113mumiem att\u0113lot jums atbilsto\u0161as rekl\u0101mas.  <\/p>\n<p>Apkopojot inform\u0101ciju par j\u016bsu ier\u012bci un saistot to ar j\u016bsu personas datiem, m\u0113s sp\u0113jam lab\u0101k piel\u0101got moskos.eu j\u016bsu vajadz\u012bb\u0101m un interes\u0113m, nodro\u0161inot vislab\u0101ko pieredzi m\u016bsu interneta veikal\u0101.<\/p>\n<p>Izmantojot \u201eGoogle Analytics\u201c, m\u0113s esam konfigur\u0113ju\u0161i pakalpojumu t\u0101, lai, kad \u201eAnalytics Collection Network\u201c https:\/\/support.google.com\/analytics\/answer\/2763052?hl=en sa\u0146em datus, j\u016bsu IP adrese tiek anonimiz\u0113ta pirms datu saglab\u0101\u0161anas vai apstr\u0101des. Lai atteiktos no &#8220;Google Analytics&#8221; izseko\u0161anas vis\u0101s vietn\u0113s, apmekl\u0113jiet http:\/\/tools.google.com\/dlpage\/gaoptout.. <\/p>\n<p>Pla\u0161\u0101ku inform\u0101ciju par izmantotajiem s\u012bkfailiem atrad\u012bsiet sav\u0101 iestat\u012bjumu log\u0101, izmantojot s\u012bkfailu at\u013cauju r\u012bku m\u016bsu interneta veikal\u0101 moskos.eu. L\u016bdzu, \u0146emiet v\u0113r\u0101, ka bez s\u012bkfailiem var neb\u016bt iesp\u0113jams pilnv\u0113rt\u012bgi izmantot visus m\u016bsu pakalpojumus. <\/p>\n<p>[\/language-include]<\/p>\n","protected":false},"excerpt":{"rendered":"<p>Kasutame k\u00fcpsiseid ja sarnaseid tehnoloogiaid (\u201ek\u00fcpsiseid\u201c), et parandada meie tooteid ja Teie kogemust meie veebipoes moskos.eu, kogudes teavet selle kohta, kuidas Te meie veebipoodi kasutate. M\u00f5ned k\u00fcpsised, mida me kasutame, on vajalikud moskos.eu p\u00f5hiliste funktsioonide t\u00e4itmiseks, n\u00e4iteks turvalise sisselogimise tagamiseks v\u00f5i selleks, et meelde j\u00e4tta, millises tellimisprotsessi etapis Te olete; kasutame k\u00fcpsiseid ka moskos.eu veebipoe [&hellip;]<\/p>\n","protected":false},"author":1,"featured_media":0,"parent":0,"menu_order":0,"comment_status":"closed","ping_status":"closed","template":"","meta":{"_acf_changed":false,"_gspb_post_css":"","footnotes":""},"class_list":["post-49981","page","type-page","status-publish","hentry"],"blocksy_meta":[],"acf":[],"_links":{"self":[{"href":"https:\/\/moskos.eu\/et\/wp-json\/wp\/v2\/pages\/49981","targetHints":{"allow":["GET"]}}],"collection":[{"href":"https:\/\/moskos.eu\/et\/wp-json\/wp\/v2\/pages"}],"about":[{"href":"https:\/\/moskos.eu\/et\/wp-json\/wp\/v2\/types\/page"}],"author":[{"embeddable":true,"href":"https:\/\/moskos.eu\/et\/wp-json\/wp\/v2\/users\/1"}],"replies":[{"embeddable":true,"href":"https:\/\/moskos.eu\/et\/wp-json\/wp\/v2\/comments?post=49981"}],"version-history":[{"count":1,"href":"https:\/\/moskos.eu\/et\/wp-json\/wp\/v2\/pages\/49981\/revisions"}],"predecessor-version":[{"id":49982,"href":"https:\/\/moskos.eu\/et\/wp-json\/wp\/v2\/pages\/49981\/revisions\/49982"}],"wp:attachment":[{"href":"https:\/\/moskos.eu\/et\/wp-json\/wp\/v2\/media?parent=49981"}],"curies":[{"name":"wp","href":"https:\/\/api.w.org\/{rel}","templated":true}]}}