{"id":49996,"date":"2026-01-21T23:50:44","date_gmt":"2026-01-21T21:50:44","guid":{"rendered":"https:\/\/moskos.eu\/produktas\/kinkekaart\/"},"modified":"2026-04-01T13:23:00","modified_gmt":"2026-04-01T10:23:00","slug":"kinkekaart","status":"publish","type":"product","link":"https:\/\/moskos.eu\/et\/toode\/kinkekaart\/","title":{"rendered":"Kinkekaart"},"content":{"rendered":"","protected":false},"excerpt":{"rendered":"<p data-start=\"261\" data-end=\"525\"><strong data-start=\"261\" data-end=\"286\">MosKos kinkekaart <\/strong>\u2013 kutse sukelduda l\u00f5hnamaailma, kus aroomidest saavad lood ja igast valikust saab isiklik kogemus. See on peen ja elegantne kingitus neile, kes hindavad eksklusiivsust, kvaliteeti ja l\u00f5hnu, mis j\u00e4tavad kauakestva mulje.<\/p>\n<p data-start=\"527\" data-end=\"597\">Lase kinkekaardi saajal avastada oma l\u00f5hn, mis r\u00e4\u00e4gib tema eest.<\/p>\n","protected":false},"featured_media":50012,"template":"","meta":{"_acf_changed":false,"_gspb_post_css":""},"product_brand":[],"product_cat":[90],"product_tag":[],"class_list":{"0":"post-49996","1":"product","2":"type-product","3":"status-publish","4":"has-post-thumbnail","6":"product_cat-kinkekaart","8":"first","9":"instock","10":"sale","11":"purchasable","12":"product-type-pw-gift-card","13":"has-default-attributes"},"supplier_id":null,"supplier_sku":"","barcode":null,"atum_controlled":true,"out_stock_date":null,"out_stock_threshold":null,"inheritable":false,"inbound_stock":null,"stock_on_hold":0,"sold_today":0,"sales_last_days":0,"reserved_stock":null,"customer_returns":null,"warehouse_damage":null,"lost_in_post":null,"other_logs":null,"out_stock_days":0,"lost_sales":0,"has_location":false,"update_date":"2026-04-08T00:07:36","atum_locations":[],"atum_stock_status":"instock","restock_status":false,"low_stock_amount":"","sales_update_date":"2026-04-08T00:07:35","calc_backorders":null,"acf":[],"_links":{"self":[{"href":"https:\/\/moskos.eu\/et\/wp-json\/wp\/v2\/product\/49996","targetHints":{"allow":["GET"]}}],"collection":[{"href":"https:\/\/moskos.eu\/et\/wp-json\/wp\/v2\/product"}],"about":[{"href":"https:\/\/moskos.eu\/et\/wp-json\/wp\/v2\/types\/product"}],"wp:featuredmedia":[{"embeddable":true,"href":"https:\/\/moskos.eu\/et\/wp-json\/wp\/v2\/media\/50012"}],"wp:attachment":[{"href":"https:\/\/moskos.eu\/et\/wp-json\/wp\/v2\/media?parent=49996"}],"wp:term":[{"taxonomy":"product_brand","embeddable":true,"href":"https:\/\/moskos.eu\/et\/wp-json\/wp\/v2\/product_brand?post=49996"},{"taxonomy":"product_cat","embeddable":true,"href":"https:\/\/moskos.eu\/et\/wp-json\/wp\/v2\/product_cat?post=49996"},{"taxonomy":"product_tag","embeddable":true,"href":"https:\/\/moskos.eu\/et\/wp-json\/wp\/v2\/product_tag?post=49996"}],"curies":[{"name":"wp","href":"https:\/\/api.w.org\/{rel}","templated":true}]}}