{"id":50733,"date":"2024-03-01T07:59:35","date_gmt":"2024-03-01T07:59:35","guid":{"rendered":"https:\/\/moskos.eu\/produktas\/exotic-leather\/"},"modified":"2026-04-02T23:10:12","modified_gmt":"2026-04-02T20:10:12","slug":"exotic-leather-ee","status":"publish","type":"product","link":"https:\/\/moskos.eu\/et\/toode\/exotic-leather-ee\/","title":{"rendered":"EXOTIC LEATHER"},"content":{"rendered":"<p>\u201eExotic Leather\u201c \u2013 enamat kui lihtsalt l\u00f5hn. See on emotsioon, lugu ja sinu isiklik aktsent. See parf\u00fc\u00fcm on loodud neile, kes otsivad t\u00e4iuslikku tasakaalu peenuse ja julguse, elegantsi ja kire vahel.  <\/p>\n<p><span lang=\"EN-GB\"><b> Tipunoodid:<\/b><\/span><br \/>\n<i>Bergamott, melon ja greip<\/i><\/p>\n<p><span lang=\"EN-GB\"><b>S\u00fcdamenoodid:<\/b><\/span><br \/>\n<i>Nulg, k\u00fcpress ja salvei<\/i><\/p>\n<p><span lang=\"EN-GB\"><b>P\u00f5hinoodid:<\/b><\/span><br \/>\n<i>Pat\u0161uli, sandlipuu, tammisamblik ja vetiver<\/i><\/p>\n<p><strong>Kasutamine:<\/strong> pihusta parf\u00fc\u00fcmi otse nahale kohtadesse, kus pulss on tuntav (randmetele, kaelale, k\u00f5rva taha). Lase aroomil seguneda sinu naha loomuliku l\u00f5hnaga. <\/p>\n","protected":false},"excerpt":{"rendered":"<p>Kujuta ette, et seisad eksootilise metsa s\u00fcgavuses, kus v\u00e4rske tsitrusetuul \u00fchineb pehme puidusoojusega. Vaid \u00fcks l\u00f5hn ja tunned, kuidas su m\u00f5tted vabanevad ning \u00fcmbruse t\u00e4idab rahu ja elegantsi tunne.<br \/>See pole lihtsalt l\u00f5hn \u2013 see on teekond, mis algab esimesest tilgast sinu nahal. <\/p>\n<p>Maht: 30ml &#8211; 50ml<\/p>\n","protected":false},"featured_media":50744,"template":"","meta":{"_acf_changed":false,"_gspb_post_css":""},"product_brand":[],"product_cat":[93],"product_tag":[],"class_list":{"0":"post-50733","1":"product","2":"type-product","3":"status-publish","4":"has-post-thumbnail","6":"product_cat-unisexee","8":"first","9":"instock","10":"sale","11":"taxable","12":"shipping-taxable","13":"purchasable","14":"product-type-variable"},"supplier_id":null,"supplier_sku":"","barcode":null,"atum_controlled":true,"out_stock_date":null,"out_stock_threshold":null,"inheritable":true,"inbound_stock":0,"stock_on_hold":2,"sold_today":0,"sales_last_days":0,"reserved_stock":0,"customer_returns":0,"warehouse_damage":0,"lost_in_post":null,"other_logs":0,"out_stock_days":0,"lost_sales":0,"has_location":false,"update_date":"2026-04-04T00:02:39","atum_locations":[],"atum_stock_status":"instock","restock_status":false,"low_stock_amount":"","sales_update_date":"2026-04-04T00:02:38","calc_backorders":null,"acf":[],"_links":{"self":[{"href":"https:\/\/moskos.eu\/et\/wp-json\/wp\/v2\/product\/50733","targetHints":{"allow":["GET"]}}],"collection":[{"href":"https:\/\/moskos.eu\/et\/wp-json\/wp\/v2\/product"}],"about":[{"href":"https:\/\/moskos.eu\/et\/wp-json\/wp\/v2\/types\/product"}],"wp:featuredmedia":[{"embeddable":true,"href":"https:\/\/moskos.eu\/et\/wp-json\/wp\/v2\/media\/50744"}],"wp:attachment":[{"href":"https:\/\/moskos.eu\/et\/wp-json\/wp\/v2\/media?parent=50733"}],"wp:term":[{"taxonomy":"product_brand","embeddable":true,"href":"https:\/\/moskos.eu\/et\/wp-json\/wp\/v2\/product_brand?post=50733"},{"taxonomy":"product_cat","embeddable":true,"href":"https:\/\/moskos.eu\/et\/wp-json\/wp\/v2\/product_cat?post=50733"},{"taxonomy":"product_tag","embeddable":true,"href":"https:\/\/moskos.eu\/et\/wp-json\/wp\/v2\/product_tag?post=50733"}],"curies":[{"name":"wp","href":"https:\/\/api.w.org\/{rel}","templated":true}]}}