{"id":50817,"date":"2024-03-01T08:06:34","date_gmt":"2024-03-01T08:06:34","guid":{"rendered":"https:\/\/moskos.eu\/produktas\/deep-forest\/"},"modified":"2026-03-13T23:30:55","modified_gmt":"2026-03-13T21:30:55","slug":"deep-forest","status":"publish","type":"product","link":"https:\/\/moskos.eu\/et\/toode\/deep-forest\/","title":{"rendered":"DEEP FOREST"},"content":{"rendered":"<p>\u201eDeep Forest\u201c on enamat kui lihtsalt l\u00f5hn \u2013 see on tasakaalustatud segu tsitruseliste, lilleliste, \u00fcrdi- ja puidunootide aroomidest, luues sensuaalse ja luksusliku meistriteose. Parf\u00fc\u00fcmi kauakestev aroom varieerub tsitruste v\u00e4rskusest roosi ja salvei elegantsini ning on kroonitud gurmaanlike puidutoonidega. <\/p>\n<p><strong>Tipunoodid: <\/strong><br \/>\nMusts\u00f5star, rosmariin, bergamott, apelsin.<\/p>\n<p><strong> S\u00fcdamenoodid:<\/strong><br \/>\nRoos, salvei.<\/p>\n<p><strong> P\u00f5hinoodid:<\/strong><br \/>\nSandlipuu, seeder, tonka uba, vanill.<br \/>\nRoheline lilleline aroom muskuse ja kerge \u00fcrdise v\u00fcrtsikusega. Hiljem muutub l\u00f5hn puudriliseks ja magusaks ning avaneb vanill. <\/p>\n<p>Kasutamine: pihusta parf\u00fc\u00fcmi otse nahale kohtadesse, kus pulss on tuntav (randmetele, kaelale, k\u00f5rva taha). Lase aroomil seguneda sinu naha loomuliku l\u00f5hnaga. <\/p>\n","protected":false},"excerpt":{"rendered":"<p>See on l\u00f5hn, milles v\u00e4rskus on oskuslikult p\u00f5imitud v\u00fcrtside ja puidu soojuse ning soliidsusega, luues ilmeka ja rafineeritud<span class=\"s5\">l\u00f5hnas\u00fcmfoonia. Soojade p\u00f5hinootide taustal tulevad <\/span> esile j\u00e4rk-j\u00e4rgult avanevad lillede ja pikantsete v\u00fcrtside aroomid. Vaid \u00fcks s\u00f5\u00f5m viib sind rohelusest, helidest ja l\u00f5hnadest k\u00fclluslikku metsa, kus jagub peensust ja elegantsi ning kus \u00f5rn tuuleiil toob kaasa puiduse hubasuse ja vanilli magusa puhangu.<\/p>\n<p>Maht: 30ml &#8211; 50ml<\/p>\n","protected":false},"featured_media":50827,"template":"","meta":{"_acf_changed":false,"_gspb_post_css":""},"product_brand":[],"product_cat":[106,93],"product_tag":[],"class_list":{"0":"post-50817","1":"product","2":"type-product","3":"status-publish","4":"has-post-thumbnail","6":"product_cat-coupon-test","7":"product_cat-unisexee","9":"first","10":"instock","11":"sale","12":"taxable","13":"shipping-taxable","14":"purchasable","15":"product-type-variable"},"supplier_id":null,"supplier_sku":"","barcode":null,"atum_controlled":true,"out_stock_date":null,"out_stock_threshold":null,"inheritable":true,"inbound_stock":0,"stock_on_hold":0,"sold_today":0,"sales_last_days":1,"reserved_stock":0,"customer_returns":0,"warehouse_damage":0,"lost_in_post":null,"other_logs":0,"out_stock_days":0,"lost_sales":0,"has_location":false,"update_date":"2026-04-04T00:02:20","atum_locations":[],"atum_stock_status":"instock","restock_status":false,"low_stock_amount":"","sales_update_date":"2026-04-04T00:02:20","calc_backorders":null,"acf":[],"_links":{"self":[{"href":"https:\/\/moskos.eu\/et\/wp-json\/wp\/v2\/product\/50817","targetHints":{"allow":["GET"]}}],"collection":[{"href":"https:\/\/moskos.eu\/et\/wp-json\/wp\/v2\/product"}],"about":[{"href":"https:\/\/moskos.eu\/et\/wp-json\/wp\/v2\/types\/product"}],"wp:featuredmedia":[{"embeddable":true,"href":"https:\/\/moskos.eu\/et\/wp-json\/wp\/v2\/media\/50827"}],"wp:attachment":[{"href":"https:\/\/moskos.eu\/et\/wp-json\/wp\/v2\/media?parent=50817"}],"wp:term":[{"taxonomy":"product_brand","embeddable":true,"href":"https:\/\/moskos.eu\/et\/wp-json\/wp\/v2\/product_brand?post=50817"},{"taxonomy":"product_cat","embeddable":true,"href":"https:\/\/moskos.eu\/et\/wp-json\/wp\/v2\/product_cat?post=50817"},{"taxonomy":"product_tag","embeddable":true,"href":"https:\/\/moskos.eu\/et\/wp-json\/wp\/v2\/product_tag?post=50817"}],"curies":[{"name":"wp","href":"https:\/\/api.w.org\/{rel}","templated":true}]}}