{"id":50862,"date":"2024-03-01T08:15:56","date_gmt":"2024-03-01T08:15:56","guid":{"rendered":"https:\/\/moskos.eu\/produktas\/iron-rose\/"},"modified":"2026-04-03T11:51:22","modified_gmt":"2026-04-03T08:51:22","slug":"iron-rose-ee","status":"publish","type":"product","link":"https:\/\/moskos.eu\/et\/toode\/iron-rose-ee\/","title":{"rendered":"IRON ROSE"},"content":{"rendered":"<p>Iron Rose on l\u00f5hn, mis jutustab loo. Parf\u00fc\u00fcmi peategelane on roos, mis \u00f5itseb oma kauneimas hiilguses, v\u00f5rgutav nagu tass hommikukohvi ja \u00fcmbritsetud salap\u00e4rasest h\u00f5ngust, mida v\u00f5imendavad puidu ja v\u00fcrtside noodid.<\/p>\n<p><strong>Tipunoodid:<\/strong><br \/>\nRoos, must pipar.<\/p>\n<p><strong> S\u00fcdamenoodid:<\/strong><br \/>\nRoos, kohv.<\/p>\n<p><strong> P\u00f5hinoodid:<\/strong><br \/>\nPat\u0161uli, sandlipuu, merevaik.<br \/>\nSoe sandlipuu peene roosiaktsendiga, meenutades naha aroomi. \u00d5rn l\u00f5hn, mis p\u00fcsib kehal kaua.<\/p>\n<p>Kasutamine: pihusta parf\u00fc\u00fcmi otse nahale kohtadesse, kus pulss on tuntav (randmetele, kaelale, k\u00f5rva taha). Lase aroomil seguneda sinu naha loomuliku l\u00f5hnaga.<\/p>\n","protected":false},"excerpt":{"rendered":"<p><span data-sheets-root=\"1\">See on l\u00f5hn, milles p\u00f5imuvad sametise roosi iseloom v\u00fcrtside soojuse, kohvi rafineerituse ja puidu hubasusega. Peen, kuid julge aroom on sinu enesekindluse m\u00e4rk \u2013 eriline aktsent, mis t\u00e4iendab nii igap\u00e4evast kui ka pidulikku stiili. K\u00fclluse ja sensuaalsusega lummavad noodid panevad p\u00e4id p\u00f6\u00f6rama ja nende allikat otsima, need vallutavad ja j\u00e4tavad kustumatu mulje. Ole osa sellest muljest!<\/span><\/p>\n<p>Maht: 30ml &#8211; 50ml<\/p>\n","protected":false},"featured_media":50870,"template":"","meta":{"_acf_changed":false,"_gspb_post_css":""},"product_brand":[],"product_cat":[106,93],"product_tag":[],"class_list":{"0":"post-50862","1":"product","2":"type-product","3":"status-publish","4":"has-post-thumbnail","6":"product_cat-coupon-test","7":"product_cat-unisexee","9":"first","10":"instock","11":"sale","12":"taxable","13":"shipping-taxable","14":"purchasable","15":"product-type-variable"},"supplier_id":null,"supplier_sku":"","barcode":null,"atum_controlled":true,"out_stock_date":null,"out_stock_threshold":null,"inheritable":true,"inbound_stock":0,"stock_on_hold":2,"sold_today":0,"sales_last_days":0,"reserved_stock":0,"customer_returns":0,"warehouse_damage":0,"lost_in_post":0,"other_logs":0,"out_stock_days":0,"lost_sales":0,"has_location":false,"update_date":"2026-04-04T00:02:40","atum_locations":[],"atum_stock_status":"instock","restock_status":false,"low_stock_amount":"","sales_update_date":"2026-04-04T00:02:40","calc_backorders":null,"acf":[],"_links":{"self":[{"href":"https:\/\/moskos.eu\/et\/wp-json\/wp\/v2\/product\/50862","targetHints":{"allow":["GET"]}}],"collection":[{"href":"https:\/\/moskos.eu\/et\/wp-json\/wp\/v2\/product"}],"about":[{"href":"https:\/\/moskos.eu\/et\/wp-json\/wp\/v2\/types\/product"}],"wp:featuredmedia":[{"embeddable":true,"href":"https:\/\/moskos.eu\/et\/wp-json\/wp\/v2\/media\/50870"}],"wp:attachment":[{"href":"https:\/\/moskos.eu\/et\/wp-json\/wp\/v2\/media?parent=50862"}],"wp:term":[{"taxonomy":"product_brand","embeddable":true,"href":"https:\/\/moskos.eu\/et\/wp-json\/wp\/v2\/product_brand?post=50862"},{"taxonomy":"product_cat","embeddable":true,"href":"https:\/\/moskos.eu\/et\/wp-json\/wp\/v2\/product_cat?post=50862"},{"taxonomy":"product_tag","embeddable":true,"href":"https:\/\/moskos.eu\/et\/wp-json\/wp\/v2\/product_tag?post=50862"}],"curies":[{"name":"wp","href":"https:\/\/api.w.org\/{rel}","templated":true}]}}