{"id":50910,"date":"2024-03-01T08:18:24","date_gmt":"2024-03-01T08:18:24","guid":{"rendered":"https:\/\/moskos.eu\/produktas\/balsamic-wood-ee\/"},"modified":"2026-03-13T02:14:20","modified_gmt":"2026-03-13T00:14:20","slug":"balsamic-wood-ee","status":"publish","type":"product","link":"https:\/\/moskos.eu\/et\/toode\/balsamic-wood-ee\/","title":{"rendered":"BALSAMIC WOOD"},"content":{"rendered":"<p>\u201eBalsamic Wood\u201c \u2013 l\u00f5hn, milles \u00fchinevad v\u00e4rskus, v\u00fcrtside teravus, joovastav lillearoom ja peen vanilli magusus. See kooslus muutub v\u00e4ltimatult rafineeritud kompositsiooniks, mis tugevdab sinu enesekindlust. See parf\u00fc\u00fcm \u2013 vabaduse ja peene luksuse armastajatele!  <\/p>\n<p><strong>Tipunoodid:<\/strong><br \/>\nBergamott, koriander.<\/p>\n<p><strong>S\u00fcdamenoodid:<\/strong><br \/>\nRoos, must pipar.<\/p>\n<p><strong>P\u00f5hinoodid:<\/strong><br \/>\nPat\u0161uli, ambra, vanill.<br \/>\nPat\u0161uli ja merevaigu aroom, vanill, kauged roosiaktsendid. Puidune, soojalt v\u00fcrtsikas. <\/p>\n<p><g id=\"gid_0\"><g id=\"gid_1\">Kasutamine:<\/g><\/g> pihusta parf\u00fc\u00fcmi otse nahale kohtadesse, kus pulss on tuntav (randmetele, kaelale, k\u00f5rva taha). Lase aroomil seguneda sinu naha loomuliku l\u00f5hnaga. <\/p>\n","protected":false},"excerpt":{"rendered":"<p>See on l\u00f5hn, mida v\u00f5ib v\u00f5rrelda varahommikuga m\u00e4gedes \u2013 see on v\u00e4rske, puhas ja unustamatu. L\u00f5puakord on aga hoopis teistsugune \u2013 rahulik ja romantiline, otsekui hubane \u00f5htu h\u00f5\u00f5guva tule \u00e4\u00e4res. \u201eBalsamic Wood\u201c \u00fchendab laitmatult kerguse ja s\u00fcgavuse, erksad aktsendid ja salap\u00e4ra ning rafineerituse ja \u00f5rna romantika.  <\/p>\n<p>See on palju enam kui l\u00f5hn \u2013 see parf\u00fc\u00fcm on kui sinu teine nahk, milleta ei suuda edukat p\u00e4eva ettegi kujutada.<\/p>\n<p>Maht: 30ml &#8211; 50ml<\/p>\n","protected":false},"featured_media":50924,"template":"","meta":{"_acf_changed":false,"_gspb_post_css":""},"product_brand":[],"product_cat":[106,93],"product_tag":[],"class_list":{"0":"post-50910","1":"product","2":"type-product","3":"status-publish","4":"has-post-thumbnail","6":"product_cat-coupon-test","7":"product_cat-unisexee","9":"first","10":"instock","11":"sale","12":"taxable","13":"shipping-taxable","14":"purchasable","15":"product-type-variable"},"supplier_id":null,"supplier_sku":"","barcode":null,"atum_controlled":true,"out_stock_date":null,"out_stock_threshold":null,"inheritable":true,"inbound_stock":null,"stock_on_hold":0,"sold_today":0,"sales_last_days":3,"reserved_stock":null,"customer_returns":null,"warehouse_damage":null,"lost_in_post":null,"other_logs":null,"out_stock_days":0,"lost_sales":0,"has_location":false,"update_date":"2026-04-04T00:02:20","atum_locations":[],"atum_stock_status":"instock","restock_status":false,"low_stock_amount":"","sales_update_date":"2026-04-04T00:02:20","calc_backorders":null,"acf":[],"_links":{"self":[{"href":"https:\/\/moskos.eu\/et\/wp-json\/wp\/v2\/product\/50910","targetHints":{"allow":["GET"]}}],"collection":[{"href":"https:\/\/moskos.eu\/et\/wp-json\/wp\/v2\/product"}],"about":[{"href":"https:\/\/moskos.eu\/et\/wp-json\/wp\/v2\/types\/product"}],"wp:featuredmedia":[{"embeddable":true,"href":"https:\/\/moskos.eu\/et\/wp-json\/wp\/v2\/media\/50924"}],"wp:attachment":[{"href":"https:\/\/moskos.eu\/et\/wp-json\/wp\/v2\/media?parent=50910"}],"wp:term":[{"taxonomy":"product_brand","embeddable":true,"href":"https:\/\/moskos.eu\/et\/wp-json\/wp\/v2\/product_brand?post=50910"},{"taxonomy":"product_cat","embeddable":true,"href":"https:\/\/moskos.eu\/et\/wp-json\/wp\/v2\/product_cat?post=50910"},{"taxonomy":"product_tag","embeddable":true,"href":"https:\/\/moskos.eu\/et\/wp-json\/wp\/v2\/product_tag?post=50910"}],"curies":[{"name":"wp","href":"https:\/\/api.w.org\/{rel}","templated":true}]}}