{"id":51077,"date":"2025-03-16T22:09:03","date_gmt":"2025-03-16T20:09:03","guid":{"rendered":"https:\/\/moskos.eu\/produktas\/sinu-komplekt-edp\/"},"modified":"2025-03-16T22:09:03","modified_gmt":"2025-03-16T20:09:03","slug":"sinu-komplekt-edp","status":"publish","type":"product","link":"https:\/\/moskos.eu\/et\/toode\/sinu-komplekt-edp\/","title":{"rendered":"Sinu Komplekt (EDP)"},"content":{"rendered":"<p>Iga sinu p\u00e4ev \u2013 on nagu uus maal, mille l\u00f5plik pintslit\u00f5mme m\u00e4\u00e4rab selle \u00fcldise ilu. Parf\u00fc\u00fcm on just see viimane pintslit\u00f5mme \u2013 eriline, s\u00e4rav ja meeldej\u00e4\u00e4v. See v\u00f5ib saada sinu visiitkaardiks, eristavaks m\u00e4rgiks, mis meelitab ligi sinu \u00fcmber olevaid inimesi ja tugevdab sinu enesekindlust. Seekord kutsume sind valima 6 erilise aroomi seast, millest iga\u00fcks loob ainulaadse meeleolu: k\u00fcllusliku, \u00f5rna, kerge, intensiivse, kirka v\u00f5i peenelt v\u00f5rgutava. Millise pintslit\u00f5mbe lisad t\u00e4na oma maalile?    <\/p>\n<p>K\u00f5rgeima kvaliteediga parf\u00fc\u00fcmitestrid v\u00f5imaldavad sul kodus mugavalt ja kiirustamata kogeda erinevate aroomide maagiat. R\u00e4nda \u00f5rnadest lilledest luksusliku idamaise eksootikani, v\u00e4rsketest tsitrustest k\u00fclluslike metsaakordideni. Avasta l\u00f5hn, mis saadab sind iga p\u00e4ev \u2013 vali r\u00f5\u00f5mu ja enesekindlusega!  <\/p>\n","protected":false},"excerpt":{"rendered":"<p>Maht: 6 \u00d7 2 ml<\/p>\n<p>Avasta oma ideaalne aroom, luues oma unikaalse 6 testrist koosneva komplekti \u2013 igal l\u00f5hnal on oma iseloom, lugu ja atmosf\u00e4\u00e4r. Tunne idamaade eksootilist h\u00f5ngu, metsa lummavat m\u00fcstikat, varahommiku v\u00e4rskust v\u00f5i lillede elegantset harmooniat ja vali aroom, mida soovid k\u00f5ige enam omaks v\u00f5tta. <\/p>\n<p>\ud83d\udd25\ud83d\udd25\ud83d\udd25Koosta oma komplekt ise\ud83d\udd25\ud83d\udd25\ud83d\udd25<\/p>\n<p>Lisa oma komplekti 6 MISTAHES ALLJ\u00c4RGNEVAT l\u00f5hna (v\u00f5id lisada ka mitu sama l\u00f5hna)<\/p>\n<p>M\u00e4rgi lihtsalt 6 meelep\u00e4rast parf\u00fc\u00fcmi linnukesega \u201eLisa komplekti\u201c.<\/p>\n","protected":false},"featured_media":47905,"template":"","meta":{"_acf_changed":false,"_gspb_post_css":""},"product_brand":[],"product_cat":[94],"product_tag":[],"class_list":{"0":"post-51077","1":"product","2":"type-product","3":"status-publish","4":"has-post-thumbnail","6":"product_cat-testijad","8":"first","9":"instock","10":"sale","11":"taxable","12":"shipping-taxable","13":"purchasable","14":"product-type-yith_bundle"},"supplier_id":null,"supplier_sku":"","barcode":null,"atum_controlled":true,"out_stock_date":null,"out_stock_threshold":null,"inheritable":false,"inbound_stock":null,"stock_on_hold":0,"sold_today":0,"sales_last_days":3,"reserved_stock":null,"customer_returns":null,"warehouse_damage":null,"lost_in_post":null,"other_logs":null,"out_stock_days":0,"lost_sales":0,"has_location":false,"update_date":"2026-04-04T00:01:52","atum_locations":[],"atum_stock_status":"instock","restock_status":false,"low_stock_amount":"","sales_update_date":"2026-04-04T00:01:52","calc_backorders":null,"acf":[],"_links":{"self":[{"href":"https:\/\/moskos.eu\/et\/wp-json\/wp\/v2\/product\/51077","targetHints":{"allow":["GET"]}}],"collection":[{"href":"https:\/\/moskos.eu\/et\/wp-json\/wp\/v2\/product"}],"about":[{"href":"https:\/\/moskos.eu\/et\/wp-json\/wp\/v2\/types\/product"}],"wp:featuredmedia":[{"embeddable":true,"href":"https:\/\/moskos.eu\/et\/wp-json\/wp\/v2\/media\/47905"}],"wp:attachment":[{"href":"https:\/\/moskos.eu\/et\/wp-json\/wp\/v2\/media?parent=51077"}],"wp:term":[{"taxonomy":"product_brand","embeddable":true,"href":"https:\/\/moskos.eu\/et\/wp-json\/wp\/v2\/product_brand?post=51077"},{"taxonomy":"product_cat","embeddable":true,"href":"https:\/\/moskos.eu\/et\/wp-json\/wp\/v2\/product_cat?post=51077"},{"taxonomy":"product_tag","embeddable":true,"href":"https:\/\/moskos.eu\/et\/wp-json\/wp\/v2\/product_tag?post=51077"}],"curies":[{"name":"wp","href":"https:\/\/api.w.org\/{rel}","templated":true}]}}