{"id":51128,"date":"2025-05-23T08:36:14","date_gmt":"2025-05-23T05:36:14","guid":{"rendered":"https:\/\/moskos.eu\/produktas\/meeste-top-6-komplekt-edp\/"},"modified":"2025-05-23T08:36:14","modified_gmt":"2025-05-23T05:36:14","slug":"meeste-top-6-komplekt-edp","status":"publish","type":"product","link":"https:\/\/moskos.eu\/et\/toode\/meeste-top-6-komplekt-edp\/","title":{"rendered":"Meeste TOP 6 komplekt (EDP)"},"content":{"rendered":"<p data-start=\"654\" data-end=\"827\">J\u00f5ud. Iseloom. Stiil. Hea l\u00f5hn on enamat kui lihtsalt meeldiv mulje. See on vaikne avaldus. See on meeldej\u00e4\u00e4v m\u00e4rk.     <\/p>\n<p data-start=\"829\" data-end=\"1039\">Selles Meeste Top 6 aroomikomplektis \u2013 on hoolikalt valitud kuus k\u00f5ige m\u00f5juvamat l\u00f5hna, alates v\u00e4rsketest hommikutoonidest kuni s\u00fcgava puiduse k\u00fclluseni. Loodud k\u00f5igile, kes ei pelga avastada midagi uut. <\/p>\n<p data-start=\"1041\" data-end=\"1164\">Avasta l\u00f5hn, mis sobib sinu tempo, iseloomu ja hetkega. See ei ole lihtsalt l\u00f5hn. See on sinu isiklik kood.  <\/p>\n","protected":false},"excerpt":{"rendered":"<p><strong>Maht: 6 x 2 ml <\/strong><\/p>\n<p>Avasta oma t\u00e4iuslik l\u00f5hn riskivabalt!<\/p>\n<p>Proovi k\u00f5rge kvaliteediga l\u00f5hnu mugavalt kodus ning vali kindlustundega!<\/p>\n<p data-pm-slice=\"1 1 []\">Meeste Top 6 aroomikomplekt \u2013 kuus meeste poolt enim eelistatud l\u00f5hna. Alates v\u00e4rsketest ja energiast pakatavatest toonidest kuni rikkalike puiduakordideni \u2013 need l\u00f5hnad r\u00e4\u00e4givad enesekindlusest, isikup\u00e4rast ja mehisusest. Komplekti kuuluvad:  <\/p>\n","protected":false},"featured_media":50014,"template":"","meta":{"_acf_changed":false,"_gspb_post_css":""},"product_brand":[],"product_cat":[94],"product_tag":[],"class_list":{"0":"post-51128","1":"product","2":"type-product","3":"status-publish","4":"has-post-thumbnail","6":"product_cat-testijad","8":"first","9":"instock","10":"sale","11":"taxable","12":"shipping-taxable","13":"purchasable","14":"product-type-simple"},"supplier_id":null,"supplier_sku":"","barcode":null,"atum_controlled":true,"out_stock_date":"2025-12-09 01:59:55","out_stock_threshold":null,"inheritable":false,"inbound_stock":0,"stock_on_hold":0,"sold_today":0,"sales_last_days":5,"reserved_stock":0,"customer_returns":0,"warehouse_damage":null,"lost_in_post":null,"other_logs":null,"out_stock_days":115,"lost_sales":4435,"has_location":false,"update_date":"2026-04-04T00:02:29","atum_locations":[],"atum_stock_status":"instock","restock_status":false,"low_stock_amount":"","sales_update_date":"2026-04-04T00:02:29","calc_backorders":null,"acf":[],"_links":{"self":[{"href":"https:\/\/moskos.eu\/et\/wp-json\/wp\/v2\/product\/51128","targetHints":{"allow":["GET"]}}],"collection":[{"href":"https:\/\/moskos.eu\/et\/wp-json\/wp\/v2\/product"}],"about":[{"href":"https:\/\/moskos.eu\/et\/wp-json\/wp\/v2\/types\/product"}],"wp:featuredmedia":[{"embeddable":true,"href":"https:\/\/moskos.eu\/et\/wp-json\/wp\/v2\/media\/50014"}],"wp:attachment":[{"href":"https:\/\/moskos.eu\/et\/wp-json\/wp\/v2\/media?parent=51128"}],"wp:term":[{"taxonomy":"product_brand","embeddable":true,"href":"https:\/\/moskos.eu\/et\/wp-json\/wp\/v2\/product_brand?post=51128"},{"taxonomy":"product_cat","embeddable":true,"href":"https:\/\/moskos.eu\/et\/wp-json\/wp\/v2\/product_cat?post=51128"},{"taxonomy":"product_tag","embeddable":true,"href":"https:\/\/moskos.eu\/et\/wp-json\/wp\/v2\/product_tag?post=51128"}],"curies":[{"name":"wp","href":"https:\/\/api.w.org\/{rel}","templated":true}]}}