{"id":51222,"date":"2024-03-01T08:05:01","date_gmt":"2024-03-01T08:05:01","guid":{"rendered":"https:\/\/moskos.eu\/produktas\/floral-drop\/"},"modified":"2026-03-13T23:25:17","modified_gmt":"2026-03-13T21:25:17","slug":"floral-drop","status":"publish","type":"product","link":"https:\/\/moskos.eu\/et\/toode\/floral-drop\/","title":{"rendered":"FLORAL DROP"},"content":{"rendered":"<p>\u201eFloral Drop\u201c ei ole lihtsalt l\u00f5hn \u2013 see on v\u00e4rske ja soe kevad stiilses parf\u00fc\u00fcmipudelis. See on \u00f5rn puudutus: elegantne, v\u00e4ga graatsiline ja liigutav. See on suurep\u00e4rane valik neile, kes otsivad igap\u00e4evaseks kandmiseks \u00f5rna, kuid meeldej\u00e4\u00e4vat l\u00f5hna.<\/p>\n<p><strong> Tipunoodid:<\/strong><br \/>\nSidrun, maikelluke, magnoolia.<\/p>\n<p><strong> S\u00fcdamenoodid:<\/strong><br \/>\nSalvei, geraanium.<\/p>\n<p><strong> P\u00f5hinoodid:<\/strong><br \/>\nVetiver, sandlipuu, seeder, muskus.<br \/>\nRoheliselt tsitruseline, v\u00fcrtsikas, minnes j\u00e4rk-j\u00e4rgult \u00fcle lilleliseks aroomiks. Samuti tulevad esile salvei ja geraanium. V\u00e4rskelt ja v\u00e4ga ilmekalt roheline.<\/p>\n<p>Kasutamine: pihusta parf\u00fc\u00fcmi otse nahale kohtadesse, kus pulss on tuntav (randmetele, kaelale, k\u00f5rva taha). Lase aroomil seguneda sinu naha loomuliku l\u00f5hnaga.<\/p>\n","protected":false},"excerpt":{"rendered":"<p><span data-sheets-root=\"1\">See l\u00f5hn sobib naisele, kes armastab kergust, loodust, loomulikkust ja peent, rafineeritud elegantsi. See on ideaalne valik neile, kes soovivad l\u00f5hna, mis t\u00e4iendab, kuid ei varjuta kandjat, ning neile, kes jumaldavad kevade v\u00e4rskust ja pehmust.<\/span><\/p>\n<p>Maht: 30ml &#8211; 50ml<\/p>\n","protected":false},"featured_media":51233,"template":"","meta":{"_acf_changed":false,"_gspb_post_css":""},"product_brand":[],"product_cat":[93],"product_tag":[],"class_list":{"0":"post-51222","1":"product","2":"type-product","3":"status-publish","4":"has-post-thumbnail","6":"product_cat-unisexee","8":"first","9":"instock","10":"sale","11":"taxable","12":"shipping-taxable","13":"purchasable","14":"product-type-variable"},"supplier_id":null,"supplier_sku":"","barcode":null,"atum_controlled":true,"out_stock_date":null,"out_stock_threshold":null,"inheritable":true,"inbound_stock":0,"stock_on_hold":0,"sold_today":0,"sales_last_days":7,"reserved_stock":0,"customer_returns":0,"warehouse_damage":0,"lost_in_post":null,"other_logs":0,"out_stock_days":0,"lost_sales":0,"has_location":false,"update_date":"2026-04-04T00:02:27","atum_locations":[],"atum_stock_status":"instock","restock_status":false,"low_stock_amount":"","sales_update_date":"2026-04-04T00:02:27","calc_backorders":null,"acf":[],"_links":{"self":[{"href":"https:\/\/moskos.eu\/et\/wp-json\/wp\/v2\/product\/51222","targetHints":{"allow":["GET"]}}],"collection":[{"href":"https:\/\/moskos.eu\/et\/wp-json\/wp\/v2\/product"}],"about":[{"href":"https:\/\/moskos.eu\/et\/wp-json\/wp\/v2\/types\/product"}],"wp:featuredmedia":[{"embeddable":true,"href":"https:\/\/moskos.eu\/et\/wp-json\/wp\/v2\/media\/51233"}],"wp:attachment":[{"href":"https:\/\/moskos.eu\/et\/wp-json\/wp\/v2\/media?parent=51222"}],"wp:term":[{"taxonomy":"product_brand","embeddable":true,"href":"https:\/\/moskos.eu\/et\/wp-json\/wp\/v2\/product_brand?post=51222"},{"taxonomy":"product_cat","embeddable":true,"href":"https:\/\/moskos.eu\/et\/wp-json\/wp\/v2\/product_cat?post=51222"},{"taxonomy":"product_tag","embeddable":true,"href":"https:\/\/moskos.eu\/et\/wp-json\/wp\/v2\/product_tag?post=51222"}],"curies":[{"name":"wp","href":"https:\/\/api.w.org\/{rel}","templated":true}]}}