{"id":51511,"date":"2024-11-27T20:35:19","date_gmt":"2024-11-27T20:35:19","guid":{"rendered":"https:\/\/moskos.eu\/produktas\/oud\/"},"modified":"2026-03-14T00:31:41","modified_gmt":"2026-03-13T22:31:41","slug":"oud","status":"publish","type":"product","link":"https:\/\/moskos.eu\/et\/toode\/oud\/","title":{"rendered":"OUD"},"content":{"rendered":"<p><strong>\u201eOud\u201c<\/strong> ei ole lihtsalt l\u00f5hn \u2013 see on uskumatult v\u00e4rvikas maal, tulvil \u00f5rnu ja intensiivseid pintslit\u00f5mbeid, rahu ja kirge. V\u00e4ga salap\u00e4rane aroom, mis \u00fchendab ideaalselt v\u00fcrtside soojuse, lillede luksuse ja puuviljade v\u00e4rskuse ning l\u00f5petab selle s\u00fcmfoonia puidu, vaikude ja v\u00fcrtside s\u00e4rava tangoga.<\/p>\n<p><strong> Tipunoodid:<\/strong><br \/>\nKardemon, apelsin.<\/p>\n<p><strong> S\u00fcdamenoodid:<\/strong><br \/>\nJasmiin, roos.<\/p>\n<p><strong> P\u00f5hinoodid:<\/strong><br \/>\nAgaripuu (Oud), muskus, vanill, safran, pat\u0161uli.<br \/>\nNaturaalse agaripuu aroom koos apelsini, vanilli ja safrani n\u00fcansiga.<\/p>\n<p><strong>Kasutamine:<\/strong> pihusta parf\u00fc\u00fcmi otse nahale kohtadesse, kus pulss on tuntav (randmetele, kaelale, k\u00f5rva taha). Lase aroomil seguneda sinu naha loomuliku l\u00f5hnaga.<\/p>\n","protected":false},"excerpt":{"rendered":"<p><span data-sheets-root=\"1\">See on parf\u00fc\u00fcm, mille idamaine luksus p\u00f5imib sensuaalsuse ja salap\u00e4ra, samal ajal kui erksaid v\u00fcrtsikaid toone t\u00e4iendavad lille- ja puuviljanoodid. \u201eOud\u201c aroomi sisse hingates v\u00f5id tunda, justkui jalutaksid idamaises aias v\u00f5i vaataksid ringi hubases \u00fcrdiaias&#8230; See l\u00f5hn on erakordselt s\u00fcgav, k\u00fclluslik ja oma v\u00e4ega lummav, uinutades meeled ning p\u00fcsides nahal kogu p\u00e4eva.<\/span><\/p>\n<p>Maht: 30ml &#8211; 50ml<\/p>\n","protected":false},"featured_media":51521,"template":"","meta":{"_acf_changed":false,"_gspb_post_css":""},"product_brand":[],"product_cat":[93],"product_tag":[],"class_list":{"0":"post-51511","1":"product","2":"type-product","3":"status-publish","4":"has-post-thumbnail","6":"product_cat-unisexee","8":"first","9":"instock","10":"sale","11":"taxable","12":"shipping-taxable","13":"purchasable","14":"product-type-variable"},"supplier_id":null,"supplier_sku":"","barcode":null,"atum_controlled":true,"out_stock_date":null,"out_stock_threshold":null,"inheritable":true,"inbound_stock":0,"stock_on_hold":2,"sold_today":0,"sales_last_days":6,"reserved_stock":0,"customer_returns":0,"warehouse_damage":0,"lost_in_post":0,"other_logs":0,"out_stock_days":0,"lost_sales":0,"has_location":false,"update_date":"2026-04-04T00:02:34","atum_locations":[],"atum_stock_status":"instock","restock_status":false,"low_stock_amount":"","sales_update_date":"2026-04-04T00:02:34","calc_backorders":null,"acf":[],"_links":{"self":[{"href":"https:\/\/moskos.eu\/et\/wp-json\/wp\/v2\/product\/51511","targetHints":{"allow":["GET"]}}],"collection":[{"href":"https:\/\/moskos.eu\/et\/wp-json\/wp\/v2\/product"}],"about":[{"href":"https:\/\/moskos.eu\/et\/wp-json\/wp\/v2\/types\/product"}],"wp:featuredmedia":[{"embeddable":true,"href":"https:\/\/moskos.eu\/et\/wp-json\/wp\/v2\/media\/51521"}],"wp:attachment":[{"href":"https:\/\/moskos.eu\/et\/wp-json\/wp\/v2\/media?parent=51511"}],"wp:term":[{"taxonomy":"product_brand","embeddable":true,"href":"https:\/\/moskos.eu\/et\/wp-json\/wp\/v2\/product_brand?post=51511"},{"taxonomy":"product_cat","embeddable":true,"href":"https:\/\/moskos.eu\/et\/wp-json\/wp\/v2\/product_cat?post=51511"},{"taxonomy":"product_tag","embeddable":true,"href":"https:\/\/moskos.eu\/et\/wp-json\/wp\/v2\/product_tag?post=51511"}],"curies":[{"name":"wp","href":"https:\/\/api.w.org\/{rel}","templated":true}]}}