{"id":49961,"date":"2025-01-29T16:24:28","date_gmt":"2025-01-29T14:24:28","guid":{"rendered":"https:\/\/moskos.eu\/atgriesanas-veidlapa\/"},"modified":"2026-04-03T01:33:45","modified_gmt":"2026-04-02T22:33:45","slug":"atgriesanas-veidlapa","status":"publish","type":"page","link":"https:\/\/moskos.eu\/lv\/atgriesanas-veidlapa\/","title":{"rendered":"Atgrie\u0161anas veidlapa"},"content":{"rendered":"<style>#gspb_row-id-gsbp-375f437{justify-content:space-between;margin-top:0px;margin-bottom:0px;display:flex;flex-wrap:wrap;}#gspb_row-id-gsbp-375f437 > .gspb_row__content{display:flex;justify-content:space-between;margin:0 auto;width:100%;flex-wrap:wrap;}.gspb_row{position:relative;}div[id^=gspb_col-id]{box-sizing:border-box;position:relative;}div[id^=gspb_col-id]{padding:var(--gs-row-column-padding,15px min(3vw,20px));}#gspb_row-id-gsbp-375f437 > .gspb_row__content{justify-content:flex-start;}body.gspb-bodyfront #gspb_row-id-gsbp-375f437 > .gspb_row__content{width:var(--theme-container-width,1200px);}body.gspb-bodyfront #gspb_row-id-gsbp-375f437 > .gspb_row__content{max-width:var(--theme-normal-container-max-width,1200px);}<\/style>\n<div class=\"wp-block-greenshift-blocks-row alignwide gspb_row gspb_row-id-gsbp-375f437\" id=\"gspb_row-id-gsbp-375f437\"><div class=\"gspb_row__content\"> <style>#gspb_col-id-gsbp-1a0daa8.gspb_row__col--12{width:100%;}@media (max-width:689.98px){#gspb_col-id-gsbp-1a0daa8.gspb_row__col--12{width:100%;}}.gspb_row #gspb_col-id-gsbp-1a0daa8.gspb_row__col--12{padding-right:40%;padding-left:0px;}@media (max-width:999.98px){.gspb_row #gspb_col-id-gsbp-1a0daa8.gspb_row__col--12{padding-right:0%;padding-left:3px;}}body #gspb_col-id-gsbp-1a0daa8.gspb_row__col--12{display:flex;flex-direction:column;justify-content:flex-start;align-content:space-between;align-items:stretch;}<\/style>\n<div class=\"wp-block-greenshift-blocks-row-column gspb_row__col--12 gspb_col-id-gsbp-1a0daa8\" id=\"gspb_col-id-gsbp-1a0daa8\">\n<p class=\"has-text-align-left\">Saska\u0146\u0101 ar Lietuvas Republikas likumiem, smar\u017eas, t\u0101pat k\u0101 citi kosm\u0113tikas l\u012bdzek\u013ci, netiek atgrieztas, tom\u0113r m\u0113s pied\u0101v\u0101jam iesp\u0113ju atgriezt <strong>preci 14 dienu<\/strong> laik\u0101 no ieg\u0101des datuma, tai j\u0101b\u016bt neboj\u0101tai, nelietotai un s\u0101kotn\u0113j\u0101 st\u0101vokl\u012b. Aizpildiet \u0161o veidlapu, un m\u0113s sazin\u0101simies ar jums 2\u20133 darba dienu laik\u0101. <\/p>\n\n\n\n<p class=\"has-text-align-left\"><br>Ja jums ir papildu jaut\u0101jumi, l\u016bdzu, sazinieties ar mums pa e-pastu <a href=\"mailto:info@moskos.eu\">info@moskos.eu<\/a>. <\/p>\n\n\n<div class='fluentform ff-inherit-theme-style fluentform_wrapper_6  ff_guten_block ff_guten_block-6'><form data-form_id=\"6\" id=\"fluentform_6\" class=\"frm-fluent-form fluent_form_6 ff-el-form-top ff_form_instance_6_1 ff-form-loading ffs_inherit_theme\" data-form_instance=\"ff_form_instance_6_1\" method=\"POST\" ><fieldset  style=\"border: none!important;margin: 0!important;padding: 0!important;background-color: transparent!important;box-shadow: none!important;outline: none!important; min-inline-size: 100%;\">\n                    <legend class=\"ff_screen_reader_title\" style=\"display: block; margin: 0!important;padding: 0!important;height: 0!important;text-indent: -999999px;width: 0!important;overflow:hidden;\">Grazinimai LV<\/legend><input type='hidden' name='__fluent_form_embded_post_id' value='49961' \/><input type=\"hidden\" id=\"_fluentform_6_fluentformnonce\" name=\"_fluentform_6_fluentformnonce\" value=\"3815e6c571\" \/><input type=\"hidden\" name=\"_wp_http_referer\" value=\"\/lv\/wp-json\/wp\/v2\/pages\/49961\" \/><div data-type=\"name-element\" data-name=\"names\" class=\" ff-field_container ff-name-field-wrapper\" ><div class='ff-t-container'><div class='ff-t-cell '><div class='ff-el-group'><div class=\"ff-el-input--label ff-el-is-required asterisk-right\"><label for='ff_6_names_first_name_' id='label_ff_6_names_first_name_' >V\u0101rds<\/label><\/div><div class='ff-el-input--content'><input type=\"text\" name=\"names[first_name]\" id=\"ff_6_names_first_name_\" class=\"ff-el-form-control\" aria-invalid=\"false\" aria-required=true><\/div><\/div><\/div><div class='ff-t-cell '><div class='ff-el-group'><div class=\"ff-el-input--label ff-el-is-required asterisk-right\"><label for='ff_6_names_last_name_' id='label_ff_6_names_last_name_' >Uzv\u0101rds<\/label><\/div><div class='ff-el-input--content'><input type=\"text\" name=\"names[last_name]\" id=\"ff_6_names_last_name_\" class=\"ff-el-form-control\" aria-invalid=\"false\" aria-required=true><\/div><\/div><\/div><\/div><\/div><div class='ff-el-group'><div class=\"ff-el-input--label ff-el-is-required asterisk-right\"><label for='ff_6_input_text' id='label_ff_6_input_text' aria-label=\"Pas\u016bt\u012bjuma numurs\">Pas\u016bt\u012bjuma numurs<\/label><\/div><div class='ff-el-input--content'><input type=\"text\" name=\"input_text\" class=\"ff-el-form-control\" data-name=\"input_text\" id=\"ff_6_input_text\"  aria-invalid=\"false\" aria-required=true><\/div><\/div><div class='ff-el-group'><div class=\"ff-el-input--label ff-el-is-required asterisk-right\"><label for='ff_6_input_text_1' id='label_ff_6_input_text_1' aria-label=\"T\u0101lru\u0146a numurs\">T\u0101lru\u0146a numurs<\/label><\/div><div class='ff-el-input--content'><input type=\"text\" name=\"input_text_1\" class=\"ff-el-form-control\" data-name=\"input_text_1\" id=\"ff_6_input_text_1\"  aria-invalid=\"false\" aria-required=true><\/div><\/div><div class='ff-el-group'><div class=\"ff-el-input--label ff-el-is-required asterisk-right\"><label for='ff_6_email' id='label_ff_6_email' aria-label=\"J\u016bsu e-pasts\">J\u016bsu e-pasts<\/label><\/div><div class='ff-el-input--content'><input type=\"email\" name=\"email\" id=\"ff_6_email\" class=\"ff-el-form-control\" data-name=\"email\"  aria-invalid=\"false\" aria-required=true><\/div><\/div><div class='ff-el-group'><div class=\"ff-el-input--label ff-el-is-required asterisk-right\"><label for='ff_6_subject' id='label_ff_6_subject' aria-label=\"Atgrie\u017eam\u0101s preces nosaukums\">Atgrie\u017eam\u0101s preces nosaukums<\/label><\/div><div class='ff-el-input--content'><input type=\"text\" name=\"subject\" class=\"ff-el-form-control\" data-name=\"subject\" id=\"ff_6_subject\"  aria-invalid=\"false\" aria-required=true><\/div><\/div><div class='ff-el-group'><div class=\"ff-el-input--label ff-el-is-required asterisk-right\"><label for='ff_6_message' id='label_ff_6_message' aria-label=\"Atgrie\u0161anas iemesli\">Atgrie\u0161anas iemesli<\/label><\/div><div class='ff-el-input--content'><textarea aria-required=\"true\" aria-labelledby=\"label_ff_6_message\" name=\"message\" id=\"ff_6_message\" class=\"ff-el-form-control\" rows=\"4\" cols=\"2\" data-name=\"message\" ><\/textarea><\/div><\/div><div class='ff-el-group ff-el-form-top'><div class=\"ff-el-input--label ff-el-is-required asterisk-right\"><label for='ff_6_file-upload_1' id='label_ff_6_file-upload_1' aria-label=\"Pievienojiet preces fotoatt\u0113lus\">Pievienojiet preces fotoatt\u0113lus<\/label><\/div><div class='ff-el-input--content'><label for='ff_6_file-upload_1' class='ff_file_upload_holder'><span class='ff_upload_btn ff-btn' tabindex='0'>Pievienojiet preces fotoatt\u0113lus<\/span> <input type=\"file\" name=\"file-upload\" id=\"ff_6_file-upload_1\" class=\"ff-el-form-control  ff-screen-reader-element\" data-name=\"file-upload\" multiple=\"1\"  aria-invalid='false' aria-required=true><\/label><\/div><\/div><div class='ff-el-group ff-text-left ff_submit_btn_wrapper'><button type=\"submit\" class=\"ff-btn ff-btn-submit ff-btn-md ff_btn_no_style wpf_has_custom_css\"  aria-label=\"IESNIEGT ATGRIE\u0160ANAS PIELIKUMU\">IESNIEGT ATGRIE\u0160ANAS PIELIKUMU<\/button><\/div><\/fieldset><\/form><div id='fluentform_6_errors' class='ff-errors-in-stack ff_form_instance_6_1 ff-form-loading_errors ff_form_instance_6_1_errors'><\/div><\/div>            <script type=\"text\/javascript\">\n                window.fluent_form_ff_form_instance_6_1 = {\"id\":\"6\",\"settings\":{\"layout\":{\"labelPlacement\":\"top\",\"helpMessagePlacement\":\"with_label\",\"errorMessagePlacement\":\"inline\",\"cssClassName\":\"\",\"asteriskPlacement\":\"asterisk-right\"},\"restrictions\":{\"denyEmptySubmission\":{\"enabled\":false}}},\"form_instance\":\"ff_form_instance_6_1\",\"form_id_selector\":\"fluentform_6\",\"rules\":{\"names[first_name]\":{\"required\":{\"value\":true,\"message\":\"\\u0160is lauks ir oblig\\u0101ts\",\"global\":false,\"global_message\":\"\\u0160is laukas privalomas\"}},\"names[middle_name]\":{\"required\":{\"value\":false,\"message\":\"This field is required\",\"global\":false,\"global_message\":\"\\u0160is laukas privalomas\"}},\"names[last_name]\":{\"required\":{\"value\":true,\"message\":\"\\u0160is lauks ir oblig\\u0101ts\",\"global\":false,\"global_message\":\"\\u0160is laukas privalomas\"}},\"input_text\":{\"required\":{\"value\":true,\"message\":\"\\u0160is lauks ir oblig\\u0101ts\",\"global_message\":\"\\u0160is laukas privalomas\",\"global\":false}},\"input_text_1\":{\"required\":{\"value\":true,\"message\":\"\\u0160is lauks ir oblig\\u0101ts\",\"global_message\":\"\\u0160is laukas privalomas\",\"global\":false}},\"email\":{\"required\":{\"value\":true,\"message\":\"\\u0160is lauks ir oblig\\u0101ts\",\"global\":false,\"global_message\":\"\\u0160is laukas privalomas\"},\"email\":{\"value\":true,\"message\":\"\\u0160aj\\u0101 lauk\\u0101 j\\u0101b\\u016bt nor\\u0101d\\u012btai der\\u012bgai e-pasta adresei\",\"global\":false,\"global_message\":\"\\u012eveskite tinkam\\u0105 el.pa\\u0161to adres\\u0105.\"}},\"subject\":{\"required\":{\"value\":true,\"message\":\"\\u0160is lauks ir oblig\\u0101ts\",\"global\":false,\"global_message\":\"\\u0160is laukas privalomas\"}},\"message\":{\"required\":{\"value\":true,\"message\":\"\\u0160is lauks ir oblig\\u0101ts\",\"global\":false,\"global_message\":\"\\u0160is laukas privalomas\"}},\"file-upload\":{\"required\":{\"value\":true,\"message\":\"\\u0160is lauks ir oblig\\u0101ts\",\"global_message\":\"\\u0160is laukas privalomas\",\"global\":false},\"max_file_size\":{\"value\":5242880,\"_valueFrom\":\"MB\",\"message\":\"Var aug\\u0161upiel\\u0101d\\u0113t ne vair\\u0101k k\\u0101 5 failus\",\"global_message\":\"Keliamas failas yra per didelis.\",\"global\":false},\"max_file_count\":{\"value\":\"5\",\"message\":\"Var aug\\u0161upiel\\u0101d\\u0113t ne vair\\u0101k k\\u0101 5 failus\",\"global_message\":\"Daugiausiai galima \\u012fkelti 5 failus.\",\"global\":false},\"allowed_file_types\":{\"value\":[\"jpg|jpeg|gif|png|bmp\",\"pdf\"],\"message\":\"Invalid file type\",\"global_message\":\"Invalid file type\",\"global\":true}}},\"debounce_time\":300};\n                            <\/script>\n            <\/div>\n <\/div><\/div>\n","protected":false},"excerpt":{"rendered":"","protected":false},"author":1,"featured_media":0,"parent":0,"menu_order":0,"comment_status":"closed","ping_status":"closed","template":"","meta":{"_acf_changed":false,"_gspb_post_css":"#gspb_row-id-gsbp-375f437{justify-content:space-between;margin-top:0;margin-bottom:0;display:flex;flex-wrap:wrap}#gspb_row-id-gsbp-375f437>.gspb_row__content{display:flex;margin:0 auto;width:100%;flex-wrap:wrap;justify-content:flex-start}.gspb_row{position:relative}div[id^=gspb_col-id]{box-sizing:border-box;position:relative;padding:var(--gs-row-column-padding, 15px min(3vw, 20px))}body.gspb-bodyfront #gspb_row-id-gsbp-375f437>.gspb_row__content{width:var(--theme-container-width, 1200px);max-width:var(--theme-normal-container-max-width, 1200px)}#gspb_col-id-gsbp-1a0daa8.gspb_row__col--12{width:100%}@media (max-width:575.98px){#gspb_col-id-gsbp-1a0daa8.gspb_row__col--12{width:100%}}.gspb_row #gspb_col-id-gsbp-1a0daa8.gspb_row__col--12{padding-right:40%;padding-left:0}@media (max-width:991.98px){.gspb_row #gspb_col-id-gsbp-1a0daa8.gspb_row__col--12{padding-right:0;padding-left:3px}}body #gspb_col-id-gsbp-1a0daa8.gspb_row__col--12{display:flex;flex-direction:column;justify-content:flex-start;align-content:space-between;align-items:stretch}","footnotes":""},"class_list":["post-49961","page","type-page","status-publish","hentry"],"blocksy_meta":[],"acf":[],"_links":{"self":[{"href":"https:\/\/moskos.eu\/lv\/wp-json\/wp\/v2\/pages\/49961","targetHints":{"allow":["GET"]}}],"collection":[{"href":"https:\/\/moskos.eu\/lv\/wp-json\/wp\/v2\/pages"}],"about":[{"href":"https:\/\/moskos.eu\/lv\/wp-json\/wp\/v2\/types\/page"}],"author":[{"embeddable":true,"href":"https:\/\/moskos.eu\/lv\/wp-json\/wp\/v2\/users\/1"}],"replies":[{"embeddable":true,"href":"https:\/\/moskos.eu\/lv\/wp-json\/wp\/v2\/comments?post=49961"}],"version-history":[{"count":3,"href":"https:\/\/moskos.eu\/lv\/wp-json\/wp\/v2\/pages\/49961\/revisions"}],"predecessor-version":[{"id":54593,"href":"https:\/\/moskos.eu\/lv\/wp-json\/wp\/v2\/pages\/49961\/revisions\/54593"}],"wp:attachment":[{"href":"https:\/\/moskos.eu\/lv\/wp-json\/wp\/v2\/media?parent=49961"}],"curies":[{"name":"wp","href":"https:\/\/api.w.org\/{rel}","templated":true}]}}