{"id":49984,"date":"2024-02-29T14:34:20","date_gmt":"2024-02-29T12:34:20","guid":{"rendered":"https:\/\/moskos.eu\/sikfaili\/"},"modified":"2026-03-18T23:41:42","modified_gmt":"2026-03-18T21:41:42","slug":"sikfaili","status":"publish","type":"page","link":"https:\/\/moskos.eu\/lv\/sikfaili\/","title":{"rendered":"S\u012aKFAILI"},"content":{"rendered":"\n<p>M\u0113s izmantojam s\u012bkfailus un l\u012bdz\u012bgas tehnolo\u0123ijas (\u201cs\u012bkfailus\u201d), lai uzlabotu m\u016bsu produktus un j\u016bsu pieredzi m\u016bsu interneta veikal\u0101 moskos.eu, v\u0101cot inform\u0101ciju par to, k\u0101 j\u016bs izmantojat m\u016bsu veikalu. Da\u013ca s\u012bkfailu ir nepiecie\u0161ami moskos.eu pamatfunkciju nodro\u0161in\u0101\u0161anai, piem\u0113ram, dro\u0161ai pieteik\u0161an\u0101s nodro\u0161in\u0101\u0161anai vai j\u016bsu pas\u016bt\u012bjuma stadijas atmi\u0146ai; ta\u010du m\u0113s ar\u012b izmantojam s\u012bkfailus, lai analiz\u0113tu, k\u0101 izmantojat interneta veikalu, t\u0101d\u0113j\u0101di varam nov\u0113rt\u0113t un uzlabot t\u0101 darb\u012bbu. Rekl\u0101mas s\u012bkfaili \u013cauj rekl\u0101mas uz\u0146\u0113mumiem att\u0113lot jums atbilsto\u0161as rekl\u0101mas.<\/p>\n<p>Apkopojot inform\u0101ciju par j\u016bsu ier\u012bci un saistot to ar j\u016bsu personas datiem, m\u0113s sp\u0113jam lab\u0101k piel\u0101got moskos.eu j\u016bsu vajadz\u012bb\u0101m un interes\u0113m, nodro\u0161inot vislab\u0101ko pieredzi m\u016bsu interneta veikal\u0101.<\/p>\n<p>Izmantojot \u201eGoogle Analytics\u201c, m\u0113s esam konfigur\u0113ju\u0161i pakalpojumu t\u0101, lai, kad \u201eAnalytics Collection Network\u201c <a href=\"https:\/\/support.google.com\/analytics\/answer\/2763052?hl=en\" target=\"_blank\" rel=\"noopener\">https:\/\/support.google.com\/analytics\/answer\/2763052?hl=en<\/a> sa\u0146em datus, j\u016bsu IP adrese tiek anonimiz\u0113ta pirms datu saglab\u0101\u0161anas vai apstr\u0101des. Lai atteiktos no &#8220;Google Analytics&#8221; izseko\u0161anas vis\u0101s vietn\u0113s, apmekl\u0113jiet <a href=\"http:\/\/tools.google.com\/dlpage\/gaoptout\" target=\"_blank\" rel=\"noopener\">http:\/\/tools.google.com\/dlpage\/gaoptout.<\/a>. <\/p>\n<p>Pla\u0161\u0101ku inform\u0101ciju par izmantotajiem s\u012bkfailiem atrad\u012bsiet sav\u0101 iestat\u012bjumu log\u0101, izmantojot s\u012bkfailu at\u013cauju r\u012bku m\u016bsu interneta veikal\u0101 moskos.eu. L\u016bdzu, \u0146emiet v\u0113r\u0101, ka bez s\u012bkfailiem var neb\u016bt iesp\u0113jams pilnv\u0113rt\u012bgi izmantot visus m\u016bsu pakalpojumus. <\/p>\n","protected":false},"excerpt":{"rendered":"<p>M\u0113s izmantojam s\u012bkfailus un l\u012bdz\u012bgas tehnolo\u0123ijas (\u201cs\u012bkfailus\u201d), lai uzlabotu m\u016bsu produktus un j\u016bsu pieredzi m\u016bsu interneta veikal\u0101 moskos.eu, v\u0101cot inform\u0101ciju par to, k\u0101 j\u016bs izmantojat m\u016bsu veikalu. Da\u013ca s\u012bkfailu ir nepiecie\u0161ami moskos.eu pamatfunkciju nodro\u0161in\u0101\u0161anai, piem\u0113ram, dro\u0161ai pieteik\u0161an\u0101s nodro\u0161in\u0101\u0161anai vai j\u016bsu pas\u016bt\u012bjuma stadijas atmi\u0146ai; ta\u010du m\u0113s ar\u012b izmantojam s\u012bkfailus, lai analiz\u0113tu, k\u0101 izmantojat interneta veikalu, t\u0101d\u0113j\u0101di [&hellip;]<\/p>\n","protected":false},"author":1,"featured_media":0,"parent":0,"menu_order":0,"comment_status":"closed","ping_status":"closed","template":"","meta":{"_acf_changed":false,"_gspb_post_css":"","footnotes":""},"class_list":["post-49984","page","type-page","status-publish","hentry"],"blocksy_meta":[],"acf":[],"_links":{"self":[{"href":"https:\/\/moskos.eu\/lv\/wp-json\/wp\/v2\/pages\/49984","targetHints":{"allow":["GET"]}}],"collection":[{"href":"https:\/\/moskos.eu\/lv\/wp-json\/wp\/v2\/pages"}],"about":[{"href":"https:\/\/moskos.eu\/lv\/wp-json\/wp\/v2\/types\/page"}],"author":[{"embeddable":true,"href":"https:\/\/moskos.eu\/lv\/wp-json\/wp\/v2\/users\/1"}],"replies":[{"embeddable":true,"href":"https:\/\/moskos.eu\/lv\/wp-json\/wp\/v2\/comments?post=49984"}],"version-history":[{"count":2,"href":"https:\/\/moskos.eu\/lv\/wp-json\/wp\/v2\/pages\/49984\/revisions"}],"predecessor-version":[{"id":52859,"href":"https:\/\/moskos.eu\/lv\/wp-json\/wp\/v2\/pages\/49984\/revisions\/52859"}],"wp:attachment":[{"href":"https:\/\/moskos.eu\/lv\/wp-json\/wp\/v2\/media?parent=49984"}],"curies":[{"name":"wp","href":"https:\/\/api.w.org\/{rel}","templated":true}]}}