{"id":50757,"date":"2024-03-01T07:59:35","date_gmt":"2024-03-01T07:59:35","guid":{"rendered":"https:\/\/moskos.eu\/produktas\/exotic-leather\/"},"modified":"2026-04-02T23:10:12","modified_gmt":"2026-04-02T20:10:12","slug":"exotic-leather","status":"publish","type":"product","link":"https:\/\/moskos.eu\/lv\/produkts\/exotic-leather\/","title":{"rendered":"EXOTIC LEATHER"},"content":{"rendered":"<p>Exotic Leather \u2013 tas ir vair\u0101k nek\u0101 arom\u0101ts. T\u0101 ir emocija, st\u0101sts un j\u016bsu person\u012bgais akcents. \u0160is arom\u0101ts ir rad\u012bts tiem, kuri mekl\u0113 perfektu l\u012bdzsvaru starp smalkumu un drosmi, starp eleganci un kaisl\u012bbu.<\/p>\n<p><span lang=\"EN-GB\"><b>Aug\u0161\u0113j\u0101s notis:<\/b><\/span><br \/>\n<i>Bergamote, melone un greipfr\u016bts.<\/i><\/p>\n<p><span lang=\"EN-GB\"><b>Vid\u0113j\u0101s notis:<\/b><\/span><br \/>\n<i>Egle, ciprese un salvija.<\/i><\/p>\n<p><span lang=\"EN-GB\"><b>Pamatnotis:<\/b><\/span><br \/>\n<i>Pa\u010d\u016blija, sandalkoks, evernija un vetiv\u0113ra.<\/i><\/p>\n<p><strong>Lieto\u0161ana: <\/strong>uzsmidziniet smar\u017eas uz pulsa punktiem (plaukstu loc\u012btav\u0101s, kakla, aiz auss). \u013baujiet arom\u0101tam sapl\u016bst ar j\u016bsu \u0101das dabisko smar\u017eu.<\/p>\n","protected":false},"excerpt":{"rendered":"<p>Iedom\u0101jieties, ka atrodaties dzi\u013c\u0101, eksotisk\u0101 me\u017e\u0101, kur atsvaidzino\u0161s citrusu v\u0113j\u0161s sajaucas ar maigu koksnes siltumu. Tikai viens elpas vilciens, un j\u016bs sajut\u012bsiet, k\u0101 j\u016bsu domas k\u013c\u016bst br\u012bv\u0101kas, bet gais\u0101 valda miera un elegances saj\u016bta.<br \/>\nTas nav tikai arom\u0101ts \u2013 tas ir ce\u013cojums, kas s\u0101kas no pirm\u0101 piliena uz j\u016bsu \u0101das.<\/p>\n<p><strong>Tilpums:<\/strong> 30ml &#8211; 50ml<\/p>\n","protected":false},"featured_media":50768,"template":"","meta":{"_acf_changed":false,"_gspb_post_css":""},"product_brand":[],"product_cat":[105],"product_tag":[],"class_list":{"0":"post-50757","1":"product","2":"type-product","3":"status-publish","4":"has-post-thumbnail","6":"product_cat-unisex","8":"first","9":"instock","10":"sale","11":"taxable","12":"shipping-taxable","13":"purchasable","14":"product-type-variable"},"supplier_id":null,"supplier_sku":"","barcode":null,"atum_controlled":true,"out_stock_date":null,"out_stock_threshold":null,"inheritable":true,"inbound_stock":0,"stock_on_hold":2,"sold_today":0,"sales_last_days":0,"reserved_stock":0,"customer_returns":0,"warehouse_damage":0,"lost_in_post":null,"other_logs":0,"out_stock_days":0,"lost_sales":0,"has_location":false,"update_date":"2026-04-04T00:02:39","atum_locations":[],"atum_stock_status":"instock","restock_status":false,"low_stock_amount":"","sales_update_date":"2026-04-04T00:02:38","calc_backorders":null,"acf":[],"_links":{"self":[{"href":"https:\/\/moskos.eu\/lv\/wp-json\/wp\/v2\/product\/50757","targetHints":{"allow":["GET"]}}],"collection":[{"href":"https:\/\/moskos.eu\/lv\/wp-json\/wp\/v2\/product"}],"about":[{"href":"https:\/\/moskos.eu\/lv\/wp-json\/wp\/v2\/types\/product"}],"wp:featuredmedia":[{"embeddable":true,"href":"https:\/\/moskos.eu\/lv\/wp-json\/wp\/v2\/media\/50768"}],"wp:attachment":[{"href":"https:\/\/moskos.eu\/lv\/wp-json\/wp\/v2\/media?parent=50757"}],"wp:term":[{"taxonomy":"product_brand","embeddable":true,"href":"https:\/\/moskos.eu\/lv\/wp-json\/wp\/v2\/product_brand?post=50757"},{"taxonomy":"product_cat","embeddable":true,"href":"https:\/\/moskos.eu\/lv\/wp-json\/wp\/v2\/product_cat?post=50757"},{"taxonomy":"product_tag","embeddable":true,"href":"https:\/\/moskos.eu\/lv\/wp-json\/wp\/v2\/product_tag?post=50757"}],"curies":[{"name":"wp","href":"https:\/\/api.w.org\/{rel}","templated":true}]}}