{"id":50785,"date":"2024-03-01T08:02:41","date_gmt":"2024-03-01T08:02:41","guid":{"rendered":"https:\/\/moskos.eu\/produktas\/citrus-space\/"},"modified":"2026-03-24T23:53:30","modified_gmt":"2026-03-24T21:53:30","slug":"citrus-space","status":"publish","type":"product","link":"https:\/\/moskos.eu\/lv\/produkts\/citrus-space\/","title":{"rendered":"CITRUS SPACE"},"content":{"rendered":"<p>Citrus Space \u2013 unik\u0101ls arom\u0101ts, kas sagaida j\u016bs ar svaigumu un beidzas ar sald\u0101m, silt\u0101m koksnes not\u012bm. Arom\u0101ts atst\u0101j neaprakst\u0101mu \u0161leifi, mudinot ikvienu atgriezties un baud\u012bt kluso, bet izteiksm\u012bgo svaiguma un rakstur\u012bg\u0101 greznuma kombin\u0101ciju.<\/p>\n<p><span lang=\"EN-GB\"><b>Aug\u0161\u0113j\u0101s notis:<\/b><\/span><br \/>\nCitrons, greipfr\u016bts bergamote.<\/p>\n<p><span lang=\"EN-GB\"><b><i>Vid\u0113j\u0101s notis:<\/i><\/b><\/span><br \/>\n<span lang=\"EN-GB\">Ingvers, vetiv\u0113ra un ciedrs.<\/span><\/p>\n<p><span lang=\"EN-GB\"><b><i>Pamatnotis:<\/i><\/b><\/span><br \/>\nSandalkoks, dzintars.<br \/>\nCitrusaug\u013ci ar vieglu koksnes noti un nelielu pikantumu. V\u0113l\u0101k atkl\u0101jas ingvers, ciedrs un vetiv\u0113ra. Piem\u012bt ozoniskums, j\u016bras svaigums. Visu &#8220;aizver&#8221; sandalkoks.<\/p>\n<p>Lieto\u0161ana: uzsmidziniet smar\u017eas uz pulsa punktiem (plaukstu loc\u012btav\u0101s, kakla, aiz auss). \u013baujiet arom\u0101tam sapl\u016bst ar j\u016bsu \u0101das dabisko smar\u017eu.<\/p>\n","protected":false},"excerpt":{"rendered":"<p>Tas ir arom\u0101ts, ko var sal\u012bdzin\u0101t ar r\u012bta saules stariem, kas maigi gl\u0101sta \u0101du un piepilda dienu ar gaismu, ener\u0123iju un<span class=\"s5\"> labu garast\u0101vokli. Arom\u0101tu kl\u0101sts aptver \u0101rk\u0101rt\u012bgi pla\u0161u paleti: no citrusaug\u013cu svaiguma un smalka sk\u0101buma l\u012bdz gar\u0161augu piesk\u0101rienam un, visbeidzot, koksnes sol\u012bdumam. <\/span>\u0160\u012bs smar\u017eas prasm\u012bgi apvieno eleganci, smalku svaigumu un grezn\u012bbu.<\/p>\n<p><strong>Tilpums: <\/strong>2 ml \u2013 50 ml<\/p>\n","protected":false},"featured_media":50792,"template":"","meta":{"_acf_changed":false,"_gspb_post_css":""},"product_brand":[],"product_cat":[105],"product_tag":[],"class_list":{"0":"post-50785","1":"product","2":"type-product","3":"status-publish","4":"has-post-thumbnail","6":"product_cat-unisex","8":"first","9":"instock","10":"sale","11":"taxable","12":"shipping-taxable","13":"purchasable","14":"product-type-variable"},"supplier_id":null,"supplier_sku":"","barcode":null,"atum_controlled":true,"out_stock_date":null,"out_stock_threshold":null,"inheritable":true,"inbound_stock":null,"stock_on_hold":1,"sold_today":0,"sales_last_days":0,"reserved_stock":null,"customer_returns":null,"warehouse_damage":null,"lost_in_post":null,"other_logs":null,"out_stock_days":0,"lost_sales":0,"has_location":false,"update_date":"2026-04-04T00:02:35","atum_locations":[],"atum_stock_status":"instock","restock_status":false,"low_stock_amount":"","sales_update_date":"2026-04-04T00:02:35","calc_backorders":null,"acf":[],"_links":{"self":[{"href":"https:\/\/moskos.eu\/lv\/wp-json\/wp\/v2\/product\/50785","targetHints":{"allow":["GET"]}}],"collection":[{"href":"https:\/\/moskos.eu\/lv\/wp-json\/wp\/v2\/product"}],"about":[{"href":"https:\/\/moskos.eu\/lv\/wp-json\/wp\/v2\/types\/product"}],"wp:featuredmedia":[{"embeddable":true,"href":"https:\/\/moskos.eu\/lv\/wp-json\/wp\/v2\/media\/50792"}],"wp:attachment":[{"href":"https:\/\/moskos.eu\/lv\/wp-json\/wp\/v2\/media?parent=50785"}],"wp:term":[{"taxonomy":"product_brand","embeddable":true,"href":"https:\/\/moskos.eu\/lv\/wp-json\/wp\/v2\/product_brand?post=50785"},{"taxonomy":"product_cat","embeddable":true,"href":"https:\/\/moskos.eu\/lv\/wp-json\/wp\/v2\/product_cat?post=50785"},{"taxonomy":"product_tag","embeddable":true,"href":"https:\/\/moskos.eu\/lv\/wp-json\/wp\/v2\/product_tag?post=50785"}],"curies":[{"name":"wp","href":"https:\/\/api.w.org\/{rel}","templated":true}]}}