{"id":50832,"date":"2024-03-01T08:06:34","date_gmt":"2024-03-01T08:06:34","guid":{"rendered":"https:\/\/moskos.eu\/produktas\/deep-forest\/"},"modified":"2026-03-24T23:53:24","modified_gmt":"2026-03-24T21:53:24","slug":"deep-forest","status":"publish","type":"product","link":"https:\/\/moskos.eu\/lv\/produkts\/deep-forest\/","title":{"rendered":"DEEP FOREST"},"content":{"rendered":"<p>&#8220;Deep Forest&#8221; ir vair\u0101k nek\u0101 tikai arom\u0101ts \u2013 tas ir l\u012bdzsvarots citrusu, ziedu, augu un koksnes arom\u0101tu apvienojums, kas rada jutekl\u012bgu, greznu \u0161edevru. Ilgsto\u0161ais arom\u0101ts main\u012bsies no citrusu svaiguma l\u012bdz rozes un salvijas elegancei, un to vainagos gard\u0113\u017eu koksnes to\u0146i.<\/p>\n<p><strong>Aug\u0161\u0113j\u0101s notis: <\/strong><br \/>\nCassis, rozmar\u012bns, bergamote, apels\u012bns.<\/p>\n<p><strong> Vid\u0113j\u0101s notis:<\/strong><br \/>\nRoze, salvija.<\/p>\n<p><strong> Pamatnotis:<\/strong><br \/>\nSandalkoks, ciedrs, tonka pupi\u0146as, vani\u013ca.<br \/>\nZa\u013c\u0161 ziedu arom\u0101ts ar muskusa un z\u0101\u013cu asuma pieska\u0146u. V\u0113l\u0101k atkl\u0101jas p\u016bderainas notis un saldums, atkl\u0101jot vani\u013cu.<\/p>\n<p>Lieto\u0161ana: uzsmidziniet smar\u017eas uz pulsa punktiem (plaukstu loc\u012btav\u0101s, kakla, aiz auss). \u013baujiet arom\u0101tam sapl\u016bst ar j\u016bsu \u0101das dabisko smar\u017eu.<\/p>\n","protected":false},"excerpt":{"rendered":"<p>Tas ir arom\u0101ts, kur\u0101 svaigums ir prasm\u012bgi sav\u012bts ar gar\u0161vielu un koksnes siltumu, sol\u012bdumu, radot izteiksm\u012bgu, izsmalcin\u0101tu smar\u017eu<span class=\"s5\">simfoniju. Siltu pamatno\u0161u fon\u0101 pak\u0101peniski atkl\u0101jas <\/span> ziedu un pikantu gar\u0161augu arom\u0101ti. Tikai ar vienu ieelpu j\u016bs nok\u013c\u016bsiet za\u013cumiem, ska\u0146u un smar\u017eu piln\u0101 me\u017e\u0101, kur valda smalkums un elegance, un maigs v\u0113j\u0161 atnes koksnes jaukumu un vani\u013cas salduma br\u012bzi.<\/p>\n<p><strong>Tilpums:<\/strong> 30ml &#8211; 50ml<\/p>\n","protected":false},"featured_media":50842,"template":"","meta":{"_acf_changed":false,"_gspb_post_css":""},"product_brand":[],"product_cat":[107,105],"product_tag":[],"class_list":{"0":"post-50832","1":"product","2":"type-product","3":"status-publish","4":"has-post-thumbnail","6":"product_cat-coupon-test","7":"product_cat-unisex","9":"first","10":"instock","11":"sale","12":"taxable","13":"shipping-taxable","14":"purchasable","15":"product-type-variable"},"supplier_id":null,"supplier_sku":"","barcode":null,"atum_controlled":true,"out_stock_date":null,"out_stock_threshold":null,"inheritable":true,"inbound_stock":0,"stock_on_hold":0,"sold_today":0,"sales_last_days":1,"reserved_stock":0,"customer_returns":0,"warehouse_damage":0,"lost_in_post":null,"other_logs":0,"out_stock_days":0,"lost_sales":0,"has_location":false,"update_date":"2026-04-04T00:02:20","atum_locations":[],"atum_stock_status":"instock","restock_status":false,"low_stock_amount":"","sales_update_date":"2026-04-04T00:02:20","calc_backorders":null,"acf":[],"_links":{"self":[{"href":"https:\/\/moskos.eu\/lv\/wp-json\/wp\/v2\/product\/50832","targetHints":{"allow":["GET"]}}],"collection":[{"href":"https:\/\/moskos.eu\/lv\/wp-json\/wp\/v2\/product"}],"about":[{"href":"https:\/\/moskos.eu\/lv\/wp-json\/wp\/v2\/types\/product"}],"wp:featuredmedia":[{"embeddable":true,"href":"https:\/\/moskos.eu\/lv\/wp-json\/wp\/v2\/media\/50842"}],"wp:attachment":[{"href":"https:\/\/moskos.eu\/lv\/wp-json\/wp\/v2\/media?parent=50832"}],"wp:term":[{"taxonomy":"product_brand","embeddable":true,"href":"https:\/\/moskos.eu\/lv\/wp-json\/wp\/v2\/product_brand?post=50832"},{"taxonomy":"product_cat","embeddable":true,"href":"https:\/\/moskos.eu\/lv\/wp-json\/wp\/v2\/product_cat?post=50832"},{"taxonomy":"product_tag","embeddable":true,"href":"https:\/\/moskos.eu\/lv\/wp-json\/wp\/v2\/product_tag?post=50832"}],"curies":[{"name":"wp","href":"https:\/\/api.w.org\/{rel}","templated":true}]}}