{"id":50925,"date":"2024-03-01T08:18:24","date_gmt":"2024-03-01T08:18:24","guid":{"rendered":"https:\/\/moskos.eu\/produktas\/balsamic-wood-lv\/"},"modified":"2026-03-24T23:53:37","modified_gmt":"2026-03-24T21:53:37","slug":"balsamic-wood-lv","status":"publish","type":"product","link":"https:\/\/moskos.eu\/lv\/produkts\/balsamic-wood-lv\/","title":{"rendered":"BALSAMIC WOOD"},"content":{"rendered":"<p><strong>Balsamic Wood <\/strong>\u2013 arom\u0101ts, kur\u0101 apvienojas svaigums, gar\u0161vielu pikantums, reibino\u0161s ziedu arom\u0101ts un maigs vani\u013cas saldums. \u0160is salikums rad\u012bs izsmalcin\u0101tu kompoz\u012bciju, kas uzl\u0101d\u0113s j\u016bsu pa\u0161apzi\u0146u. \u0160\u012bs smar\u017eas \u2013 br\u012bv\u012bbas un smalkas grezn\u012bbas cien\u012bt\u0101jiemm!<\/p>\n<p><strong>Aug\u0161\u0113j\u0101s notis:<\/strong><br \/>\nBergamote, koriandrs.<\/p>\n<p><strong>Vid\u0113j\u0101s notis:<\/strong><br \/>\nRoze, melnie pipari.<\/p>\n<p><strong> Pamatnotis:<\/strong><br \/>\nPa\u010d\u016blija, ambra, vani\u013ca.<br \/>\nPa\u010d\u016blijas un dzintara arom\u0101ts, vani\u013ca, att\u0101li ro\u017eu akcentiem. Koksnains, silti pikants.<\/p>\n<p>Lieto\u0161ana: uzsmidziniet smar\u017eas uz pulsa punktiem (plaukstu loc\u012btav\u0101s, kakla, aiz auss). \u013baujiet arom\u0101tam sapl\u016bst ar j\u016bsu \u0101das dabisko smar\u017eu.<\/p>\n","protected":false},"excerpt":{"rendered":"<p>\u0160o arom\u0101tu var sal\u012bdzin\u0101t ar agru r\u012btu kalnos \u2013 tas ir atsvaidzino\u0161s, t\u012brs un neaizmirstams. Bet izska\u0146a ir piln\u012bgi at\u0161\u0137ir\u012bga \u2013 mier\u012bga un romantiska, it k\u0101 jauks vakars pie kv\u0113lojo\u0161as uguns. &#8220;Balsamic Wood&#8221; nevainojami apvieno vieglumu ar dzi\u013cumu, spilgtus akcentus ar nosl\u0113pumain\u012bbu un izsmalcin\u0101t\u012bbu ar maigu romantiku.<\/p>\n<p>Tas ir daudz vair\u0101k nek\u0101 tikai arom\u0101ts \u2013 \u0161\u012bs smar\u017eas b\u016bs j\u016bsu otr\u0101 \u0101da, bez kuras nevar\u0113siet iedom\u0101ties veiksm\u012bgu dienu.<\/p>\n<p><strong>Tilpums: <\/strong>2 ml \u2013 50 ml<\/p>\n","protected":false},"featured_media":50939,"template":"","meta":{"_acf_changed":false,"_gspb_post_css":""},"product_brand":[],"product_cat":[107,105],"product_tag":[],"class_list":{"0":"post-50925","1":"product","2":"type-product","3":"status-publish","4":"has-post-thumbnail","6":"product_cat-coupon-test","7":"product_cat-unisex","9":"first","10":"instock","11":"sale","12":"taxable","13":"shipping-taxable","14":"purchasable","15":"product-type-variable"},"supplier_id":null,"supplier_sku":"","barcode":null,"atum_controlled":true,"out_stock_date":null,"out_stock_threshold":null,"inheritable":true,"inbound_stock":null,"stock_on_hold":0,"sold_today":0,"sales_last_days":3,"reserved_stock":null,"customer_returns":null,"warehouse_damage":null,"lost_in_post":null,"other_logs":null,"out_stock_days":0,"lost_sales":0,"has_location":false,"update_date":"2026-04-04T00:02:20","atum_locations":[],"atum_stock_status":"instock","restock_status":false,"low_stock_amount":"","sales_update_date":"2026-04-04T00:02:20","calc_backorders":null,"acf":[],"_links":{"self":[{"href":"https:\/\/moskos.eu\/lv\/wp-json\/wp\/v2\/product\/50925","targetHints":{"allow":["GET"]}}],"collection":[{"href":"https:\/\/moskos.eu\/lv\/wp-json\/wp\/v2\/product"}],"about":[{"href":"https:\/\/moskos.eu\/lv\/wp-json\/wp\/v2\/types\/product"}],"wp:featuredmedia":[{"embeddable":true,"href":"https:\/\/moskos.eu\/lv\/wp-json\/wp\/v2\/media\/50939"}],"wp:attachment":[{"href":"https:\/\/moskos.eu\/lv\/wp-json\/wp\/v2\/media?parent=50925"}],"wp:term":[{"taxonomy":"product_brand","embeddable":true,"href":"https:\/\/moskos.eu\/lv\/wp-json\/wp\/v2\/product_brand?post=50925"},{"taxonomy":"product_cat","embeddable":true,"href":"https:\/\/moskos.eu\/lv\/wp-json\/wp\/v2\/product_cat?post=50925"},{"taxonomy":"product_tag","embeddable":true,"href":"https:\/\/moskos.eu\/lv\/wp-json\/wp\/v2\/product_tag?post=50925"}],"curies":[{"name":"wp","href":"https:\/\/api.w.org\/{rel}","templated":true}]}}