{"id":51041,"date":"2024-11-27T23:49:03","date_gmt":"2024-11-27T21:49:03","guid":{"rendered":"https:\/\/moskos.eu\/produktas\/12-gab-paraugu-komplekts-edp\/"},"modified":"2026-04-02T22:03:23","modified_gmt":"2026-04-02T19:03:23","slug":"12-gab-paraugu-komplekts-edp","status":"publish","type":"product","link":"https:\/\/moskos.eu\/lv\/produkts\/12-gab-paraugu-komplekts-edp\/","title":{"rendered":"12 gab. Paraugu komplekts (EDP)"},"content":{"rendered":"<p><span class=\"s5\">Ik dienu tava t\u0113la veido\u0161ana ir k\u0101 m\u0101kslas darbs \u2013 audekls, kur katrs triepiens var b\u016btiski main\u012bt kop\u0113jo noska\u0146u. Izv\u0113l\u0113t\u0101s smar\u017eas ir akcents t\u0113lam, kas var k\u013c\u016bt par j\u016bsu viz\u012btkarti, at\u0161\u0137ir\u012bgu iez\u012bmi, kas var apburt citus un pie\u0161\u0137irt jums liel\u0101ku pa\u0161apzi\u0146u. T\u0101tad, k\u0101du triepienu v\u0113laties \u0161odien: bag\u0101t\u012bgu, maigu, vieglu, intens\u012bvu, spilgtu vai varb\u016bt valdzino\u0161u? Lai atrastu sev piem\u0113rot\u0101ko, pas\u016bti m\u016bsu 12 paraugu komplektu un izv\u0113lies arom\u0101tus, kas tev vislab\u0101k piest\u0101v. <\/span><\/p>\n<p><span class=\"s5\">12 paraugu komplekts<\/span><span class=\"s5\"> st\u0101sta 12 da\u017e\u0101dus st\u0101stus. Da\u017ei <\/span>izstaro austrumniecisku noska\u0146u, citi \u2013 me\u017ea bag\u0101t\u012bbu, v\u0113l citi \u2013 agra r\u012bta svaigumu vai ziedu eleganci&#8230; Ieklausieties \u0161ajos st\u0101stos un izlemiet, kuri no tiem jums ir visviegl\u0101k pie\u0146emami.<\/p>\n","protected":false},"excerpt":{"rendered":"<p>Tilpums: 12 x 0,5ml<\/p>\n<p>Atkl\u0101jiet savu ide\u0101lo arom\u0101tu bez riska!<\/p>\n<p>12 unik\u0101li smar\u017eu paraugi \u013caus iepaz\u012bt da\u017e\u0101das arom\u0101tu harmonijas un atrast tie\u0161i to, kas pavad\u012bs j\u016bs ikdien\u0101.<\/p>\n<p><strong>Izm\u0113\u0123iniet<\/strong> augstas kvalit\u0101tes arom\u0101tus sav\u0101s m\u0101j\u0101s un izv\u0113lieties ar p\u0101rliec\u012bbu!<\/p>\n","protected":false},"featured_media":51053,"template":"","meta":{"_acf_changed":false,"_gspb_post_css":""},"product_brand":[],"product_cat":[122],"product_tag":[],"class_list":{"0":"post-51041","1":"product","2":"type-product","3":"status-publish","4":"has-post-thumbnail","6":"product_cat-testeriai","8":"first","9":"instock","10":"sale","11":"taxable","12":"shipping-taxable","13":"purchasable","14":"product-type-simple"},"supplier_id":null,"supplier_sku":"","barcode":null,"atum_controlled":true,"out_stock_date":null,"out_stock_threshold":null,"inheritable":false,"inbound_stock":0,"stock_on_hold":67,"sold_today":22,"sales_last_days":831,"reserved_stock":0,"customer_returns":0,"warehouse_damage":0,"lost_in_post":0,"other_logs":0,"out_stock_days":0,"lost_sales":0,"has_location":false,"update_date":"2026-04-04T08:34:15","atum_locations":[],"atum_stock_status":"instock","restock_status":true,"low_stock_amount":"","sales_update_date":"2026-04-04T08:34:15","calc_backorders":null,"acf":[],"_links":{"self":[{"href":"https:\/\/moskos.eu\/lv\/wp-json\/wp\/v2\/product\/51041","targetHints":{"allow":["GET"]}}],"collection":[{"href":"https:\/\/moskos.eu\/lv\/wp-json\/wp\/v2\/product"}],"about":[{"href":"https:\/\/moskos.eu\/lv\/wp-json\/wp\/v2\/types\/product"}],"wp:featuredmedia":[{"embeddable":true,"href":"https:\/\/moskos.eu\/lv\/wp-json\/wp\/v2\/media\/51053"}],"wp:attachment":[{"href":"https:\/\/moskos.eu\/lv\/wp-json\/wp\/v2\/media?parent=51041"}],"wp:term":[{"taxonomy":"product_brand","embeddable":true,"href":"https:\/\/moskos.eu\/lv\/wp-json\/wp\/v2\/product_brand?post=51041"},{"taxonomy":"product_cat","embeddable":true,"href":"https:\/\/moskos.eu\/lv\/wp-json\/wp\/v2\/product_cat?post=51041"},{"taxonomy":"product_tag","embeddable":true,"href":"https:\/\/moskos.eu\/lv\/wp-json\/wp\/v2\/product_tag?post=51041"}],"curies":[{"name":"wp","href":"https:\/\/api.w.org\/{rel}","templated":true}]}}