{"id":51142,"date":"2025-05-23T08:36:14","date_gmt":"2025-05-23T05:36:14","guid":{"rendered":"https:\/\/moskos.eu\/produktas\/viriesu-top-6-komplekts-edp\/"},"modified":"2026-03-24T23:50:09","modified_gmt":"2026-03-24T21:50:09","slug":"viriesu-top-6-komplekts-edp","status":"publish","type":"product","link":"https:\/\/moskos.eu\/lv\/produkts\/viriesu-top-6-komplekts-edp\/","title":{"rendered":"V\u012brie\u0161u TOP 6 komplekts (EDP)"},"content":{"rendered":"<p data-start=\"654\" data-end=\"827\">Sp\u0113ks. Raksturs. Stils. Labs arom\u0101ts \u2013 tas ir vair\u0101k nek\u0101 tikai pat\u012bkams iespaids. Tas ir kluss apliecin\u0101jums. T\u0101 ir neaizmirstama z\u012bme.<\/p>\n<p data-start=\"829\" data-end=\"1039\">\u0160\u012b Top 6 v\u012brie\u0161u arom\u0101tu kolekcija \u2013 tas ir r\u016bp\u012bgi atlas\u012bts se\u0161u sp\u0113c\u012bg\u0101ko arom\u0101tu kl\u0101sts, s\u0101kot no atsvaidzino\u0161iem r\u012bta to\u0146iem l\u012bdz pat koksnes dzi\u013cajai bag\u0101t\u012bbai. Rad\u012bta visiem, kas nebaid\u0101s atkl\u0101t kaut ko jaunu.<\/p>\n<p data-start=\"1041\" data-end=\"1164\">Atkl\u0101jiet arom\u0101tu, kas atbilst j\u016bsu ritmam, raksturam un br\u012bdim. Tas nav tikai arom\u0101ts. \u0160is ir j\u016bsu person\u012bgais kods.<\/p>\n","protected":false},"excerpt":{"rendered":"<p><strong>Tilpums: 6 x 2 ml <\/strong><\/p>\n<p>Atkl\u0101jiet savu ide\u0101lo arom\u0101tu bez riska!<\/p>\n<p>Izm\u0113\u0123iniet augstas kvalit\u0101tes arom\u0101tus sav\u0101s m\u0101j\u0101s un izv\u0113lieties ar p\u0101rliec\u012bbu!<\/p>\n<p data-pm-slice=\"1 1 []\">\u0160\u012b v\u012brie\u0161u Top 6 arom\u0101tu kolekcija ir se\u0161u visiecien\u012bt\u0101ko arom\u0101tu izlase. No atsvaidzino\u0161iem, ener\u0123iskiem to\u0146iem l\u012bdz bag\u0101t\u012bgiem koksnes akordiem \u2013 \u0161ie arom\u0101ti run\u0101 par pa\u0161apzi\u0146u, individualit\u0101ti un v\u012bri\u0161\u0137\u012bbu. \u0160is komplekts sast\u0101v no:<\/p>\n","protected":false},"featured_media":50034,"template":"","meta":{"_acf_changed":false,"_gspb_post_css":""},"product_brand":[],"product_cat":[122],"product_tag":[],"class_list":{"0":"post-51142","1":"product","2":"type-product","3":"status-publish","4":"has-post-thumbnail","6":"product_cat-testeriai","8":"first","9":"instock","10":"sale","11":"taxable","12":"shipping-taxable","13":"purchasable","14":"product-type-simple"},"supplier_id":null,"supplier_sku":"","barcode":null,"atum_controlled":true,"out_stock_date":"2025-12-09 01:59:55","out_stock_threshold":null,"inheritable":false,"inbound_stock":0,"stock_on_hold":0,"sold_today":0,"sales_last_days":5,"reserved_stock":0,"customer_returns":0,"warehouse_damage":null,"lost_in_post":null,"other_logs":null,"out_stock_days":115,"lost_sales":4435,"has_location":false,"update_date":"2026-04-04T00:02:29","atum_locations":[],"atum_stock_status":"instock","restock_status":false,"low_stock_amount":"","sales_update_date":"2026-04-04T00:02:29","calc_backorders":null,"acf":[],"_links":{"self":[{"href":"https:\/\/moskos.eu\/lv\/wp-json\/wp\/v2\/product\/51142","targetHints":{"allow":["GET"]}}],"collection":[{"href":"https:\/\/moskos.eu\/lv\/wp-json\/wp\/v2\/product"}],"about":[{"href":"https:\/\/moskos.eu\/lv\/wp-json\/wp\/v2\/types\/product"}],"wp:featuredmedia":[{"embeddable":true,"href":"https:\/\/moskos.eu\/lv\/wp-json\/wp\/v2\/media\/50034"}],"wp:attachment":[{"href":"https:\/\/moskos.eu\/lv\/wp-json\/wp\/v2\/media?parent=51142"}],"wp:term":[{"taxonomy":"product_brand","embeddable":true,"href":"https:\/\/moskos.eu\/lv\/wp-json\/wp\/v2\/product_brand?post=51142"},{"taxonomy":"product_cat","embeddable":true,"href":"https:\/\/moskos.eu\/lv\/wp-json\/wp\/v2\/product_cat?post=51142"},{"taxonomy":"product_tag","embeddable":true,"href":"https:\/\/moskos.eu\/lv\/wp-json\/wp\/v2\/product_tag?post=51142"}],"curies":[{"name":"wp","href":"https:\/\/api.w.org\/{rel}","templated":true}]}}