{"id":51239,"date":"2024-03-01T08:05:01","date_gmt":"2024-03-01T08:05:01","guid":{"rendered":"https:\/\/moskos.eu\/produktas\/floral-drop-lv\/"},"modified":"2026-03-24T23:52:52","modified_gmt":"2026-03-24T21:52:52","slug":"floral-drop-lv","status":"publish","type":"product","link":"https:\/\/moskos.eu\/lv\/produkts\/floral-drop-lv\/","title":{"rendered":"FLORAL DROP"},"content":{"rendered":"<p>&#8220;Floral Drop&#8221; nav tikai arom\u0101ts \u2013 tas ir svaigs un silts pavasaris stil\u012bg\u0101 smar\u017eu pudel\u012bt\u0113. Tas ir smalks piesk\u0101riens \u2013 elegants, viegls un aizraujo\u0161s. \u0160\u012b ir lieliska izv\u0113le tiem, kas mekl\u0113 smalku, bet neaizmirstamu smar\u017eu lieto\u0161anai ikdien\u0101.<\/p>\n<p><strong> Aug\u0161\u0113j\u0101s notis:<\/strong><br \/>\nCitrons, maijpu\u0137\u012bte, magnolija.<\/p>\n<p><strong> Vid\u0113j\u0101s notis:<\/strong><br \/>\nSalvija, pelargonja.<\/p>\n<p><strong> Pamatnotis:<\/strong><br \/>\nVetiv\u0113ra, sandalkoks, ciedrs un muskuss.<br \/>\nZa\u013cie citrusaug\u013ci, asi, pak\u0101peniski p\u0101rejo\u0161i uz ziedu arom\u0101tu. T\u0101pat atkl\u0101j\u0101s salvija, pelargonija. Svaigi un \u013coti izteikti za\u013cas.<\/p>\n<p><strong>Lieto\u0161ana:<\/strong> uzsmidziniet smar\u017eas uz pulsa punktiem (plaukstu loc\u012btav\u0101s, kakla, aiz auss). \u013baujiet arom\u0101tam sapl\u016bst ar j\u016bsu \u0101das dabisko smar\u017eu.<\/p>\n","protected":false},"excerpt":{"rendered":"<p><span data-sheets-root=\"1\">To zapach dla os\u00f3b doceniaj\u0105cych lekko\u015b\u0107, blisko\u015b\u0107 natury, naturalno\u015b\u0107 i subteln\u0105 elegancj\u0119. To doskona\u0142y wyb\u00f3r dla os\u00f3b, kt\u00f3re szukaj\u0105 zapachu, kt\u00f3ry uzupe\u0142nia, a nie przyt\u0142acza, a tak\u017ce dla tych, kt\u00f3rzy ceni\u0105 wiosenn\u0105 \u015bwie\u017co\u015b\u0107 i delikatno\u015b\u0107.<\/span><\/p>\n<p><strong>Tilpums:<\/strong> 30ml &#8211; 50ml<\/p>\n","protected":false},"featured_media":51250,"template":"","meta":{"_acf_changed":false,"_gspb_post_css":""},"product_brand":[],"product_cat":[105],"product_tag":[],"class_list":{"0":"post-51239","1":"product","2":"type-product","3":"status-publish","4":"has-post-thumbnail","6":"product_cat-unisex","8":"first","9":"instock","10":"sale","11":"taxable","12":"shipping-taxable","13":"purchasable","14":"product-type-variable"},"supplier_id":null,"supplier_sku":"","barcode":null,"atum_controlled":true,"out_stock_date":null,"out_stock_threshold":null,"inheritable":true,"inbound_stock":0,"stock_on_hold":0,"sold_today":0,"sales_last_days":7,"reserved_stock":0,"customer_returns":0,"warehouse_damage":0,"lost_in_post":null,"other_logs":0,"out_stock_days":0,"lost_sales":0,"has_location":false,"update_date":"2026-04-04T00:02:27","atum_locations":[],"atum_stock_status":"instock","restock_status":false,"low_stock_amount":"","sales_update_date":"2026-04-04T00:02:27","calc_backorders":null,"acf":[],"_links":{"self":[{"href":"https:\/\/moskos.eu\/lv\/wp-json\/wp\/v2\/product\/51239","targetHints":{"allow":["GET"]}}],"collection":[{"href":"https:\/\/moskos.eu\/lv\/wp-json\/wp\/v2\/product"}],"about":[{"href":"https:\/\/moskos.eu\/lv\/wp-json\/wp\/v2\/types\/product"}],"wp:featuredmedia":[{"embeddable":true,"href":"https:\/\/moskos.eu\/lv\/wp-json\/wp\/v2\/media\/51250"}],"wp:attachment":[{"href":"https:\/\/moskos.eu\/lv\/wp-json\/wp\/v2\/media?parent=51239"}],"wp:term":[{"taxonomy":"product_brand","embeddable":true,"href":"https:\/\/moskos.eu\/lv\/wp-json\/wp\/v2\/product_brand?post=51239"},{"taxonomy":"product_cat","embeddable":true,"href":"https:\/\/moskos.eu\/lv\/wp-json\/wp\/v2\/product_cat?post=51239"},{"taxonomy":"product_tag","embeddable":true,"href":"https:\/\/moskos.eu\/lv\/wp-json\/wp\/v2\/product_tag?post=51239"}],"curies":[{"name":"wp","href":"https:\/\/api.w.org\/{rel}","templated":true}]}}