{"id":51364,"date":"2024-11-27T20:26:40","date_gmt":"2024-11-27T20:26:40","guid":{"rendered":"https:\/\/moskos.eu\/produktas\/green-tea-lv\/"},"modified":"2026-03-24T23:52:45","modified_gmt":"2026-03-24T21:52:45","slug":"green-tea-lv","status":"publish","type":"product","link":"https:\/\/moskos.eu\/lv\/produkts\/green-tea-lv\/","title":{"rendered":"GREEN TEA"},"content":{"rendered":"<p><strong>Green Tea <\/strong>\u2013 daudz vair\u0101k nek\u0101 tikai arom\u0101ts&#8230; T\u0101 ir maiga, atsvaidzino\u0161a un nomierino\u0161a v\u0113sma Tas ir reibino\u0161s sapnis smalki elegant\u0101 smar\u017eu pudel\u012bt\u0113. Tas ir arom\u0101ts, kura dabiskums atbilst saules, za\u013cumu un ziedu gamm\u0101m&#8230;<\/p>\n<p><strong> Aug\u0161\u0113j\u0101s notis:<\/strong><br \/>\nBergamote, citrons.<\/p>\n<p><strong> Vid\u0113j\u0101s notis:<\/strong><br \/>\nJasm\u012bns, pipari.<\/p>\n<p><strong> Pamatnotis:<\/strong><br \/>\nBalzamkoks, mirte, muskuss, za\u013c\u0101 t\u0113ja, jasm\u012bns.<br \/>\nZa\u013c\u0101s t\u0113jas arom\u0101ts, att\u0101l\u0101k gar\u0161vielas un koksnes akcenti.<\/p>\n<p>Lieto\u0161ana: uzsmidziniet smar\u017eas uz pulsa punktiem (plaukstu loc\u012btav\u0101s, kakla, aiz auss). \u013baujiet arom\u0101tam sapl\u016bst ar j\u016bsu \u0101das dabisko smar\u017eu.<\/p>\n","protected":false},"excerpt":{"rendered":"<p><span data-sheets-root=\"1\">Tas ir arom\u0101ts, kas izstaro vieglumu, visaptvero\u0161u svaigumu un izsmalcin\u0101t\u012bbu. Arom\u0101ts raisa asoci\u0101cijas ar saulainu vasaras r\u012btu, kad atveram logu un ieelpojam dabas atrais\u012bto svaigumu. Arom\u0101ts nav salds vai smags, tam nav intens\u012bvu to\u0146u, ta\u010du tas apbur ar mieru un maigumu. Smalki sapl\u016bstot ar \u0101du, tas atkl\u0101j savas skaist\u0101k\u0101s notis, d\u0101vinot t\u0101 harmoniju un ilgsto\u0161u efektu visas dienas garum\u0101.<\/span><\/p>\n<p><strong>Tilpums:<\/strong> 30ml &#8211; 50ml<\/p>\n","protected":false},"featured_media":51376,"template":"","meta":{"_acf_changed":false,"_gspb_post_css":""},"product_brand":[],"product_cat":[105],"product_tag":[],"class_list":{"0":"post-51364","1":"product","2":"type-product","3":"status-publish","4":"has-post-thumbnail","6":"product_cat-unisex","8":"first","9":"instock","10":"sale","11":"taxable","12":"shipping-taxable","13":"purchasable","14":"product-type-variable"},"supplier_id":null,"supplier_sku":"","barcode":null,"atum_controlled":true,"out_stock_date":null,"out_stock_threshold":null,"inheritable":true,"inbound_stock":0,"stock_on_hold":1,"sold_today":0,"sales_last_days":7,"reserved_stock":0,"customer_returns":0,"warehouse_damage":0,"lost_in_post":0,"other_logs":0,"out_stock_days":0,"lost_sales":0,"has_location":false,"update_date":"2026-04-04T00:02:38","atum_locations":[],"atum_stock_status":"instock","restock_status":false,"low_stock_amount":"","sales_update_date":"2026-04-04T00:02:36","calc_backorders":null,"acf":[],"_links":{"self":[{"href":"https:\/\/moskos.eu\/lv\/wp-json\/wp\/v2\/product\/51364","targetHints":{"allow":["GET"]}}],"collection":[{"href":"https:\/\/moskos.eu\/lv\/wp-json\/wp\/v2\/product"}],"about":[{"href":"https:\/\/moskos.eu\/lv\/wp-json\/wp\/v2\/types\/product"}],"wp:featuredmedia":[{"embeddable":true,"href":"https:\/\/moskos.eu\/lv\/wp-json\/wp\/v2\/media\/51376"}],"wp:attachment":[{"href":"https:\/\/moskos.eu\/lv\/wp-json\/wp\/v2\/media?parent=51364"}],"wp:term":[{"taxonomy":"product_brand","embeddable":true,"href":"https:\/\/moskos.eu\/lv\/wp-json\/wp\/v2\/product_brand?post=51364"},{"taxonomy":"product_cat","embeddable":true,"href":"https:\/\/moskos.eu\/lv\/wp-json\/wp\/v2\/product_cat?post=51364"},{"taxonomy":"product_tag","embeddable":true,"href":"https:\/\/moskos.eu\/lv\/wp-json\/wp\/v2\/product_tag?post=51364"}],"curies":[{"name":"wp","href":"https:\/\/api.w.org\/{rel}","templated":true}]}}