{"id":51526,"date":"2024-11-27T20:35:19","date_gmt":"2024-11-27T20:35:19","guid":{"rendered":"https:\/\/moskos.eu\/produktas\/oud\/"},"modified":"2026-03-24T23:51:13","modified_gmt":"2026-03-24T21:51:13","slug":"oud","status":"publish","type":"product","link":"https:\/\/moskos.eu\/lv\/produkts\/oud\/","title":{"rendered":"OUD"},"content":{"rendered":"<p><strong>\u201eOud\u201c <\/strong>nav tikai arom\u0101ts \u2013 t\u0101 ir neticami kr\u0101saina glezna, pilna ar maigiem un intens\u012bviem triepieniem, mieru un kaisles. \u013boti nosl\u0113pumains arom\u0101ts, kas perfekti apvieno gar\u0161vielu siltumu, ziedu grezn\u012bbu, aug\u013cu svaigumu un nosl\u0113dz \u0161o simfoniju ar spilgtu koka, sve\u0137u un gar\u0161vielu tango.<\/p>\n<p><strong> Aug\u0161\u0113j\u0101s notis:<\/strong><br \/>\nKardamons, apels\u012bns.<\/p>\n<p><strong> Vid\u0113j\u0101s notis:<\/strong><br \/>\nJasm\u012bns, roze.<\/p>\n<p><strong> Pamatnotis:<\/strong><br \/>\nAgarkoks (Oud), muskuss, vani\u013ca, safr\u0101ns, pa\u010d\u016blija.<br \/>\nDabisks agarkoka arom\u0101ts ar apels\u012bna, vani\u013cas un safr\u0101na noti.<\/p>\n<p><strong>Lieto\u0161ana:<\/strong> uzsmidziniet smar\u017eas uz pulsa punktiem (plaukstu loc\u012btav\u0101s, kakla, aiz auss). \u013baujiet arom\u0101tam sapl\u016bst ar j\u016bsu \u0101das dabisko smar\u017eu.<\/p>\n","protected":false},"excerpt":{"rendered":"<p><span data-sheets-root=\"1\">\u0160is arom\u0101ts apvieno austrumniecisko grezn\u012bbu ar jutekliskumu un nosl\u0113pumu, savuk\u0101rt kra\u0161\u0146os pikantos to\u0146us papildina ziedu un aug\u013cu pavedieni. Ieelpojot &#8220;Oud&#8221; arom\u0101tu, radas saj\u016bta, it k\u0101 j\u016bs staig\u0101tu pa austrumu d\u0101rzu vai apskat\u012btu jauku gar\u0161augu d\u0101rzi\u0146u&#8230; \u0160is arom\u0101ts ir dzi\u013c\u0161 un bag\u0101t\u012bgs, valdzino\u0161s ar savu sp\u0113ku, kas apbur un saglab\u0101jas uz \u0101das visu dienu.<\/span><\/p>\n<p><strong>Tilpums:<\/strong> 30ml &#8211; 50ml<\/p>\n","protected":false},"featured_media":51536,"template":"","meta":{"_acf_changed":false,"_gspb_post_css":""},"product_brand":[],"product_cat":[105],"product_tag":[],"class_list":{"0":"post-51526","1":"product","2":"type-product","3":"status-publish","4":"has-post-thumbnail","6":"product_cat-unisex","8":"first","9":"instock","10":"sale","11":"taxable","12":"shipping-taxable","13":"purchasable","14":"product-type-variable"},"supplier_id":null,"supplier_sku":"","barcode":null,"atum_controlled":true,"out_stock_date":null,"out_stock_threshold":null,"inheritable":true,"inbound_stock":0,"stock_on_hold":2,"sold_today":0,"sales_last_days":6,"reserved_stock":0,"customer_returns":0,"warehouse_damage":0,"lost_in_post":0,"other_logs":0,"out_stock_days":0,"lost_sales":0,"has_location":false,"update_date":"2026-04-04T00:02:34","atum_locations":[],"atum_stock_status":"instock","restock_status":false,"low_stock_amount":"","sales_update_date":"2026-04-04T00:02:34","calc_backorders":null,"acf":[],"_links":{"self":[{"href":"https:\/\/moskos.eu\/lv\/wp-json\/wp\/v2\/product\/51526","targetHints":{"allow":["GET"]}}],"collection":[{"href":"https:\/\/moskos.eu\/lv\/wp-json\/wp\/v2\/product"}],"about":[{"href":"https:\/\/moskos.eu\/lv\/wp-json\/wp\/v2\/types\/product"}],"wp:featuredmedia":[{"embeddable":true,"href":"https:\/\/moskos.eu\/lv\/wp-json\/wp\/v2\/media\/51536"}],"wp:attachment":[{"href":"https:\/\/moskos.eu\/lv\/wp-json\/wp\/v2\/media?parent=51526"}],"wp:term":[{"taxonomy":"product_brand","embeddable":true,"href":"https:\/\/moskos.eu\/lv\/wp-json\/wp\/v2\/product_brand?post=51526"},{"taxonomy":"product_cat","embeddable":true,"href":"https:\/\/moskos.eu\/lv\/wp-json\/wp\/v2\/product_cat?post=51526"},{"taxonomy":"product_tag","embeddable":true,"href":"https:\/\/moskos.eu\/lv\/wp-json\/wp\/v2\/product_tag?post=51526"}],"curies":[{"name":"wp","href":"https:\/\/api.w.org\/{rel}","templated":true}]}}