{"id":51652,"date":"2024-11-27T20:36:56","date_gmt":"2024-11-27T20:36:56","guid":{"rendered":"https:\/\/moskos.eu\/produktas\/saffron-lv\/"},"modified":"2026-04-03T11:51:21","modified_gmt":"2026-04-03T08:51:21","slug":"saffron-lv","status":"publish","type":"product","link":"https:\/\/moskos.eu\/lv\/produkts\/saffron-lv\/","title":{"rendered":"SAFFRON"},"content":{"rendered":"<p>&#8220;Saffron&#8221; ir j\u016bsu ce\u013cojums, kas s\u0101kas zelta rudens r\u012btu aug\u013cu d\u0101rz\u0101, kur valda svaigums, saldums un safrana grezn\u012bba, turpin\u0101s iespaid\u012bg\u0101 ro\u017eu d\u0101rz\u0101 un beidzas me\u017e\u0101 kr\u0113slas stund\u0101, spo\u017e\u0101 saulrieta fon\u0101&#8230;<\/p>\n<p><strong> Aug\u0161\u0113j\u0101s notis<\/strong>:<br \/>\n\u0100bols, safr\u0101ns, aug\u013ci.<\/p>\n<p><strong> Vid\u0113j\u0101s notis:<\/strong><br \/>\nRoze, tonkas pupi\u0146as.<\/p>\n<p><strong> Pamatnotis:<\/strong><br \/>\nMuskuss, agarkoks (\u016bds), vani\u013ca.<br \/>\nGai\u0161s safr\u0101ns ar \u0101bola svaigumu.<\/p>\n<p>Lieto\u0161ana: uzsmidziniet smar\u017eas uz pulsa punktiem (plaukstu loc\u012btav\u0101s, kakla, aiz auss). \u013baujiet arom\u0101tam sapl\u016bst ar j\u016bsu \u0101das dabisko smar\u017eu.<\/p>\n","protected":false},"excerpt":{"rendered":"<p><span class=\"s5\">Tai kvapas, kuris <\/span><span class=\"s5\">apkabina, suvilioja ir nebepaleid\u017eia. O ar gali b\u016bti <\/span><span class=\"s5\"> kitaip, kai prabangusis \u0161afranas susijung<\/span><span class=\"s5\">i<\/span><span class=\"s5\">a<\/span><span class=\"s5\"> su vaisi\u0173 saldumu, g\u0117li\u0173 \u0161velnumu ir medienos gyliu.<\/span><span class=\"s5\"> \u012ekv\u0117pus \u0161i<\/span><span class=\"s5\">o<\/span> <span class=\"s5\">aromato nesunku pasijusti, tar<\/span><span class=\"s5\">si atsiduriate y<\/span><span class=\"s5\">p<\/span><span class=\"s5\">atingo gro\u017e<\/span><span class=\"s5\">io kambaryje, su aukso detal\u0117mis, <\/span><span class=\"s5\">\u017eengiat<\/span><span class=\"s5\">e nepaprast<\/span><span class=\"s5\">o<\/span><span class=\"s5\">mink\u0161tumo prab<\/span><span class=\"s5\">angiu kilimu, o jums aidi \u0161veln<\/span><span class=\"s5\">i<\/span><span class=\"s5\">ausi ir ty<\/span><span class=\"s5\">riausi muzikos akordai&#8230; \u201e<\/span><span class=\"s5\">Saffron<\/span><span class=\"s5\">\u201c subtiliai vilioja, \u017eadina jausmus ir meil\u0119 sau.<\/span><\/p>\n<p><strong>Tilpums:<\/strong> 30ml &#8211; 50ml<\/p>\n","protected":false},"featured_media":51663,"template":"","meta":{"_acf_changed":false,"_gspb_post_css":""},"product_brand":[],"product_cat":[105],"product_tag":[],"class_list":{"0":"post-51652","1":"product","2":"type-product","3":"status-publish","4":"has-post-thumbnail","6":"product_cat-unisex","8":"first","9":"instock","10":"sale","11":"taxable","12":"shipping-taxable","13":"purchasable","14":"product-type-variable"},"supplier_id":null,"supplier_sku":"","barcode":null,"atum_controlled":true,"out_stock_date":null,"out_stock_threshold":null,"inheritable":true,"inbound_stock":0,"stock_on_hold":1,"sold_today":0,"sales_last_days":22,"reserved_stock":0,"customer_returns":0,"warehouse_damage":0,"lost_in_post":0,"other_logs":0,"out_stock_days":0,"lost_sales":0,"has_location":false,"update_date":"2026-04-04T00:02:34","atum_locations":[],"atum_stock_status":"instock","restock_status":false,"low_stock_amount":"","sales_update_date":"2026-04-04T00:02:32","calc_backorders":null,"acf":[],"_links":{"self":[{"href":"https:\/\/moskos.eu\/lv\/wp-json\/wp\/v2\/product\/51652","targetHints":{"allow":["GET"]}}],"collection":[{"href":"https:\/\/moskos.eu\/lv\/wp-json\/wp\/v2\/product"}],"about":[{"href":"https:\/\/moskos.eu\/lv\/wp-json\/wp\/v2\/types\/product"}],"wp:featuredmedia":[{"embeddable":true,"href":"https:\/\/moskos.eu\/lv\/wp-json\/wp\/v2\/media\/51663"}],"wp:attachment":[{"href":"https:\/\/moskos.eu\/lv\/wp-json\/wp\/v2\/media?parent=51652"}],"wp:term":[{"taxonomy":"product_brand","embeddable":true,"href":"https:\/\/moskos.eu\/lv\/wp-json\/wp\/v2\/product_brand?post=51652"},{"taxonomy":"product_cat","embeddable":true,"href":"https:\/\/moskos.eu\/lv\/wp-json\/wp\/v2\/product_cat?post=51652"},{"taxonomy":"product_tag","embeddable":true,"href":"https:\/\/moskos.eu\/lv\/wp-json\/wp\/v2\/product_tag?post=51652"}],"curies":[{"name":"wp","href":"https:\/\/api.w.org\/{rel}","templated":true}]}}