{"id":49957,"date":"2024-03-01T15:14:14","date_gmt":"2024-03-01T13:14:14","guid":{"rendered":"https:\/\/moskos.eu\/polityka-prywatnosci-i-zakupow\/"},"modified":"2026-03-12T11:35:44","modified_gmt":"2026-03-12T09:35:44","slug":"polityka-prywatnosci-i-zakupow","status":"publish","type":"page","link":"https:\/\/moskos.eu\/pl\/polityka-prywatnosci-i-zakupow\/","title":{"rendered":"Polityka prywatno\u015bci i zakup\u00f3w"},"content":{"rendered":"\n<ol>\n<li>Niniejszy regulamin sprzeda\u017cy towar\u00f3w (zwany dalej \u201eRegulaminem\u201d), po jego zatwierdzeniu przez Kupuj\u0105cego (po zapoznaniu si\u0119 z Regulaminem i zaznaczeniu pola przy stwierdzeniu \u201eZapozna\u0142em si\u0119 z zasadami moskos.eu i akceptuj\u0119 je\u201d), stanowi\u0105 dla stron wi\u0105\u017c\u0105cy dokument prawny, w kt\u00f3rym okre\u015blono prawa i obowi\u0105zki Kupuj\u0105cego i Sprzedaj\u0105cego, warunki nabycia towar\u00f3w i zap\u0142aty za nie, procedur\u0119 dostawy i zwrotu towar\u00f3w, odpowiedzialno\u015b\u0107 stron oraz inne postanowienia zwi\u0105zane z zakupem i sprzeda\u017c\u0105 towar\u00f3w w sklepie internetowym moskos.eu.<\/li>\n<li>Sprzedawca zastrzega sobie prawo do zmiany, uzupe\u0142nienia lub poprawienia Regulaminu w dowolnym momencie, z uwzgl\u0119dnieniem wymog\u00f3w okre\u015blonych w przepisach prawa. O wszelkich zmianach, poprawkach lub uzupe\u0142nieniach zarejestrowany Kupuj\u0105cy zostanie poinformowany podczas logowania si\u0119 na stronie moskos.eu i, aby dokona\u0107 zakup\u00f3w w tym sklepie internetowym, b\u0119dzie musia\u0142 ponownie potwierdzi\u0107 zmieniony Regulamin. <\/li>\n<li>Sklep internetowy moskos.eu realizuje sprzeda\u017c na ca\u0142ym \u015bwiecie.<\/li>\n<li>W naszym sklepie internetowym mog\u0105 kupowa\u0107:\n<ul>\n<li>osoby fizyczne posiadaj\u0105ce pe\u0142n\u0105 zdolno\u015b\u0107 do czynno\u015bci prawnych, czyli pe\u0142noletnie, kt\u00f3rych prawa nie zosta\u0142y ograniczone przez s\u0105d;<\/li>\n<li>osoby niepe\u0142noletnie w wieku od 14 do 18 lat \u2013 wy\u0142\u0105cznie za zgod\u0105 rodzic\u00f3w lub opiekun\u00f3w, chyba \u017ce samodzielnie dysponuj\u0105 w\u0142asnymi \u015brodkami;<\/li>\n<li>osoby prawne;<\/li>\n<li>upowa\u017cnieni przedstawiciele wszystkich powy\u017cszych grup.<\/li>\n<\/ul>\n<\/li>\n<li>Kupuj\u0105cy, akceptuj\u0105c Regulamin, potwierdza, \u017ce zgadza si\u0119 z Regulaminem, zobowi\u0105zuje si\u0119 do jego przestrzegania i ma prawo do zakupu towar\u00f3w w sklepie internetowym moskos.eu.<\/li>\n<li>Znak towarowy MOSKOS i jego elementy wizualne s\u0105 opatentowane w Urz\u0119dzie Patentowym UE, dlatego ka\u017cde u\u017cycie znaku towarowego bez pisemnej zgody jest traktowane jako naruszenie prawa i podlega karze grzywny.<\/li>\n<li>W\u0142a\u015bcicielem sklepu internetowego moskos.eu jest firma MB MOSKOS (numer identyfikacyjny podmiotu prawnego 305999227). Sprzedawca szanuje prywatno\u015b\u0107 kupuj\u0105cych online (czyli os\u00f3b, kt\u00f3re kupi\u0142y co\u015b w sklepie internetowym moskos.eu) i wszystkich innych os\u00f3b zarejestrowanych na indywidualnym koncie moskos. eu (tj. niezale\u017cnie od tego, czy takie zarejestrowane osoby s\u0105 Kupuj\u0105cymi, czy nie) (zwanych dalej \u201ePodmiotami danych\u201d) oraz przetwarza dane osobowe przekazane przez Podmioty danych zgodnie z procedur\u0105 okre\u015blon\u0105 w przepisach prawnych. <\/li>\n<li>Sprzedawca przetwarza dane osobowe przekazane przez Podmioty danych w celu prowadzenia sprzeda\u017cy w sklepie internetowym moskos.eu. W tym celu Sprzedawca przetwarza nast\u0119puj\u0105ce dane podane przez osob\u0119, kt\u00f3rej dane dotycz\u0105: imi\u0119, nazwisko, adres e-mail, numer telefonu, adres dostawy towaru, dane dotycz\u0105ce p\u0142atno\u015bci za towar lub us\u0142ug\u0119 (spos\u00f3b p\u0142atno\u015bci itp.), histori\u0119 zakup\u00f3w. Je\u015bli zakupiony towar musi zosta\u0107 dostarczony do miejsca wskazanego przez Kupuj\u0105cego, wspomniane dane osobowe (lub ich cz\u0119\u015b\u0107) mog\u0105 zosta\u0107 przekazane odpowiednim firmom zajmuj\u0105cym si\u0119 dostaw\u0105 towar\u00f3w. Sprzedawca przetwarza dane osobowe podane przez Podmiot danych, o kt\u00f3rych mowa w niniejszym punkcie, przez 1 rok od momentu usuni\u0119cia konta Podmiotu danych w sklepie internetowym, a je\u015bli Podmiot danych dokona\u0142 zakupu towar\u00f3w bez rejestracji \u2013 przez 1 rok od ostatniego zakupu w sklepie internetowym (chyba \u017ce przepisy prawa wyra\u017anie przewiduj\u0105 inny termin).    <\/li>\n<li>Je\u017celi Podmiot danych wyrazi odr\u0119bn\u0105 zgod\u0119 (wybieraj\u0105c opcj\u0119 subskrypcji newsletter\u00f3w wysy\u0142anych przez Sprzedawc\u0119) \u2013 Sprzedawca mo\u017ce przetwarza\u0107 dane osobowe przekazane przez Podmiot danych w celach marketingowych (wysy\u0142anie newsletter\u00f3w). W tym celu Sprzedawca przetwarza nast\u0119puj\u0105ce dane podane przez Podmiot danych: imi\u0119, nazwisko, adres e-mail. Podmiot danych, kt\u00f3ry subskrybuje newslettery wysy\u0142ane przez Sprzedawc\u0119, mo\u017ce w ka\u017cdej chwili zalogowa\u0107 si\u0119 na swoje konto u\u017cytkownika i zrezygnowa\u0107 z otrzymywania newsletter\u00f3w lub skontaktowa\u0107 si\u0119 ze Sprzedawc\u0105 i poprosi\u0107 o zaprzestanie wysy\u0142ania newsletter\u00f3w \u2013 w takim przypadku Sprzedawca nie b\u0119dzie ju\u017c przetwarza\u0142 danych osobowych danego Podmiotu danych w celach marketingowych. Sprzedawca przetwarza dane osobowe podane przez Podmiot danych, o kt\u00f3rych mowa w niniejszym punkcie, przez okres 1 roku od momentu usuni\u0119cia konta Podmiotu danych w sklepie internetowym (chyba \u017ce przepisy prawa wyra\u017anie przewiduj\u0105 inny termin).    <\/li>\n<li>Podmioty danych mog\u0105 zwr\u00f3ci\u0107 si\u0119 na pi\u015bmie do Sprzedawcy w celu realizacji swoich praw przewidzianych w przepisach prawnych dotycz\u0105cych podmiot\u00f3w danych, mi\u0119dzy innymi:\n<ul>\n<li>prawo do informacji o przetwarzaniu swoich danych osobowych;<\/li>\n<li>prawo do dost\u0119pu do swoich danych osobowych oraz informacji, w jaki spos\u00f3b s\u0105 przetwarzane;<\/li>\n<li>prawo do \u017c\u0105dania korekty, usuni\u0119cia lub wstrzymania przetwarzania swoich danych osobowych, z wyj\u0105tkiem ich przechowywania, je\u015bli s\u0105 przetwarzane niezgodnie z przepisami;<\/li>\n<li>prawo do sprzeciwu wobec przetwarzania swoich danych osobowych.<\/li>\n<\/ul>\n<\/li>\n<li>Po otrzymaniu pisemnego, uzasadnionego i zrozumia\u0142ego wniosku od Podmiotu danych, Sprzedawca rozpatruje go i realizuje prawa Podmiotu danych nie p\u00f3\u017aniej ni\u017c w ci\u0105gu 10 dni roboczych od daty otrzymania wniosku od Podmiotu danych, z wyj\u0105tkiem przypadk\u00f3w okre\u015blonych przepisami prawa. Sprzedawca, odmawiaj\u0105c wykonania wniosku Podmiotu danych, przedstawia Podmiotowi danych szczeg\u00f3\u0142owe uzasadnienie takiej odmowy. <\/li>\n<\/ol>\n<p>P\u0142atno\u015bci w sklepie internetowym s\u0105 realizowane za po\u015brednictwem platformy <a class=\"c-link\" href=\"http:\/\/makecommerce.lt\/\" target=\"_blank\" rel=\"noopener noreferrer\" data-stringify-link=\"http:\/\/makecommerce.lt\" data-sk=\"tooltip_parent\">makecommerce.lt<\/a>, zarz\u0105dzanej przez Maksekeskus AS (Niine 11, Tallinn 10414, Estonia, nr rej.: 12268475). Dlatego Twoje dane osobowe niezb\u0119dne do sfinalizowania i potwierdzenia p\u0142atno\u015bci zostan\u0105 przekazane firmie Maksekeskus AS.<\/p>\n<p><strong>Wymiana informacji<\/strong><\/p>\n<ol start=\"12\">\n<li>Sprzedawca komunikuje si\u0119 z Kupuj\u0105cym, korzystaj\u0105c z adresu e-mail i numeru telefonu podanego w formularzu rejestracyjnym, a Kupuj\u0105cy mo\u017ce korzysta\u0107 ze wszystkich kana\u0142\u00f3w komunikacji wskazanych w sekcji \u201eKONTAKT\u201d na stronie internetowej sklepu <strong>moskos.eu.<\/strong> <\/li>\n<\/ol>\n<p><strong>Odpowiedzialno\u015b\u0107<\/strong><\/p>\n<ol start=\"13\">\n<li>Kupuj\u0105cy ponosi pe\u0142n\u0105 odpowiedzialno\u015b\u0107 za prawdziwo\u015b\u0107 danych podanych w formularzu rejestracyjnym. Je\u015bli Kupuj\u0105cy poda w formularzu rejestracyjnym nieprawdziwe dane, Sprzedaj\u0105cy nie ponosi odpowiedzialno\u015bci za wynikaj\u0105ce z tego konsekwencje i nabywa prawo do \u017c\u0105dania od Kupuj\u0105cego zwrotu poniesionych bezpo\u015brednich strat. <\/li>\n<li>Kupuj\u0105cy ponosi pe\u0142n\u0105 odpowiedzialno\u015b\u0107 za swoje dzia\u0142ania podj\u0119te po zarejestrowaniu si\u0119 w sklepie internetowym moskos.eu.\n<ul>\n<li>Kupuj\u0105cy jest odpowiedzialny za bezpiecze\u0144stwo swoich danych rejestracyjnych. Je\u017celi dane rejestracyjne s\u0105 wykorzystywane przez osob\u0119 trzeci\u0105, b\u0119dzie ona traktowana jako Kupuj\u0105cy. <\/li>\n<li>Sprzedawca jest zwolniony z wszelkiej odpowiedzialno\u015bci we wszystkich przypadkach, gdy straty wynikaj\u0105 z faktu, \u017ce Kupuj\u0105cy, nie uwzgl\u0119dniaj\u0105c zalece\u0144 Sprzedawcy i swoich zobowi\u0105za\u0144, nie zapozna\u0142 si\u0119 z niniejszym Regulaminem, mimo \u017ce mia\u0142 tak\u0105 mo\u017cliwo\u015b\u0107.<\/li>\n<li>W przypadku powstania szkody, strona odpowiedzialna zobowi\u0105zana jest pokry\u0107 bezpo\u015brednie straty drugiej strony.<\/li>\n<\/ul>\n<\/li>\n<\/ol>\n<p><strong>Narz\u0119dzia marketingowe stosowane przez Sprzedawc\u0119<\/strong><\/p>\n<ol start=\"15\">\n<li>Sprzedawca mo\u017ce przeprowadza\u0107 r\u00f3\u017cnego typu akcje promocyjne, w ka\u017cdej chwili zmienia\u0107 ich warunki lub zako\u0144czy\u0107 je wed\u0142ug w\u0142asnego uznania.<\/li>\n<\/ol>\n<h3>Metody p\u0142atno\u015bci<\/h3>\n<p>16. Przez bankowo\u015b\u0107 elektroniczn\u0105 z wykorzystaniem systemu makecommerce.net. To bezpieczny system bankowo\u015bci elektronicznej. Wybieraj\u0105c t\u0119 metod\u0119, nie musisz samodzielnie wykonywa\u0107 przelewu ani wype\u0142nia\u0107 p\u00f3l \u2013 wszystkim zajmie si\u0119 system. Potrzebujesz tylko umowy bankowo\u015bci internetowej z dowolnym bankiem litewskim i wystarczy post\u0119powa\u0107 wed\u0142ug wskaz\u00f3wek podczas sk\u0142adania zam\u00f3wienia. P\u0142atno\u015bci mo\u017cna dokonywa\u0107 za pomoc\u0105 us\u0142ug bankowo\u015bci elektronicznej Swedbank, SEB, Luminor, Citadele oraz \u0160iauli\u0173 bankas. P\u0142atno\u015bci s\u0105 mo\u017cliwe w walucie euro. P\u0142atno\u015bci obs\u0142uguje platforma<a class=\"c-link\" href=\"http:\/\/makecommerce.lt\/\" target=\"_blank\" rel=\"noopener noreferrer\" data-stringify-link=\"http:\/\/MakeCommerce.lt\" data-sk=\"tooltip_parent\"> MakeCommerce.lt.<\/a>      <\/p>\n<p>17. Przelew na konto bankowe. Wybieraj\u0105c ten spos\u00f3b p\u0142atno\u015bci, wy\u015blemy informacje o zam\u00f3wieniu na podany adres e-mail. P\u0142atno\u015bci mo\u017cna dokona\u0107 za po\u015brednictwem bankowo\u015bci elektronicznej lub w oddziale banku. W polu \u201eTytu\u0142 przelewu\u201d nale\u017cy koniecznie poda\u0107 numer identyfikacyjny zam\u00f3wienia, kt\u00f3ry prze\u015blemy e-mailem (np. numer identyfikacyjny zam\u00f3wienia 2022). Zam\u00f3wienie zostanie anulowane, je\u015bli nie zostanie op\u0142acone w ci\u0105gu 24 godzin od jego z\u0142o\u017cenia.    <\/p>\n<h4>Dane do p\u0142atno\u015bci:<\/h4>\n<p>Odbiorca: MB MOSKOS<br\/>Bank: AB Swedbank<br\/>Kod banku: 73000<br\/>Numer konta odbiorcy: LT727300010171055156<br\/>Tytu\u0142 przelewu: ID zam\u00f3wienia<br\/>Vat: LT100017732210 <\/p>\n<h5> <\/h5>\n<h5>*Informujemy, \u017ce przesy\u0142ka jest wysy\u0142ana po zaksi\u0119gowaniu p\u0142atno\u015bci.<\/h5>\n<h5> <\/h5>\n<h5>W razie pyta\u0144 prosimy o kontakt mailowy pod adresem <a href=\"mailto:info@moskos.eu\">info@moskos.eu<\/a> lub telefoniczny<\/h5>\n<h5>pod numerem <a href=\"tel:+37068728882\">+370 687 28882.<\/a><\/h5>\n","protected":false},"excerpt":{"rendered":"<p>Niniejszy regulamin sprzeda\u017cy towar\u00f3w (zwany dalej \u201eRegulaminem\u201d), po jego zatwierdzeniu przez Kupuj\u0105cego (po zapoznaniu si\u0119 z Regulaminem i zaznaczeniu pola przy stwierdzeniu \u201eZapozna\u0142em si\u0119 z zasadami moskos.eu i akceptuj\u0119 je\u201d), stanowi\u0105 dla stron wi\u0105\u017c\u0105cy dokument prawny, w kt\u00f3rym okre\u015blono prawa i obowi\u0105zki Kupuj\u0105cego i Sprzedaj\u0105cego, warunki nabycia towar\u00f3w i zap\u0142aty za nie, procedur\u0119 dostawy i [&hellip;]<\/p>\n","protected":false},"author":1,"featured_media":0,"parent":0,"menu_order":0,"comment_status":"closed","ping_status":"closed","template":"","meta":{"_acf_changed":false,"_gspb_post_css":"","footnotes":""},"class_list":["post-49957","page","type-page","status-publish","hentry"],"blocksy_meta":[],"acf":[],"_links":{"self":[{"href":"https:\/\/moskos.eu\/pl\/wp-json\/wp\/v2\/pages\/49957","targetHints":{"allow":["GET"]}}],"collection":[{"href":"https:\/\/moskos.eu\/pl\/wp-json\/wp\/v2\/pages"}],"about":[{"href":"https:\/\/moskos.eu\/pl\/wp-json\/wp\/v2\/types\/page"}],"author":[{"embeddable":true,"href":"https:\/\/moskos.eu\/pl\/wp-json\/wp\/v2\/users\/1"}],"replies":[{"embeddable":true,"href":"https:\/\/moskos.eu\/pl\/wp-json\/wp\/v2\/comments?post=49957"}],"version-history":[{"count":2,"href":"https:\/\/moskos.eu\/pl\/wp-json\/wp\/v2\/pages\/49957\/revisions"}],"predecessor-version":[{"id":50065,"href":"https:\/\/moskos.eu\/pl\/wp-json\/wp\/v2\/pages\/49957\/revisions\/50065"}],"wp:attachment":[{"href":"https:\/\/moskos.eu\/pl\/wp-json\/wp\/v2\/media?parent=49957"}],"curies":[{"name":"wp","href":"https:\/\/api.w.org\/{rel}","templated":true}]}}