{"id":50708,"date":"2025-11-02T15:40:31","date_gmt":"2025-11-02T13:40:31","guid":{"rendered":"https:\/\/moskos.eu\/produktas\/zestaw-dla-pary\/"},"modified":"2026-03-24T20:36:56","modified_gmt":"2026-03-24T18:36:56","slug":"zestaw-dla-pary","status":"publish","type":"product","link":"https:\/\/moskos.eu\/pl\/produkt\/zestaw-dla-pary\/","title":{"rendered":"ZESTAW DLA PAR (EDP) | 1+1"},"content":{"rendered":"","protected":false},"excerpt":{"rendered":"<p>Odkryj zapachy MosKo z partnerem.<br aria-hidden=\"true\" \/>Zam\u00f3w <b data-stringify-type=\"bold\">TOP6 zestaw\u00f3w dla kobiet i m\u0119\u017cczyzn \u2013 2 w cenie 1!<\/b><\/p>\n","protected":false},"featured_media":50721,"template":"","meta":{"_acf_changed":false,"_gspb_post_css":""},"product_brand":[],"product_cat":[97,96],"product_tag":[],"class_list":{"0":"post-50708","1":"product","2":"type-product","3":"status-publish","4":"has-post-thumbnail","6":"product_cat-prezent","7":"product_cat-testerzy","9":"first","10":"instock","11":"sale","12":"taxable","13":"shipping-taxable","14":"purchasable","15":"product-type-simple"},"supplier_id":null,"supplier_sku":"","barcode":null,"atum_controlled":true,"out_stock_date":null,"out_stock_threshold":null,"inheritable":false,"inbound_stock":0,"stock_on_hold":0,"sold_today":0,"sales_last_days":0,"reserved_stock":0,"customer_returns":0,"warehouse_damage":null,"lost_in_post":null,"other_logs":null,"out_stock_days":0,"lost_sales":0,"has_location":false,"update_date":"2026-04-04T00:02:29","atum_locations":[],"atum_stock_status":"instock","restock_status":false,"low_stock_amount":"","sales_update_date":"2026-04-04T00:02:29","calc_backorders":null,"acf":[],"_links":{"self":[{"href":"https:\/\/moskos.eu\/pl\/wp-json\/wp\/v2\/product\/50708","targetHints":{"allow":["GET"]}}],"collection":[{"href":"https:\/\/moskos.eu\/pl\/wp-json\/wp\/v2\/product"}],"about":[{"href":"https:\/\/moskos.eu\/pl\/wp-json\/wp\/v2\/types\/product"}],"wp:featuredmedia":[{"embeddable":true,"href":"https:\/\/moskos.eu\/pl\/wp-json\/wp\/v2\/media\/50721"}],"wp:attachment":[{"href":"https:\/\/moskos.eu\/pl\/wp-json\/wp\/v2\/media?parent=50708"}],"wp:term":[{"taxonomy":"product_brand","embeddable":true,"href":"https:\/\/moskos.eu\/pl\/wp-json\/wp\/v2\/product_brand?post=50708"},{"taxonomy":"product_cat","embeddable":true,"href":"https:\/\/moskos.eu\/pl\/wp-json\/wp\/v2\/product_cat?post=50708"},{"taxonomy":"product_tag","embeddable":true,"href":"https:\/\/moskos.eu\/pl\/wp-json\/wp\/v2\/product_tag?post=50708"}],"curies":[{"name":"wp","href":"https:\/\/api.w.org\/{rel}","templated":true}]}}