{"id":50801,"date":"2024-03-01T08:02:41","date_gmt":"2024-03-01T08:02:41","guid":{"rendered":"https:\/\/moskos.eu\/produktas\/citrus-space-pl\/"},"modified":"2026-03-24T21:04:51","modified_gmt":"2026-03-24T19:04:51","slug":"citrus-space-pl","status":"publish","type":"product","link":"https:\/\/moskos.eu\/pl\/produkt\/citrus-space-pl\/","title":{"rendered":"CITRUS SPACE"},"content":{"rendered":"<p>\u201eCitrus Space\u201d \u2013 wyj\u0105tkowy zapach, kt\u00f3ry wita Ci\u0119 \u015bwie\u017co\u015bci\u0105, a \u017cegna s\u0142odkimi, ciep\u0142ymi nutami drzewnymi. Zapach zostawia za sob\u0105 tajemniczy \u015blad, kt\u00f3ry przyci\u0105ga uwag\u0119 i pozwala delektowa\u0107 si\u0119 subtelnym, ale wyrazistym po\u0142\u0105czeniem \u015bwie\u017co\u015bci i wyrafinowanego luksusu.<\/p>\n<p><span lang=\"EN-GB\"><b>Nuty g\u0142owy:<\/b><\/span><br \/>\n<i>Cytryna, grejpfrut, bergamotka.<\/i><\/p>\n<p><span lang=\"EN-GB\"><b><i>Nuty serca:<\/i><\/b><\/span><br \/>\n<span lang=\"EN-GB\">Imbir, wetyweria, cedr.<\/span><\/p>\n<p><span lang=\"EN-GB\"><b><i>Nuty bazy:<\/i><\/b><\/span><br \/>\nDrzewo sanda\u0142owe, bursztyn.<br \/>\nOwoce cytrusowe z lekk\u0105 nut\u0105 drzewn\u0105 i odrobin\u0105 pikantno\u015bci. Nast\u0119pnie pojawiaj\u0105 si\u0119 akcenty imbiru, cedru i wetywerii. Charakteryzuje si\u0119 ozonowo\u015bci\u0105, morsk\u0105 \u015bwie\u017co\u015bci\u0105. Ca\u0142o\u015b\u0107 wie\u0144czy drzewo sanda\u0142owe.<\/p>\n<p>Spos\u00f3b u\u017cycia: rozpyl perfumy bezpo\u015brednio na sk\u00f3r\u0119 na punkty pulsu (nadgarstki, szyja, za uchem). Pozw\u00f3l aromatowi po\u0142\u0105czy\u0107 si\u0119 z naturalnym zapachem Twojej sk\u00f3ry.<\/p>\n","protected":false},"excerpt":{"rendered":"<p>To zapach, kt\u00f3ry mo\u017cna por\u00f3wna\u0107 do porannych promieni s\u0142o\u0144ca \u0142agodnie muskaj\u0105cych sk\u00f3r\u0119, wype\u0142niaj\u0105cych ca\u0142y dzie\u0144 \u015bwiat\u0142em, energi\u0105 i<span class=\"s5\"> pozytywnym nastrojem. Zapachy obejmuj\u0105 niezwykle szerok\u0105 gam\u0119: od cytrusowej \u015bwie\u017co\u015bci i subtelnej kwaskowato\u015bci po nut\u0119 przypraw i wreszcie solidno\u015b\u0107 drewna. <\/span>Perfumy te umiej\u0119tnie \u0142\u0105cz\u0105 elegancj\u0119, subteln\u0105 \u015bwie\u017co\u015b\u0107 i luksus.<\/p>\n<p><strong>Pojemno\u015b\u0107: <\/strong>30ml &#8211; 50ml<\/p>\n","protected":false},"featured_media":50808,"template":"","meta":{"_acf_changed":false,"_gspb_post_css":""},"product_brand":[],"product_cat":[104],"product_tag":[],"class_list":{"0":"post-50801","1":"product","2":"type-product","3":"status-publish","4":"has-post-thumbnail","6":"product_cat-unisex","8":"first","9":"instock","10":"sale","11":"taxable","12":"shipping-taxable","13":"purchasable","14":"product-type-variable"},"supplier_id":null,"supplier_sku":"","barcode":null,"atum_controlled":true,"out_stock_date":null,"out_stock_threshold":null,"inheritable":true,"inbound_stock":null,"stock_on_hold":1,"sold_today":0,"sales_last_days":0,"reserved_stock":null,"customer_returns":null,"warehouse_damage":null,"lost_in_post":null,"other_logs":null,"out_stock_days":0,"lost_sales":0,"has_location":false,"update_date":"2026-04-04T00:02:35","atum_locations":[],"atum_stock_status":"instock","restock_status":false,"low_stock_amount":"","sales_update_date":"2026-04-04T00:02:35","calc_backorders":null,"acf":[],"_links":{"self":[{"href":"https:\/\/moskos.eu\/pl\/wp-json\/wp\/v2\/product\/50801","targetHints":{"allow":["GET"]}}],"collection":[{"href":"https:\/\/moskos.eu\/pl\/wp-json\/wp\/v2\/product"}],"about":[{"href":"https:\/\/moskos.eu\/pl\/wp-json\/wp\/v2\/types\/product"}],"wp:featuredmedia":[{"embeddable":true,"href":"https:\/\/moskos.eu\/pl\/wp-json\/wp\/v2\/media\/50808"}],"wp:attachment":[{"href":"https:\/\/moskos.eu\/pl\/wp-json\/wp\/v2\/media?parent=50801"}],"wp:term":[{"taxonomy":"product_brand","embeddable":true,"href":"https:\/\/moskos.eu\/pl\/wp-json\/wp\/v2\/product_brand?post=50801"},{"taxonomy":"product_cat","embeddable":true,"href":"https:\/\/moskos.eu\/pl\/wp-json\/wp\/v2\/product_cat?post=50801"},{"taxonomy":"product_tag","embeddable":true,"href":"https:\/\/moskos.eu\/pl\/wp-json\/wp\/v2\/product_tag?post=50801"}],"curies":[{"name":"wp","href":"https:\/\/api.w.org\/{rel}","templated":true}]}}