{"id":50847,"date":"2024-03-01T08:06:34","date_gmt":"2024-03-01T08:06:34","guid":{"rendered":"https:\/\/moskos.eu\/produktas\/deep-forest\/"},"modified":"2026-03-24T21:04:46","modified_gmt":"2026-03-24T19:04:46","slug":"deep-forest","status":"publish","type":"product","link":"https:\/\/moskos.eu\/pl\/produkt\/deep-forest\/","title":{"rendered":"DEEP FOREST"},"content":{"rendered":"<p>\u201eDeep Forest\u201d to co\u015b wi\u0119cej ni\u017c tylko zapach \u2013 to zr\u00f3wnowa\u017cona kompozycja aromat\u00f3w cytrus\u00f3w, kwiat\u00f3w, zi\u00f3\u0142 i drewna, tworz\u0105ca zmys\u0142owe, luksusowe arcydzie\u0142o. Trwa\u0142y \u015blad perfum oscyluje od cytrusowej \u015bwie\u017co\u015bci przez elegancj\u0119 r\u00f3\u017c i sza\u0142wii, zwie\u0144czony wybornymi, drzewnymi akcentami.<\/p>\n<p>Nuty g\u0142owy:Czarna porzeczka, rozmaryn, bergamotka, pomara\u0144cza.<\/p>\n<p><strong>Nuty serca:<\/strong><br \/>\nR\u00f3\u017ca, sza\u0142wia.<\/p>\n<p>Nuty bazy:<br \/>\nDrzewo sanda\u0142owe, cedr, tonka, wanilia.<br \/>\nZielony, kwiatowy aromat z nut\u0105 pi\u017cma i odrobin\u0105 zio\u0142owej pikantno\u015bci. Potem pojawia si\u0119 pudrowa mi\u0119kko\u015b\u0107, s\u0142odycz oraz wanilia.<\/p>\n<p>Spos\u00f3b u\u017cycia: rozpyl perfumy bezpo\u015brednio na sk\u00f3r\u0119 na punkty pulsu (nadgarstki, szyja, za uchem). Pozw\u00f3l aromatowi po\u0142\u0105czy\u0107 si\u0119 z naturalnym zapachem Twojej sk\u00f3ry.<\/p>\n","protected":false},"excerpt":{"rendered":"<p>To zapach, w kt\u00f3rym \u015bwie\u017co\u015b\u0107 umiej\u0119tnie \u0142\u0105czy si\u0119 z ciep\u0142em korzennych i drzewnych nut, tworz\u0105c wyrazist\u0105, wyrafinowan\u0105<span class=\"s5\">symfoni\u0119 zapachow\u0105. Na tle ciep\u0142ych bazowych <\/span> nut stopniowo wy\u0142aniaj\u0105 si\u0119 aromaty kwiat\u00f3w i korzennych przypraw. Ju\u017c jeden oddech przeniesie Ci\u0119 do lasu pe\u0142nego zieleni, d\u017awi\u0119k\u00f3w i aromat\u00f3w \u2013 tu nie brakuje subtelno\u015bci i elegancji, a delikatna bryza niesie powiew drzewnej mi\u0119kko\u015bci i s\u0142odyczy wanilii.<\/p>\n<p><strong>Pojemno\u015b\u0107: <\/strong>30ml &#8211; 50ml<\/p>\n","protected":false},"featured_media":50857,"template":"","meta":{"_acf_changed":false,"_gspb_post_css":""},"product_brand":[],"product_cat":[108,104],"product_tag":[],"class_list":{"0":"post-50847","1":"product","2":"type-product","3":"status-publish","4":"has-post-thumbnail","6":"product_cat-coupon-test","7":"product_cat-unisex","9":"first","10":"instock","11":"sale","12":"taxable","13":"shipping-taxable","14":"purchasable","15":"product-type-variable"},"supplier_id":null,"supplier_sku":"","barcode":null,"atum_controlled":true,"out_stock_date":null,"out_stock_threshold":null,"inheritable":true,"inbound_stock":0,"stock_on_hold":0,"sold_today":0,"sales_last_days":1,"reserved_stock":0,"customer_returns":0,"warehouse_damage":0,"lost_in_post":null,"other_logs":0,"out_stock_days":0,"lost_sales":0,"has_location":false,"update_date":"2026-04-04T00:02:20","atum_locations":[],"atum_stock_status":"instock","restock_status":false,"low_stock_amount":"","sales_update_date":"2026-04-04T00:02:20","calc_backorders":null,"acf":[],"_links":{"self":[{"href":"https:\/\/moskos.eu\/pl\/wp-json\/wp\/v2\/product\/50847","targetHints":{"allow":["GET"]}}],"collection":[{"href":"https:\/\/moskos.eu\/pl\/wp-json\/wp\/v2\/product"}],"about":[{"href":"https:\/\/moskos.eu\/pl\/wp-json\/wp\/v2\/types\/product"}],"wp:featuredmedia":[{"embeddable":true,"href":"https:\/\/moskos.eu\/pl\/wp-json\/wp\/v2\/media\/50857"}],"wp:attachment":[{"href":"https:\/\/moskos.eu\/pl\/wp-json\/wp\/v2\/media?parent=50847"}],"wp:term":[{"taxonomy":"product_brand","embeddable":true,"href":"https:\/\/moskos.eu\/pl\/wp-json\/wp\/v2\/product_brand?post=50847"},{"taxonomy":"product_cat","embeddable":true,"href":"https:\/\/moskos.eu\/pl\/wp-json\/wp\/v2\/product_cat?post=50847"},{"taxonomy":"product_tag","embeddable":true,"href":"https:\/\/moskos.eu\/pl\/wp-json\/wp\/v2\/product_tag?post=50847"}],"curies":[{"name":"wp","href":"https:\/\/api.w.org\/{rel}","templated":true}]}}