{"id":50894,"date":"2024-03-01T08:15:56","date_gmt":"2024-03-01T08:15:56","guid":{"rendered":"https:\/\/moskos.eu\/produktas\/iron-rose-pl\/"},"modified":"2026-04-03T11:51:22","modified_gmt":"2026-04-03T08:51:22","slug":"iron-rose-pl","status":"publish","type":"product","link":"https:\/\/moskos.eu\/pl\/produkt\/iron-rose-pl\/","title":{"rendered":"IRON ROSE"},"content":{"rendered":"<p><strong>\u201eIron Rose\u201d<\/strong> to zapach, kt\u00f3ry opowiada histori\u0119. Jego sercem jest r\u00f3\u017ca rozkwitaj\u0105ca pe\u0142ni\u0105 pi\u0119kna, kusz\u0105ca niczym fili\u017canka porannej kawy i otoczona tajemnicz\u0105 aur\u0105, podkre\u015blon\u0105 drzewnymi i korzennymi nutami.<\/p>\n<p><strong>Nuty g\u0142owy:<\/strong><br \/>\nR\u00f3\u017ca, czarny pieprz.<\/p>\n<p><strong> Nuty serca:<\/strong><br \/>\nR\u00f3\u017ca, kawa.<\/p>\n<p><strong> Nuty bazy:<\/strong><br \/>\nPaczula, drzewo sanda\u0142owe, bursztyn.<br \/>\nCiep\u0142e drzewo sanda\u0142owe z subteln\u0105 nut\u0105 r\u00f3\u017cy, przywodz\u0105ce na my\u015bl zapach sk\u00f3ry. Subtelny, d\u0142ugo utrzymuj\u0105cy si\u0119 na sk\u00f3rze aromat.<\/p>\n<p><strong>Spos\u00f3b u\u017cycia:<\/strong> rozpyl perfumy bezpo\u015brednio na sk\u00f3r\u0119 na punkty pulsu (nadgarstki, szyja, za uchem). Pozw\u00f3l aromatowi po\u0142\u0105czy\u0107 si\u0119 z naturalnym zapachem Twojej sk\u00f3ry.<\/p>\n","protected":false},"excerpt":{"rendered":"<p><span data-sheets-root=\"1\">To zapach, kt\u00f3ry \u0142\u0105czy aksamitny charakter r\u00f3\u017cy z ciep\u0142em przypraw, wyrafinowaniem kawy i przytulno\u015bci\u0105 nut drzewnych. Subtelny, a zarazem wyrazisty aromat stanie si\u0119 wyrazem Twojej pewno\u015bci siebie i wyj\u0105tkowym dodatkiem zar\u00f3wno do codziennego, jak i eleganckiego stylu. Urzekaj\u0105ce swoj\u0105 intensywno\u015bci\u0105 i emocjonalno\u015bci\u0105 nuty zmuszaj\u0105 do odwr\u00f3cenia si\u0119, w poszukiwaniu ich \u017ar\u00f3d\u0142a, zniewalaj\u0105 i pozostawiaj\u0105 niezatarte wra\u017cenie. Do\u0142\u0105cz do tego niezwyk\u0142ego do\u015bwiadczenia!<\/span><\/p>\n<p><strong>Pojemno\u015b\u0107: <\/strong>30ml &#8211; 50ml<\/p>\n","protected":false},"featured_media":50902,"template":"","meta":{"_acf_changed":false,"_gspb_post_css":""},"product_brand":[],"product_cat":[108,104],"product_tag":[],"class_list":{"0":"post-50894","1":"product","2":"type-product","3":"status-publish","4":"has-post-thumbnail","6":"product_cat-coupon-test","7":"product_cat-unisex","9":"first","10":"instock","11":"sale","12":"taxable","13":"shipping-taxable","14":"purchasable","15":"product-type-variable"},"supplier_id":null,"supplier_sku":"","barcode":null,"atum_controlled":true,"out_stock_date":null,"out_stock_threshold":null,"inheritable":true,"inbound_stock":0,"stock_on_hold":2,"sold_today":0,"sales_last_days":0,"reserved_stock":0,"customer_returns":0,"warehouse_damage":0,"lost_in_post":0,"other_logs":0,"out_stock_days":0,"lost_sales":0,"has_location":false,"update_date":"2026-04-04T00:02:40","atum_locations":[],"atum_stock_status":"instock","restock_status":false,"low_stock_amount":"","sales_update_date":"2026-04-04T00:02:40","calc_backorders":null,"acf":[],"_links":{"self":[{"href":"https:\/\/moskos.eu\/pl\/wp-json\/wp\/v2\/product\/50894","targetHints":{"allow":["GET"]}}],"collection":[{"href":"https:\/\/moskos.eu\/pl\/wp-json\/wp\/v2\/product"}],"about":[{"href":"https:\/\/moskos.eu\/pl\/wp-json\/wp\/v2\/types\/product"}],"wp:featuredmedia":[{"embeddable":true,"href":"https:\/\/moskos.eu\/pl\/wp-json\/wp\/v2\/media\/50902"}],"wp:attachment":[{"href":"https:\/\/moskos.eu\/pl\/wp-json\/wp\/v2\/media?parent=50894"}],"wp:term":[{"taxonomy":"product_brand","embeddable":true,"href":"https:\/\/moskos.eu\/pl\/wp-json\/wp\/v2\/product_brand?post=50894"},{"taxonomy":"product_cat","embeddable":true,"href":"https:\/\/moskos.eu\/pl\/wp-json\/wp\/v2\/product_cat?post=50894"},{"taxonomy":"product_tag","embeddable":true,"href":"https:\/\/moskos.eu\/pl\/wp-json\/wp\/v2\/product_tag?post=50894"}],"curies":[{"name":"wp","href":"https:\/\/api.w.org\/{rel}","templated":true}]}}