{"id":50940,"date":"2024-03-01T08:18:24","date_gmt":"2024-03-01T08:18:24","guid":{"rendered":"https:\/\/moskos.eu\/produktas\/balsamic-wood-pl\/"},"modified":"2026-03-24T21:04:55","modified_gmt":"2026-03-24T19:04:55","slug":"balsamic-wood-pl","status":"publish","type":"product","link":"https:\/\/moskos.eu\/pl\/produkt\/balsamic-wood-pl\/","title":{"rendered":"BALSAMIC WOOD"},"content":{"rendered":"<p><strong>\u201eBalsamic Wood\u201d <\/strong>\u2013 zapach \u0142\u0105cz\u0105cy w sobie \u015bwie\u017co\u015b\u0107, pikantno\u015b\u0107 przypraw, osza\u0142amiaj\u0105cy aromat kwiat\u00f3w i subteln\u0105 s\u0142odycz wanilii. Takie po\u0142\u0105czenie nieuchronnie stanie si\u0119 wyrafinowan\u0105 kompozycj\u0105, kt\u00f3ra zwi\u0119kszy Twoj\u0105 pewno\u015b\u0107 siebie. To perfumy dla os\u00f3b ceni\u0105cych wolno\u015b\u0107 i subteln\u0105 elegancj\u0119!<\/p>\n<p><strong>Nuty g\u0142owy:<\/strong><br \/>\nBergamotka, kolendra.<\/p>\n<p><strong>Nuty serca:<\/strong><br \/>\nR\u00f3\u017ca, czarny pieprz.<\/p>\n<p><strong>Nuty bazy:<\/strong><br \/>\nPaczula, ambra, wanilia.<br \/>\nAromat paczuli i bursztynu, nuta wanilii oraz dalekie akcenty r\u00f3\u017cy. Drzewny, ciep\u0142y i korzenny.<\/p>\n<p>Spos\u00f3b u\u017cycia: rozpyl perfumy bezpo\u015brednio na sk\u00f3r\u0119 na punkty pulsu (nadgarstki, szyja, za uchem). Pozw\u00f3l aromatowi po\u0142\u0105czy\u0107 si\u0119 z naturalnym zapachem Twojej sk\u00f3ry.<\/p>\n","protected":false},"excerpt":{"rendered":"<p>To zapach, kt\u00f3ry mo\u017cna por\u00f3wna\u0107 do wczesnego poranka w g\u00f3rach \u2013 \u015bwie\u017cy, czysty i niezapomniany. A jego zako\u0144czenie jest zupe\u0142nie inne \u2013 spokojne i romantyczne, jakby przytulny wiecz\u00f3r przy tl\u0105cym si\u0119 ogniu. \u201eBalsamic Wood\u201d idealnie \u0142\u0105czy lekko\u015b\u0107 z g\u0142\u0119bi\u0105, wyraziste akcenty z tajemniczo\u015bci\u0105 oraz wyrafinowanie z delikatnym romantyzmem.<\/p>\n<p>To znacznie wi\u0119cej ni\u017c zapach \u2013 te perfumy b\u0119d\u0105 jak druga sk\u00f3ra, bez kt\u00f3rej nie wyobra\u017casz sobie udanego dnia.<\/p>\n<p><strong>Pojemno\u015b\u0107: <\/strong>30ml &#8211; 50ml<\/p>\n","protected":false},"featured_media":50954,"template":"","meta":{"_acf_changed":false,"_gspb_post_css":""},"product_brand":[],"product_cat":[108,104],"product_tag":[],"class_list":{"0":"post-50940","1":"product","2":"type-product","3":"status-publish","4":"has-post-thumbnail","6":"product_cat-coupon-test","7":"product_cat-unisex","9":"first","10":"instock","11":"sale","12":"taxable","13":"shipping-taxable","14":"purchasable","15":"product-type-variable"},"supplier_id":null,"supplier_sku":"","barcode":null,"atum_controlled":true,"out_stock_date":null,"out_stock_threshold":null,"inheritable":true,"inbound_stock":null,"stock_on_hold":0,"sold_today":0,"sales_last_days":3,"reserved_stock":null,"customer_returns":null,"warehouse_damage":null,"lost_in_post":null,"other_logs":null,"out_stock_days":0,"lost_sales":0,"has_location":false,"update_date":"2026-04-04T00:02:20","atum_locations":[],"atum_stock_status":"instock","restock_status":false,"low_stock_amount":"","sales_update_date":"2026-04-04T00:02:20","calc_backorders":null,"acf":[],"_links":{"self":[{"href":"https:\/\/moskos.eu\/pl\/wp-json\/wp\/v2\/product\/50940","targetHints":{"allow":["GET"]}}],"collection":[{"href":"https:\/\/moskos.eu\/pl\/wp-json\/wp\/v2\/product"}],"about":[{"href":"https:\/\/moskos.eu\/pl\/wp-json\/wp\/v2\/types\/product"}],"wp:featuredmedia":[{"embeddable":true,"href":"https:\/\/moskos.eu\/pl\/wp-json\/wp\/v2\/media\/50954"}],"wp:attachment":[{"href":"https:\/\/moskos.eu\/pl\/wp-json\/wp\/v2\/media?parent=50940"}],"wp:term":[{"taxonomy":"product_brand","embeddable":true,"href":"https:\/\/moskos.eu\/pl\/wp-json\/wp\/v2\/product_brand?post=50940"},{"taxonomy":"product_cat","embeddable":true,"href":"https:\/\/moskos.eu\/pl\/wp-json\/wp\/v2\/product_cat?post=50940"},{"taxonomy":"product_tag","embeddable":true,"href":"https:\/\/moskos.eu\/pl\/wp-json\/wp\/v2\/product_tag?post=50940"}],"curies":[{"name":"wp","href":"https:\/\/api.w.org\/{rel}","templated":true}]}}