{"id":51111,"date":"2025-03-16T22:09:03","date_gmt":"2025-03-16T20:09:03","guid":{"rendered":"https:\/\/moskos.eu\/produktas\/twoj-zestaw\/"},"modified":"2026-04-03T02:02:11","modified_gmt":"2026-04-02T23:02:11","slug":"twoj-zestaw-old","status":"publish","type":"product","link":"https:\/\/moskos.eu\/pl\/produkt\/twoj-zestaw-old\/","title":{"rendered":"Tw\u00f3j zestaw (EDP)"},"content":{"rendered":"<p>Ka\u017cdego dnia Tw\u00f3j wizerunek to prawdziwe dzie\u0142o sztuki \u2013 p\u0142\u00f3tno, gdzie ka\u017cdy szczeg\u00f3\u0142 mo\u017ce ca\u0142kowicie odmieni\u0107 efekt ko\u0144cowy. Wybrane perfumy s\u0105 akcentem Twojego stylu \u2013 mog\u0105 sta\u0107 si\u0119 Twoj\u0105 wizyt\u00f3wk\u0105, wyr\u00f3\u017cnikiem, kt\u00f3ry oczaruje innych i doda Ci jeszcze wi\u0119cej pewno\u015bci siebie. Jakiego akcentu pragniesz dzi\u015b? Chcesz postawi\u0107 na zapach wyrazisty, subtelny, lekki, intensywny, energetyczny, a mo\u017ce zmys\u0142owy? Aby wybra\u0107 zapach idealny dla siebie, zam\u00f3w nasz zestaw 12 pr\u00f3bek perfum i sprawd\u017a, kt\u00f3re aromaty najlepiej do Ciebie pasuj\u0105.<\/p>\n<p>Najwy\u017cszej jako\u015bci pr\u00f3bki perfum pozwol\u0105 Ci wygodnie i bez po\u015bpiechu do\u015bwiadczy\u0107 magii r\u00f3\u017cnych zapach\u00f3w w domu. Ciesz si\u0119 zapachem od delikatnych kwiat\u00f3w, przez luksusow\u0105 orientaln\u0105 egzotyk\u0119, po \u015bwie\u017ce cytrusy i bogactwo nut drzewnych. Odkryj aromat, kt\u00f3ry zas\u0142uguje na to, by towarzyszy\u0107 Ci ka\u017cdego dnia \u2013 wybieraj z rado\u015bci\u0105 i pewno\u015bci\u0105!<\/p>\n","protected":false},"excerpt":{"rendered":"<p>Pojemno\u015b\u0107: 6 x 2 ml<\/p>\n<p>Odkryj sw\u00f3j wymarzony zapach, tworz\u0105c w\u0142asny, unikalny zestaw 6 pr\u00f3bek \u2013 ka\u017cda z nich ma sw\u00f3j charakter, histori\u0119 i atmosfer\u0119. Poczuj egzotyczny powiew dalekiego wschodu, urzekaj\u0105c\u0105 tajemnic\u0119 lasu, rze\u015bko\u015b\u0107 wczesnego poranka czy eleganck\u0105 harmoni\u0119 kwiat\u00f3w i wybierz zapach, kt\u00f3ry najbardziej chcesz pozna\u0107.<\/p>\n<p><strong>\ud83d\udd25\ud83d\udd25\ud83d\udd25Stw\u00f3rz sw\u00f3j w\u0142asny zestaw\ud83d\udd25\ud83d\udd25\ud83d\udd25<\/strong><\/p>\n<p>Dodaj DO SWOJEGO ZESTAWU DOWOLNE 6 ZAPACH\u00d3W Z LISTY PONI\u017bEJ (mo\u017cesz wybra\u0107 tak\u017ce kilka takich samych)<\/p>\n<p>Po prostu zaznacz 6 wybranych zapach\u00f3w i kliknij \u201eDodaj do zestawu\u201d<\/p>\n","protected":false},"featured_media":51126,"template":"","meta":{"_acf_changed":false,"_gspb_post_css":""},"product_brand":[],"product_cat":[96],"product_tag":[],"class_list":{"0":"post-51111","1":"product","2":"type-product","3":"status-publish","4":"has-post-thumbnail","6":"product_cat-testerzy","8":"first","9":"instock","10":"sale","11":"taxable","12":"shipping-taxable","13":"purchasable","14":"product-type-yith_bundle"},"supplier_id":null,"supplier_sku":"","barcode":null,"atum_controlled":true,"out_stock_date":null,"out_stock_threshold":null,"inheritable":false,"inbound_stock":null,"stock_on_hold":0,"sold_today":0,"sales_last_days":3,"reserved_stock":null,"customer_returns":null,"warehouse_damage":null,"lost_in_post":null,"other_logs":null,"out_stock_days":0,"lost_sales":0,"has_location":false,"update_date":"2026-04-04T00:01:52","atum_locations":[],"atum_stock_status":"instock","restock_status":false,"low_stock_amount":"","sales_update_date":"2026-04-04T00:01:52","calc_backorders":null,"acf":[],"_links":{"self":[{"href":"https:\/\/moskos.eu\/pl\/wp-json\/wp\/v2\/product\/51111","targetHints":{"allow":["GET"]}}],"collection":[{"href":"https:\/\/moskos.eu\/pl\/wp-json\/wp\/v2\/product"}],"about":[{"href":"https:\/\/moskos.eu\/pl\/wp-json\/wp\/v2\/types\/product"}],"wp:featuredmedia":[{"embeddable":true,"href":"https:\/\/moskos.eu\/pl\/wp-json\/wp\/v2\/media\/51126"}],"wp:attachment":[{"href":"https:\/\/moskos.eu\/pl\/wp-json\/wp\/v2\/media?parent=51111"}],"wp:term":[{"taxonomy":"product_brand","embeddable":true,"href":"https:\/\/moskos.eu\/pl\/wp-json\/wp\/v2\/product_brand?post=51111"},{"taxonomy":"product_cat","embeddable":true,"href":"https:\/\/moskos.eu\/pl\/wp-json\/wp\/v2\/product_cat?post=51111"},{"taxonomy":"product_tag","embeddable":true,"href":"https:\/\/moskos.eu\/pl\/wp-json\/wp\/v2\/product_tag?post=51111"}],"curies":[{"name":"wp","href":"https:\/\/api.w.org\/{rel}","templated":true}]}}