{"id":51155,"date":"2025-05-23T08:36:14","date_gmt":"2025-05-23T05:36:14","guid":{"rendered":"https:\/\/moskos.eu\/produktas\/zestaw-top-6-dla-mezczyzn\/"},"modified":"2026-03-24T20:36:31","modified_gmt":"2026-03-24T18:36:31","slug":"zestaw-top-6-dla-mezczyzn","status":"publish","type":"product","link":"https:\/\/moskos.eu\/pl\/produkt\/zestaw-top-6-dla-mezczyzn\/","title":{"rendered":"Zestaw TOP 6 dla m\u0119\u017cczyzn (EDP)"},"content":{"rendered":"<p data-start=\"654\" data-end=\"827\">Si\u0142a. Charakter. Styl. Dobry zapach to co\u015b wi\u0119cej ni\u017c tylko mi\u0142e wra\u017cenie. To cichy manifest. To zapach, kt\u00f3ry zapada w pami\u0119\u0107.<\/p>\n<p data-start=\"829\" data-end=\"1039\">Zestaw Top 6 m\u0119skich perfum to starannie przygotowana selekcja sze\u015bciu najintensywniejszych aromat\u00f3w \u2013 od \u015bwie\u017cych porannych nut po g\u0142\u0119bi\u0119 szlachetnego drewna. Stworzony dla wszystkich, kt\u00f3rzy nie boj\u0105 si\u0119 odkrywa\u0107 co\u015b nowego.<\/p>\n<p data-start=\"1041\" data-end=\"1164\">Odkryj zapach, kt\u00f3ry pasuje do Twojego tempa, Twojej osobowo\u015bci, Twojej obecnej chwili. To co\u015b wi\u0119cej ni\u017c zapach. To Tw\u00f3j indywidualny kod.<\/p>\n","protected":false},"excerpt":{"rendered":"<p><strong>Pojemno\u015b\u0107: 6 x 2 ml <\/strong><\/p>\n<p>Odkryj sw\u00f3j idealny zapach bez \u017cadnego ryzyka!<\/p>\n<p>Przetestuj wysokiej jako\u015bci zapachy w domowym zaciszu i wybieraj \u015bmia\u0142o!<\/p>\n<p data-pm-slice=\"1 1 []\">Zestaw Top 6 m\u0119skich aromat\u00f3w to sze\u015b\u0107 najpopularniejszych perfum w\u015br\u00f3d m\u0119\u017cczyzn. Od orze\u017awiaj\u0105cych, energetycznych nut po g\u0142\u0119bokie, drzewne akcenty \u2013 te zapachy wyra\u017caj\u0105 pewno\u015b\u0107 siebie, indywidualizm i m\u0119sko\u015b\u0107. W sk\u0142ad zestawu wchodz\u0105:<\/p>\n","protected":false},"featured_media":50053,"template":"","meta":{"_acf_changed":false,"_gspb_post_css":""},"product_brand":[],"product_cat":[96],"product_tag":[],"class_list":{"0":"post-51155","1":"product","2":"type-product","3":"status-publish","4":"has-post-thumbnail","6":"product_cat-testerzy","8":"first","9":"instock","10":"sale","11":"taxable","12":"shipping-taxable","13":"purchasable","14":"product-type-simple"},"supplier_id":null,"supplier_sku":"","barcode":null,"atum_controlled":true,"out_stock_date":"2025-12-09 01:59:55","out_stock_threshold":null,"inheritable":false,"inbound_stock":0,"stock_on_hold":0,"sold_today":0,"sales_last_days":5,"reserved_stock":0,"customer_returns":0,"warehouse_damage":null,"lost_in_post":null,"other_logs":null,"out_stock_days":115,"lost_sales":4435,"has_location":false,"update_date":"2026-04-04T00:02:29","atum_locations":[],"atum_stock_status":"instock","restock_status":false,"low_stock_amount":"","sales_update_date":"2026-04-04T00:02:29","calc_backorders":null,"acf":[],"_links":{"self":[{"href":"https:\/\/moskos.eu\/pl\/wp-json\/wp\/v2\/product\/51155","targetHints":{"allow":["GET"]}}],"collection":[{"href":"https:\/\/moskos.eu\/pl\/wp-json\/wp\/v2\/product"}],"about":[{"href":"https:\/\/moskos.eu\/pl\/wp-json\/wp\/v2\/types\/product"}],"wp:featuredmedia":[{"embeddable":true,"href":"https:\/\/moskos.eu\/pl\/wp-json\/wp\/v2\/media\/50053"}],"wp:attachment":[{"href":"https:\/\/moskos.eu\/pl\/wp-json\/wp\/v2\/media?parent=51155"}],"wp:term":[{"taxonomy":"product_brand","embeddable":true,"href":"https:\/\/moskos.eu\/pl\/wp-json\/wp\/v2\/product_brand?post=51155"},{"taxonomy":"product_cat","embeddable":true,"href":"https:\/\/moskos.eu\/pl\/wp-json\/wp\/v2\/product_cat?post=51155"},{"taxonomy":"product_tag","embeddable":true,"href":"https:\/\/moskos.eu\/pl\/wp-json\/wp\/v2\/product_tag?post=51155"}],"curies":[{"name":"wp","href":"https:\/\/api.w.org\/{rel}","templated":true}]}}