{"id":51194,"date":"2025-05-21T09:31:26","date_gmt":"2025-05-21T06:31:26","guid":{"rendered":"https:\/\/moskos.eu\/produktas\/zestaw-top-6-dla-kobiet\/"},"modified":"2026-03-24T20:36:16","modified_gmt":"2026-03-24T18:36:16","slug":"zestaw-top-6-dla-kobiet","status":"publish","type":"product","link":"https:\/\/moskos.eu\/pl\/produkt\/zestaw-top-6-dla-kobiet\/","title":{"rendered":"Zestaw TOP 6 dla kobiet (EDP)"},"content":{"rendered":"<p data-start=\"107\" data-end=\"296\">Tw\u00f3j styl to nie tylko to, co zak\u0142adasz. To nastr\u00f3j, energia, elegancja. Zapach staje si\u0119 Twoim niewidzialnym akcesorium \u2013 delikatnym, lecz pe\u0142nym mocy.<\/p>\n<p data-start=\"298\" data-end=\"543\">W tym zestawie Top 6 damskich aromat\u00f3w znajdziesz sze\u015b\u0107 wyj\u0105tkowych perfum, obejmuj\u0105cych pe\u0142n\u0105 gam\u0119 emocji: od subtelnej, kwiatowej \u015bwie\u017co\u015bci po wyraziste, orientalne ciep\u0142o. Ka\u017cdy z nich opowiada w\u0142asn\u0105 histori\u0119 \u2013 o pewno\u015bci siebie, uroku i kobieco\u015bci.<\/p>\n<p data-start=\"545\" data-end=\"647\">Wypr\u00f3buj je. Pozw\u00f3l im wtopi\u0107 si\u0119 w Tw\u00f3j dzie\u0144. I znajd\u017a ten, kt\u00f3ry przemawia za Ciebie.<\/p>\n","protected":false},"excerpt":{"rendered":"<p><strong>Pojemno\u015b\u0107: 6 x 2 ml <\/strong><\/p>\n<p>Odkryj sw\u00f3j idealny zapach bez \u017cadnego ryzyka!<\/p>\n<p>Przetestuj wysokiej jako\u015bci zapachy w domowym zaciszu i wybieraj \u015bmia\u0142o!<\/p>\n<p data-start=\"111\" data-end=\"418\">W zestawie TOP 6 perfum dla kobiet znajdziesz sze\u015b\u0107 wyj\u0105tkowych pr\u00f3bek, wyselekcjonowanych dla kobiet ceni\u0105cych elegancj\u0119, nastr\u00f3j i wyrazisto\u015b\u0107. Ka\u017cdy zapach wywo\u0142uje inne emocje \u2013 od subtelnej kwiatowej \u015bwie\u017co\u015bci po g\u0142\u0119bokie, orientalne ciep\u0142o.<\/p>\n<p data-start=\"420\" data-end=\"612\">To nie tylko perfumy \u2013 to opowie\u015bci o kobieco\u015bci, pewno\u015bci siebie i indywidualnym uroku. Ka\u017cdy z nich mo\u017ce sta\u0107 si\u0119 Twoim znakiem rozpoznawczym, akcentem codzienno\u015bci lub tajemniczym towarzyszem wieczoru.<\/p>\n","protected":false},"featured_media":50052,"template":"","meta":{"_acf_changed":false,"_gspb_post_css":""},"product_brand":[],"product_cat":[96],"product_tag":[],"class_list":{"0":"post-51194","1":"product","2":"type-product","3":"status-publish","4":"has-post-thumbnail","6":"product_cat-testerzy","8":"first","9":"instock","10":"sale","11":"taxable","12":"shipping-taxable","13":"purchasable","14":"product-type-simple"},"supplier_id":null,"supplier_sku":"","barcode":null,"atum_controlled":true,"out_stock_date":"2025-12-09 02:00:24","out_stock_threshold":null,"inheritable":false,"inbound_stock":0,"stock_on_hold":0,"sold_today":0,"sales_last_days":0,"reserved_stock":0,"customer_returns":0,"warehouse_damage":null,"lost_in_post":null,"other_logs":null,"out_stock_days":115,"lost_sales":0,"has_location":false,"update_date":"2026-04-04T00:01:41","atum_locations":[],"atum_stock_status":"instock","restock_status":false,"low_stock_amount":"","sales_update_date":"2026-04-04T00:01:41","calc_backorders":null,"acf":[],"_links":{"self":[{"href":"https:\/\/moskos.eu\/pl\/wp-json\/wp\/v2\/product\/51194","targetHints":{"allow":["GET"]}}],"collection":[{"href":"https:\/\/moskos.eu\/pl\/wp-json\/wp\/v2\/product"}],"about":[{"href":"https:\/\/moskos.eu\/pl\/wp-json\/wp\/v2\/types\/product"}],"wp:featuredmedia":[{"embeddable":true,"href":"https:\/\/moskos.eu\/pl\/wp-json\/wp\/v2\/media\/50052"}],"wp:attachment":[{"href":"https:\/\/moskos.eu\/pl\/wp-json\/wp\/v2\/media?parent=51194"}],"wp:term":[{"taxonomy":"product_brand","embeddable":true,"href":"https:\/\/moskos.eu\/pl\/wp-json\/wp\/v2\/product_brand?post=51194"},{"taxonomy":"product_cat","embeddable":true,"href":"https:\/\/moskos.eu\/pl\/wp-json\/wp\/v2\/product_cat?post=51194"},{"taxonomy":"product_tag","embeddable":true,"href":"https:\/\/moskos.eu\/pl\/wp-json\/wp\/v2\/product_tag?post=51194"}],"curies":[{"name":"wp","href":"https:\/\/api.w.org\/{rel}","templated":true}]}}