{"id":51256,"date":"2024-03-01T08:05:01","date_gmt":"2024-03-01T08:05:01","guid":{"rendered":"https:\/\/moskos.eu\/produktas\/floral-drop-pl\/"},"modified":"2026-03-24T21:04:32","modified_gmt":"2026-03-24T19:04:32","slug":"floral-drop-pl","status":"publish","type":"product","link":"https:\/\/moskos.eu\/pl\/produkt\/floral-drop-pl\/","title":{"rendered":"FLORAL DROP"},"content":{"rendered":"<p><strong>\u201eFloral Drop\u201d<\/strong> to nie tylko zapach \u2013 to \u015bwie\u017ca i ciep\u0142a wiosna zamkni\u0119ta w gustownym flakonie perfum. To delikatny dotyk: elegancki, wyj\u0105tkowo subtelny i poruszaj\u0105cy. To doskona\u0142y wyb\u00f3r dla os\u00f3b poszukuj\u0105cych subtelnego, ale niezapomnianego zapachu na co dzie\u0144.<\/p>\n<p><strong> Nuty g\u0142owy:<\/strong><br \/>\nCytryna, konwalia, magnolia.<\/p>\n<p><strong> Nuty serca:<\/strong><br \/>\nSza\u0142wia, pelargonia.<\/p>\n<p><strong> Nuty bazy:<\/strong><br \/>\nWetyweria, sanda\u0142owiec, cedr, pi\u017cmo.<br \/>\nZielono-cytrusowy, pikantny, stopniowo przechodz\u0105cy w kwiatowy aromat. Ujawniaj\u0105 si\u0119 r\u00f3wnie\u017c sza\u0142wia i pelargonia. \u015awie\u017cy i bardzo wyrazisty zielony akcent.<\/p>\n<p><strong>Spos\u00f3b u\u017cycia:<\/strong> rozpyl perfumy bezpo\u015brednio na sk\u00f3r\u0119 na punkty pulsu (nadgarstki, szyja, za uchem). Pozw\u00f3l aromatowi po\u0142\u0105czy\u0107 si\u0119 z naturalnym zapachem Twojej sk\u00f3ry.<\/p>\n","protected":false},"excerpt":{"rendered":"<p><span data-sheets-root=\"1\">To zapach dla os\u00f3b doceniaj\u0105cych lekko\u015b\u0107, blisko\u015b\u0107 natury, naturalno\u015b\u0107 i subteln\u0105 elegancj\u0119. To doskona\u0142y wyb\u00f3r dla os\u00f3b, kt\u00f3re szukaj\u0105 zapachu, kt\u00f3ry uzupe\u0142nia, a nie przyt\u0142acza, a tak\u017ce dla tych, kt\u00f3rzy ceni\u0105 wiosenn\u0105 \u015bwie\u017co\u015b\u0107 i delikatno\u015b\u0107.<\/span><\/p>\n<p><strong>Pojemno\u015b\u0107: <\/strong>30ml &#8211; 50ml<\/p>\n","protected":false},"featured_media":51267,"template":"","meta":{"_acf_changed":false,"_gspb_post_css":""},"product_brand":[],"product_cat":[104],"product_tag":[],"class_list":{"0":"post-51256","1":"product","2":"type-product","3":"status-publish","4":"has-post-thumbnail","6":"product_cat-unisex","8":"first","9":"instock","10":"sale","11":"taxable","12":"shipping-taxable","13":"purchasable","14":"product-type-variable"},"supplier_id":null,"supplier_sku":"","barcode":null,"atum_controlled":true,"out_stock_date":null,"out_stock_threshold":null,"inheritable":true,"inbound_stock":0,"stock_on_hold":0,"sold_today":0,"sales_last_days":7,"reserved_stock":0,"customer_returns":0,"warehouse_damage":0,"lost_in_post":null,"other_logs":0,"out_stock_days":0,"lost_sales":0,"has_location":false,"update_date":"2026-04-04T00:02:27","atum_locations":[],"atum_stock_status":"instock","restock_status":false,"low_stock_amount":"","sales_update_date":"2026-04-04T00:02:27","calc_backorders":null,"acf":[],"_links":{"self":[{"href":"https:\/\/moskos.eu\/pl\/wp-json\/wp\/v2\/product\/51256","targetHints":{"allow":["GET"]}}],"collection":[{"href":"https:\/\/moskos.eu\/pl\/wp-json\/wp\/v2\/product"}],"about":[{"href":"https:\/\/moskos.eu\/pl\/wp-json\/wp\/v2\/types\/product"}],"wp:featuredmedia":[{"embeddable":true,"href":"https:\/\/moskos.eu\/pl\/wp-json\/wp\/v2\/media\/51267"}],"wp:attachment":[{"href":"https:\/\/moskos.eu\/pl\/wp-json\/wp\/v2\/media?parent=51256"}],"wp:term":[{"taxonomy":"product_brand","embeddable":true,"href":"https:\/\/moskos.eu\/pl\/wp-json\/wp\/v2\/product_brand?post=51256"},{"taxonomy":"product_cat","embeddable":true,"href":"https:\/\/moskos.eu\/pl\/wp-json\/wp\/v2\/product_cat?post=51256"},{"taxonomy":"product_tag","embeddable":true,"href":"https:\/\/moskos.eu\/pl\/wp-json\/wp\/v2\/product_tag?post=51256"}],"curies":[{"name":"wp","href":"https:\/\/api.w.org\/{rel}","templated":true}]}}