{"id":51438,"date":"2024-11-27T20:31:08","date_gmt":"2024-11-27T20:31:08","guid":{"rendered":"https:\/\/moskos.eu\/produktas\/magnolia-pl\/"},"modified":"2026-03-29T22:25:19","modified_gmt":"2026-03-29T19:25:19","slug":"magnolia-pl","status":"publish","type":"product","link":"https:\/\/moskos.eu\/pl\/produkt\/magnolia-pl\/","title":{"rendered":"MAGNOLIA"},"content":{"rendered":"<p><strong>\u201eMagnolia\u201d<\/strong> to znacznie wi\u0119cej ni\u017c zapach \u2013 to uosobienie delikatno\u015bci, kobieco\u015bci i elegancji zamkni\u0119te w stylowym szklanym flakonie. Uwolnij ten zapach jednym psikni\u0119ciem, otul si\u0119 urzekaj\u0105cym aromatem i poczuj zmys\u0142owy dotyk perfum na sk\u00f3rze.<\/p>\n<p><strong> Nuty g\u0142owy:<\/strong><br \/>\nCytryna, malina, pomara\u0144cza.<\/p>\n<p><strong> Nuty serca:<\/strong><br \/>\nMagnolia, r\u00f3\u017ca.<\/p>\n<p><strong> Nuty bazy:<\/strong><br \/>\nPaczula, zwierz\u0119ce pi\u017cmo, wanilia.<br \/>\nS\u0142odka magnolia z malinami i bogactwem paczuli.<\/p>\n<p><strong>Spos\u00f3b u\u017cycia:<\/strong> rozpyl perfumy bezpo\u015brednio na sk\u00f3r\u0119 na punkty pulsu (nadgarstki, szyja, za uchem). Pozw\u00f3l aromatowi po\u0142\u0105czy\u0107 si\u0119 z naturalnym zapachem Twojej sk\u00f3ry.<\/p>\n","protected":false},"excerpt":{"rendered":"<p><span data-sheets-root=\"1\">To zapach, w kt\u00f3rym na tle zmys\u0142owego ciep\u0142a rozkwita romantyzm oraz elegancja cytrus\u00f3w i kwiat\u00f3w. Zapach \u201eMagnolia\u201d to kobiece marzenie w postaci perfum. Na damskiej sk\u00f3rze perfumy rozkwitn\u0105 najpi\u0119kniejszymi barwami, a paleta nut stworzy najwspanialsz\u0105 symfoni\u0119 zapach\u00f3w&#8230; Ten zapach zachwyca, nie pozostawia nikogo oboj\u0119tnym i zostawia niezapomniane wra\u017cenie.<\/span><\/p>\n<p><strong>Pojemno\u015b\u0107: <\/strong>30ml &#8211; 50ml<\/p>\n","protected":false},"featured_media":51448,"template":"","meta":{"_acf_changed":false,"_gspb_post_css":""},"product_brand":[],"product_cat":[104],"product_tag":[],"class_list":{"0":"post-51438","1":"product","2":"type-product","3":"status-publish","4":"has-post-thumbnail","6":"product_cat-unisex","8":"first","9":"instock","10":"sale","11":"taxable","12":"shipping-taxable","13":"purchasable","14":"product-type-variable"},"supplier_id":null,"supplier_sku":"","barcode":null,"atum_controlled":true,"out_stock_date":null,"out_stock_threshold":null,"inheritable":true,"inbound_stock":0,"stock_on_hold":0,"sold_today":0,"sales_last_days":8,"reserved_stock":0,"customer_returns":0,"warehouse_damage":0,"lost_in_post":0,"other_logs":0,"out_stock_days":0,"lost_sales":0,"has_location":false,"update_date":"2026-04-04T00:02:32","atum_locations":[],"atum_stock_status":"instock","restock_status":false,"low_stock_amount":"","sales_update_date":"2026-04-04T00:02:32","calc_backorders":null,"acf":[],"_links":{"self":[{"href":"https:\/\/moskos.eu\/pl\/wp-json\/wp\/v2\/product\/51438","targetHints":{"allow":["GET"]}}],"collection":[{"href":"https:\/\/moskos.eu\/pl\/wp-json\/wp\/v2\/product"}],"about":[{"href":"https:\/\/moskos.eu\/pl\/wp-json\/wp\/v2\/types\/product"}],"wp:featuredmedia":[{"embeddable":true,"href":"https:\/\/moskos.eu\/pl\/wp-json\/wp\/v2\/media\/51448"}],"wp:attachment":[{"href":"https:\/\/moskos.eu\/pl\/wp-json\/wp\/v2\/media?parent=51438"}],"wp:term":[{"taxonomy":"product_brand","embeddable":true,"href":"https:\/\/moskos.eu\/pl\/wp-json\/wp\/v2\/product_brand?post=51438"},{"taxonomy":"product_cat","embeddable":true,"href":"https:\/\/moskos.eu\/pl\/wp-json\/wp\/v2\/product_cat?post=51438"},{"taxonomy":"product_tag","embeddable":true,"href":"https:\/\/moskos.eu\/pl\/wp-json\/wp\/v2\/product_tag?post=51438"}],"curies":[{"name":"wp","href":"https:\/\/api.w.org\/{rel}","templated":true}]}}