{"id":51493,"date":"2024-11-27T20:33:08","date_gmt":"2024-11-27T20:33:08","guid":{"rendered":"https:\/\/moskos.eu\/produktas\/mimosa-pl\/"},"modified":"2026-03-24T21:02:50","modified_gmt":"2026-03-24T19:02:50","slug":"mimosa-pl","status":"publish","type":"product","link":"https:\/\/moskos.eu\/pl\/produkt\/mimosa-pl\/","title":{"rendered":"MIMOSA"},"content":{"rendered":"<p><strong>\u201eMimosa\u201d <\/strong>\u2013 hipnotyzuj\u0105cy luksus koniaku, kt\u00f3ry doskonale kontrastuje z kwiatow\u0105 delikatno\u015bci\u0105, a tajemniczo\u015bci dodaje subtelny woal dymu tytoniowego. Tak r\u00f3\u017cne nuty razem tworz\u0105 wyj\u0105tkow\u0105 aur\u0119, kt\u00f3r\u0105 nie spos\u00f3b nie zauwa\u017cy\u0107.<\/p>\n<p><strong>Nuty g\u0142owy:<\/strong><br \/>\nKoniak, liczi.<\/p>\n<p><strong> Nuty serca:<\/strong><br \/>\nFio\u0142ki, mimoza.<\/p>\n<p>Nuty bazy:<br \/>\nLabdanum, tyto\u0144, pi\u017cmo.<br \/>\nKompozycja z mimozy i fio\u0142ka z dodatkiem zwierz\u0119cego pi\u017cma.<\/p>\n<p>Spos\u00f3b u\u017cycia: rozpyl perfumy bezpo\u015brednio na sk\u00f3r\u0119 na punkty pulsu (nadgarstki, szyja, za uchem). Pozw\u00f3l aromatowi po\u0142\u0105czy\u0107 si\u0119 z naturalnym zapachem Twojej sk\u00f3ry.<\/p>\n","protected":false},"excerpt":{"rendered":"<p>To zapach przyci\u0105gaj\u0105cy zmys\u0142y wyrafinowan\u0105 elegancj\u0105, subteln\u0105 s\u0142odycz\u0105 i aksamitnymi kwiatowymi nutami.<span class=\"s5\">. \u201eMimosa\u201d balansuje na granicy kontrast\u00f3w \u2013 jest s\u0142odka, ale niezbyt lekka czy ci\u0119\u017cka, a jednocze\u015bnie luksusowa i solidna.<\/span>Zawarto\u015b\u0107 tego flakonika perfum przypomina orientalny ogr\u00f3d o wczesnym poranku, w kt\u00f3rym unosi si\u0119 tajemnica, kwiaty nadaj\u0105 mu delikatno\u015bci, a gdzie\u015b z daleka dobiega lekki taniec dymu tytoniowego&#8230;<\/p>\n<p><strong>Pojemno\u015b\u0107: <\/strong>30ml &#8211; 50ml<\/p>\n","protected":false},"featured_media":51505,"template":"","meta":{"_acf_changed":false,"_gspb_post_css":""},"product_brand":[],"product_cat":[104],"product_tag":[],"class_list":{"0":"post-51493","1":"product","2":"type-product","3":"status-publish","4":"has-post-thumbnail","6":"product_cat-unisex","8":"first","9":"instock","10":"sale","11":"taxable","12":"shipping-taxable","13":"purchasable","14":"product-type-variable"},"supplier_id":null,"supplier_sku":"","barcode":null,"atum_controlled":true,"out_stock_date":null,"out_stock_threshold":null,"inheritable":true,"inbound_stock":0,"stock_on_hold":1,"sold_today":0,"sales_last_days":0,"reserved_stock":0,"customer_returns":0,"warehouse_damage":0,"lost_in_post":0,"other_logs":0,"out_stock_days":0,"lost_sales":0,"has_location":false,"update_date":"2026-04-04T00:02:38","atum_locations":[],"atum_stock_status":"instock","restock_status":false,"low_stock_amount":"","sales_update_date":"2026-04-04T00:02:36","calc_backorders":null,"acf":[],"_links":{"self":[{"href":"https:\/\/moskos.eu\/pl\/wp-json\/wp\/v2\/product\/51493","targetHints":{"allow":["GET"]}}],"collection":[{"href":"https:\/\/moskos.eu\/pl\/wp-json\/wp\/v2\/product"}],"about":[{"href":"https:\/\/moskos.eu\/pl\/wp-json\/wp\/v2\/types\/product"}],"wp:featuredmedia":[{"embeddable":true,"href":"https:\/\/moskos.eu\/pl\/wp-json\/wp\/v2\/media\/51505"}],"wp:attachment":[{"href":"https:\/\/moskos.eu\/pl\/wp-json\/wp\/v2\/media?parent=51493"}],"wp:term":[{"taxonomy":"product_brand","embeddable":true,"href":"https:\/\/moskos.eu\/pl\/wp-json\/wp\/v2\/product_brand?post=51493"},{"taxonomy":"product_cat","embeddable":true,"href":"https:\/\/moskos.eu\/pl\/wp-json\/wp\/v2\/product_cat?post=51493"},{"taxonomy":"product_tag","embeddable":true,"href":"https:\/\/moskos.eu\/pl\/wp-json\/wp\/v2\/product_tag?post=51493"}],"curies":[{"name":"wp","href":"https:\/\/api.w.org\/{rel}","templated":true}]}}