{"id":51541,"date":"2024-11-27T20:35:19","date_gmt":"2024-11-27T20:35:19","guid":{"rendered":"https:\/\/moskos.eu\/produktas\/oud\/"},"modified":"2026-03-24T21:02:57","modified_gmt":"2026-03-24T19:02:57","slug":"oud","status":"publish","type":"product","link":"https:\/\/moskos.eu\/pl\/produkt\/oud\/","title":{"rendered":"OUD"},"content":{"rendered":"<p><strong>\u201eOud\u201d <\/strong>to nie tylko zapach \u2013 to niezwykle barwny obraz, pe\u0142en delikatnych i intensywnych poci\u0105gni\u0119\u0107 p\u0119dzla, spokoju i nami\u0119tno\u015bci. To bardzo tajemniczy aromat, kt\u00f3ry doskonale \u0142\u0105czy ciep\u0142o przypraw, luksus kwiatowych akcent\u00f3w, \u015bwie\u017co\u015b\u0107 owoc\u00f3w, a symfonii dope\u0142niaj\u0105 wyraziste nuty drewna, \u017cywicy i przypraw.<\/p>\n<p><strong> Nuty g\u0142owy:<\/strong><br \/>\nKardamon, pomara\u0144cza.<\/p>\n<p><strong> Nuty serca:<\/strong><br \/>\nJa\u015bmin, r\u00f3\u017ca.<\/p>\n<p><strong> Nuty bazy:<\/strong><br \/>\nDrzewo agarowe (oud), pi\u017cmo, wanilia, szafran, paczula.<br \/>\nNaturalny aromat drzewa agarowego z nut\u0105 pomara\u0144czy, wanilii i szafranu.<\/p>\n<p><strong>Spos\u00f3b u\u017cycia:<\/strong> rozpyl perfumy bezpo\u015brednio na sk\u00f3r\u0119 na punkty pulsu (nadgarstki, szyja, za uchem). Pozw\u00f3l aromatowi po\u0142\u0105czy\u0107 si\u0119 z naturalnym zapachem Twojej sk\u00f3ry.<\/p>\n","protected":false},"excerpt":{"rendered":"<p><span data-sheets-root=\"1\">To zapach, w kt\u00f3rym orientalny przepych splata si\u0119 ze zmys\u0142owo\u015bci\u0105 i tajemnic\u0105, a wyraziste nuty przypraw przeplataj\u0105 si\u0119 z subtelnymi akcentami kwiat\u00f3w i owoc\u00f3w. Wdychaj\u0105c \u201eOud\u201d poczujesz si\u0119 jak w orientalnym ogrodzie albo w ogr\u00f3dku pe\u0142nym aromatycznych zi\u00f3\u0142&#8230; To zapach niezwykle g\u0142\u0119boki, bogaty, przyci\u0105gaj\u0105cy swoj\u0105 moc\u0105, czaruj\u0105cy i utrzymuj\u0105cy si\u0119 na sk\u00f3rze przez ca\u0142y dzie\u0144.<\/span><\/p>\n<p><strong>Pojemno\u015b\u0107: <\/strong>30ml &#8211; 50ml<\/p>\n","protected":false},"featured_media":51551,"template":"","meta":{"_acf_changed":false,"_gspb_post_css":""},"product_brand":[],"product_cat":[104],"product_tag":[],"class_list":{"0":"post-51541","1":"product","2":"type-product","3":"status-publish","4":"has-post-thumbnail","6":"product_cat-unisex","8":"first","9":"instock","10":"sale","11":"taxable","12":"shipping-taxable","13":"purchasable","14":"product-type-variable"},"supplier_id":null,"supplier_sku":"","barcode":null,"atum_controlled":true,"out_stock_date":null,"out_stock_threshold":null,"inheritable":true,"inbound_stock":0,"stock_on_hold":2,"sold_today":0,"sales_last_days":6,"reserved_stock":0,"customer_returns":0,"warehouse_damage":0,"lost_in_post":0,"other_logs":0,"out_stock_days":0,"lost_sales":0,"has_location":false,"update_date":"2026-04-04T00:02:34","atum_locations":[],"atum_stock_status":"instock","restock_status":false,"low_stock_amount":"","sales_update_date":"2026-04-04T00:02:34","calc_backorders":null,"acf":[],"_links":{"self":[{"href":"https:\/\/moskos.eu\/pl\/wp-json\/wp\/v2\/product\/51541","targetHints":{"allow":["GET"]}}],"collection":[{"href":"https:\/\/moskos.eu\/pl\/wp-json\/wp\/v2\/product"}],"about":[{"href":"https:\/\/moskos.eu\/pl\/wp-json\/wp\/v2\/types\/product"}],"wp:featuredmedia":[{"embeddable":true,"href":"https:\/\/moskos.eu\/pl\/wp-json\/wp\/v2\/media\/51551"}],"wp:attachment":[{"href":"https:\/\/moskos.eu\/pl\/wp-json\/wp\/v2\/media?parent=51541"}],"wp:term":[{"taxonomy":"product_brand","embeddable":true,"href":"https:\/\/moskos.eu\/pl\/wp-json\/wp\/v2\/product_brand?post=51541"},{"taxonomy":"product_cat","embeddable":true,"href":"https:\/\/moskos.eu\/pl\/wp-json\/wp\/v2\/product_cat?post=51541"},{"taxonomy":"product_tag","embeddable":true,"href":"https:\/\/moskos.eu\/pl\/wp-json\/wp\/v2\/product_tag?post=51541"}],"curies":[{"name":"wp","href":"https:\/\/api.w.org\/{rel}","templated":true}]}}