{"id":51668,"date":"2024-11-27T20:36:56","date_gmt":"2024-11-27T20:36:56","guid":{"rendered":"https:\/\/moskos.eu\/produktas\/saffron-pl\/"},"modified":"2026-04-03T11:51:21","modified_gmt":"2026-04-03T08:51:21","slug":"saffron-pl","status":"publish","type":"product","link":"https:\/\/moskos.eu\/pl\/produkt\/saffron-pl\/","title":{"rendered":"SAFFRON"},"content":{"rendered":"<p>\u201eSaffron\u201d to Twoja podr\u00f3\u017c, kt\u00f3ra rozpoczyna si\u0119 w z\u0142ocisty jesienny poranek w sadzie owocowym, pachn\u0105cym \u015bwie\u017co\u015bci\u0105 i s\u0142odycz\u0105 oraz luksusem szafranu, przebiega przez imponuj\u0105cy ogr\u00f3d r\u00f3\u017cany i ko\u0144czy si\u0119 w zmierzchaj\u0105cym lesie, na tle promieniuj\u0105cego zachodu s\u0142o\u0144ca&#8230;<\/p>\n<p><strong> Nuty g\u0142owy:<\/strong><br \/>\nJab\u0142ko, szafran, owoce.<\/p>\n<p><strong> Nuty serca:<\/strong><br \/>\nR\u00f3\u017ca, tonka.<\/p>\n<p><strong> Nuty bazy:<\/strong><br \/>\nPi\u017cmo, drzewo agarowe (oud), wanilia.<br \/>\nJasny szafran z rze\u015bko\u015bci\u0105 jab\u0142ka.<\/p>\n<p>Spos\u00f3b u\u017cycia: rozpyl perfumy bezpo\u015brednio na sk\u00f3r\u0119 na punkty pulsu (nadgarstki, szyja, za uchem). Pozw\u00f3l aromatowi po\u0142\u0105czy\u0107 si\u0119 z naturalnym zapachem Twojej sk\u00f3ry.<\/p>\n","protected":false},"excerpt":{"rendered":"<p><span data-sheets-root=\"1\">Zapach, kt\u00f3ry otula ciep\u0142em, uwodzi i nie pozwala o sobie zapomnie\u0107. Tak dzieje si\u0119, gdy luksusowy szafran przeplata si\u0119 z owocow\u0105 s\u0142odycz\u0105, delikatno\u015bci\u0105 kwiat\u00f3w i g\u0142\u0119bi\u0105 drewna. Wdychaj\u0105c ten aromat, \u0142atwo poczu\u0107 si\u0119 jak w przepi\u0119knym wn\u0119trzu ze z\u0142oconymi detalami, krocz\u0105c po luksusowym, mi\u0119kkim dywanie, otulona najdelikatniejszymi akordami muzyki&#8230; \u201eSaffron\u201d subtelnie uwodzi, budzi uczucia i mi\u0142o\u015b\u0107 do siebie.<\/span><\/p>\n<p><strong>Pojemno\u015b\u0107: <\/strong>30ml &#8211; 50ml<\/p>\n","protected":false},"featured_media":51679,"template":"","meta":{"_acf_changed":false,"_gspb_post_css":""},"product_brand":[],"product_cat":[104],"product_tag":[],"class_list":{"0":"post-51668","1":"product","2":"type-product","3":"status-publish","4":"has-post-thumbnail","6":"product_cat-unisex","8":"first","9":"instock","10":"sale","11":"taxable","12":"shipping-taxable","13":"purchasable","14":"product-type-variable"},"supplier_id":null,"supplier_sku":"","barcode":null,"atum_controlled":true,"out_stock_date":null,"out_stock_threshold":null,"inheritable":true,"inbound_stock":0,"stock_on_hold":1,"sold_today":0,"sales_last_days":22,"reserved_stock":0,"customer_returns":0,"warehouse_damage":0,"lost_in_post":0,"other_logs":0,"out_stock_days":0,"lost_sales":0,"has_location":false,"update_date":"2026-04-04T00:02:34","atum_locations":[],"atum_stock_status":"instock","restock_status":false,"low_stock_amount":"","sales_update_date":"2026-04-04T00:02:32","calc_backorders":null,"acf":[],"_links":{"self":[{"href":"https:\/\/moskos.eu\/pl\/wp-json\/wp\/v2\/product\/51668","targetHints":{"allow":["GET"]}}],"collection":[{"href":"https:\/\/moskos.eu\/pl\/wp-json\/wp\/v2\/product"}],"about":[{"href":"https:\/\/moskos.eu\/pl\/wp-json\/wp\/v2\/types\/product"}],"wp:featuredmedia":[{"embeddable":true,"href":"https:\/\/moskos.eu\/pl\/wp-json\/wp\/v2\/media\/51679"}],"wp:attachment":[{"href":"https:\/\/moskos.eu\/pl\/wp-json\/wp\/v2\/media?parent=51668"}],"wp:term":[{"taxonomy":"product_brand","embeddable":true,"href":"https:\/\/moskos.eu\/pl\/wp-json\/wp\/v2\/product_brand?post=51668"},{"taxonomy":"product_cat","embeddable":true,"href":"https:\/\/moskos.eu\/pl\/wp-json\/wp\/v2\/product_cat?post=51668"},{"taxonomy":"product_tag","embeddable":true,"href":"https:\/\/moskos.eu\/pl\/wp-json\/wp\/v2\/product_tag?post=51668"}],"curies":[{"name":"wp","href":"https:\/\/api.w.org\/{rel}","templated":true}]}}